{"id":75,"date":"2020-01-27T08:29:32","date_gmt":"2020-01-27T08:29:32","guid":{"rendered":"https:\/\/demosites.io\/web-agency-gb\/?page_id=75"},"modified":"2026-02-16T09:58:24","modified_gmt":"2026-02-16T08:58:24","slug":"kontakt","status":"publish","type":"page","link":"https:\/\/nuvenio.de\/en\/kontakt\/","title":{"rendered":"Get In Touch"},"content":{"rendered":"<div class=\"wp-block-cover alignfull\" style=\"padding-right:var(--wp--preset--spacing--60);padding-left:var(--wp--preset--spacing--60);min-height:100vh;aspect-ratio:unset;\"><img data-opt-id=1728368749  fetchpriority=\"high\" decoding=\"async\" width=\"2560\" height=\"1439\" class=\"wp-block-cover__image-background wp-image-848\" alt=\"\" src=\"https:\/\/ml69d2jesubm.i.optimole.com\/w:auto\/h:auto\/q:mauto\/ig:avif\/https:\/\/nuvenio.de\/wp-content\/uploads\/2024\/02\/pexels-cottonbro-studio-4065137-scaled.jpg\" style=\"object-position:76% 22%\" data-object-fit=\"cover\" data-object-position=\"76% 22%\" srcset=\"https:\/\/ml69d2jesubm.i.optimole.com\/w:1920\/h:1079\/q:mauto\/ig:avif\/https:\/\/nuvenio.de\/wp-content\/uploads\/2024\/02\/pexels-cottonbro-studio-4065137-scaled.jpg 2560w, https:\/\/ml69d2jesubm.i.optimole.com\/w:300\/h:169\/q:mauto\/ig:avif\/https:\/\/nuvenio.de\/wp-content\/uploads\/2024\/02\/pexels-cottonbro-studio-4065137-scaled.jpg 300w, https:\/\/ml69d2jesubm.i.optimole.com\/w:1024\/h:576\/q:mauto\/ig:avif\/https:\/\/nuvenio.de\/wp-content\/uploads\/2024\/02\/pexels-cottonbro-studio-4065137-scaled.jpg 1024w, https:\/\/ml69d2jesubm.i.optimole.com\/w:768\/h:432\/q:mauto\/ig:avif\/https:\/\/nuvenio.de\/wp-content\/uploads\/2024\/02\/pexels-cottonbro-studio-4065137-scaled.jpg 768w, https:\/\/ml69d2jesubm.i.optimole.com\/w:1536\/h:864\/q:mauto\/ig:avif\/https:\/\/nuvenio.de\/wp-content\/uploads\/2024\/02\/pexels-cottonbro-studio-4065137-scaled.jpg 1536w, https:\/\/ml69d2jesubm.i.optimole.com\/w:1920\/h:1080\/q:mauto\/ig:avif\/https:\/\/nuvenio.de\/wp-content\/uploads\/2024\/02\/pexels-cottonbro-studio-4065137-scaled.jpg 2048w\" sizes=\"(max-width: 1200px) 100vw, 1200px\" \/><span aria-hidden=\"true\" class=\"wp-block-cover__background has-nv-dark-bg-background-color has-background-dim-60 has-background-dim\"><\/span><div class=\"wp-block-cover__inner-container is-layout-flow wp-block-cover-is-layout-flow\">\n<div style=\"height:30px\" aria-hidden=\"true\" class=\"wp-block-spacer\"><\/div>\n\n\n\n<h1 class=\"wp-block-heading has-text-align-left has-nv-text-dark-bg-color has-text-color\">Let's take off together!<\/h1>\n\n\n\n<div id=\"wp-block-themeisle-blocks-button-group-94a70ed7\" class=\"wp-block-themeisle-blocks-button-group wp-block-buttons align-full-desktop\">\n<div id=\"wp-block-themeisle-blocks-button-c8047d6e\" class=\"wp-block-themeisle-blocks-button wp-block-button\"><a href=\"mailto:info@nuvenio.de\" target=\"_self\" rel=\"noopener noreferrer\" class=\"wp-block-button__link\"><i class=\"fas fa-fw fa-mail-bulk margin-right\"><\/i><span>Email<\/span><\/a><\/div>\n\n\n\n<div id=\"wp-block-themeisle-blocks-button-1267acad\" class=\"wp-block-themeisle-blocks-button wp-block-button\"><a href=\"https:\/\/outlook.office.com\/bookwithme\/user\/d0f588c0e0a84e5699d392a4f2656d59@nuvenio.de?anonymous&amp;ep=plink\" target=\"_self\" rel=\"noopener noreferrer\" class=\"wp-block-button__link\"><i class=\"far fa-fw fa-calendar-alt margin-right\"><\/i><span>Termin<\/span><\/a><\/div>\n<\/div>\n\n\n\n<p><\/p>\n\n\n\n<p class=\"has-text-align-center has-nv-site-bg-color has-text-color has-link-color has-large-font-size wp-elements-038e8bcb00c4729a5d6c28e0d8c6b379\">Oder bequem \u00fcber unser Formular:<\/p>\n\n\n\n<div style=\"position: relative; height:80dvh; overflow:auto;\"> \n  <iframe \n    src=\"https:\/\/app.formbricks.com\/s\/cm989t19s0e5xqv01vidyk5a4\" \n    frameborder=\"0\" style=\"position: absolute; left:0; top:0; width:100%; height:100%; border:0;\">\n  <\/iframe>\n<\/div>\n<\/div><\/div>","protected":false},"excerpt":{"rendered":"","protected":false},"author":1,"featured_media":0,"parent":0,"menu_order":0,"comment_status":"closed","ping_status":"closed","template":"","meta":{"_acf_changed":false,"neve_meta_sidebar":"default","neve_meta_container":"","neve_meta_enable_content_width":"on","neve_meta_content_width":100,"neve_meta_title_alignment":"","neve_meta_author_avatar":"","neve_post_elements_order":"","neve_meta_disable_header":"","neve_meta_disable_footer":"","neve_meta_disable_title":"on","neve_meta_reading_time":"","_themeisle_gutenberg_block_has_review":false,"footnotes":""},"class_list":["post-75","page","type-page","status-publish","hentry"],"acf":{"sf_recordid":""},"yoast_head":"<!-- This site is optimized with the Yoast SEO plugin v27.4 - https:\/\/yoast.com\/product\/yoast-seo-wordpress\/ -->\n<title>Kontakt - nuvenio<\/title>\n<meta name=\"description\" content=\"Kontaktieren Sie nuvenio \u2013 Ihr Partner f\u00fcr erstklassige L\u00f6sungen. Haben Sie Fragen oder ben\u00f6tigen Sie weitere Informationen? Unser Team steht Ihnen gerne zur Verf\u00fcgung. Nutzen Sie unser Kontakt-Formular oder kontaktieren Sie uns direkt. Wir freuen uns darauf, von Ihnen zu h\u00f6ren und Ihnen weiterzuhelfen.\" \/>\n<meta name=\"robots\" content=\"index, follow, max-snippet:-1, max-image-preview:large, max-video-preview:-1\" \/>\n<link rel=\"canonical\" href=\"https:\/\/nuvenio.de\/en\/kontakt\/\" \/>\n<meta property=\"og:locale\" content=\"en_US\" \/>\n<meta property=\"og:type\" content=\"article\" \/>\n<meta property=\"og:title\" content=\"Kontakt - nuvenio\" \/>\n<meta property=\"og:description\" content=\"Kontaktieren Sie nuvenio \u2013 Ihr Partner f\u00fcr erstklassige L\u00f6sungen. Haben Sie Fragen oder ben\u00f6tigen Sie weitere Informationen? Unser Team steht Ihnen gerne zur Verf\u00fcgung. Nutzen Sie unser Kontakt-Formular oder kontaktieren Sie uns direkt. Wir freuen uns darauf, von Ihnen zu h\u00f6ren und Ihnen weiterzuhelfen.\" \/>\n<meta property=\"og:url\" content=\"https:\/\/nuvenio.de\/en\/kontakt\/\" \/>\n<meta property=\"og:site_name\" content=\"nuvenio\" \/>\n<meta property=\"article:modified_time\" content=\"2026-02-16T08:58:24+00:00\" \/>\n<meta property=\"og:image\" content=\"https:\/\/ml69d2jesubm.i.optimole.com\/w:auto\/h:auto\/q:mauto\/ig:avif\/https:\/\/nuvenio.de\/wp-content\/uploads\/2024\/02\/pexels-cottonbro-studio-4065137-scaled.jpg\" \/>\n\t<meta property=\"og:image:width\" content=\"2560\" \/>\n\t<meta property=\"og:image:height\" content=\"1439\" \/>\n\t<meta property=\"og:image:type\" content=\"image\/jpeg\" \/>\n<meta name=\"twitter:card\" content=\"summary_large_image\" \/>\n<meta name=\"twitter:label1\" content=\"Est. reading time\" \/>\n\t<meta name=\"twitter:data1\" content=\"1 minute\" \/>\n<script type=\"application\/ld+json\" class=\"yoast-schema-graph\">{\"@context\":\"https:\\\/\\\/schema.org\",\"@graph\":[{\"@type\":\"WebPage\",\"@id\":\"https:\\\/\\\/nuvenio.de\\\/kontakt\\\/\",\"url\":\"https:\\\/\\\/nuvenio.de\\\/kontakt\\\/\",\"name\":\"Kontakt - nuvenio\",\"isPartOf\":{\"@id\":\"https:\\\/\\\/nuvenio.de\\\/#website\"},\"primaryImageOfPage\":{\"@id\":\"https:\\\/\\\/nuvenio.de\\\/kontakt\\\/#primaryimage\"},\"image\":{\"@id\":\"https:\\\/\\\/nuvenio.de\\\/kontakt\\\/#primaryimage\"},\"thumbnailUrl\":\"https:\\/\\/nuvenio.de\\/wp-content\\/uploads\\/2024\\/02\\/pexels-cottonbro-studio-4065137-scaled.jpg\",\"datePublished\":\"2020-01-27T08:29:32+00:00\",\"dateModified\":\"2026-02-16T08:58:24+00:00\",\"description\":\"Kontaktieren Sie nuvenio \u2013 Ihr Partner f\u00fcr erstklassige L\u00f6sungen. Haben Sie Fragen oder ben\u00f6tigen Sie weitere Informationen? Unser Team steht Ihnen gerne zur Verf\u00fcgung. Nutzen Sie unser Kontakt-Formular oder kontaktieren Sie uns direkt. Wir freuen uns darauf, von Ihnen zu h\u00f6ren und Ihnen weiterzuhelfen.\",\"breadcrumb\":{\"@id\":\"https:\\\/\\\/nuvenio.de\\\/kontakt\\\/#breadcrumb\"},\"inLanguage\":\"en-US\",\"potentialAction\":[{\"@type\":\"ReadAction\",\"target\":[\"https:\\\/\\\/nuvenio.de\\\/kontakt\\\/\"]}]},{\"@type\":\"ImageObject\",\"inLanguage\":\"en-US\",\"@id\":\"https:\\\/\\\/nuvenio.de\\\/kontakt\\\/#primaryimage\",\"url\":\"https:\\/\\/nuvenio.de\\/wp-content\\/uploads\\/2024\\/02\\/pexels-cottonbro-studio-4065137-scaled.jpg\",\"contentUrl\":\"https:\\/\\/nuvenio.de\\/wp-content\\/uploads\\/2024\\/02\\/pexels-cottonbro-studio-4065137-scaled.jpg\"},{\"@type\":\"BreadcrumbList\",\"@id\":\"https:\\\/\\\/nuvenio.de\\\/kontakt\\\/#breadcrumb\",\"itemListElement\":[{\"@type\":\"ListItem\",\"position\":1,\"name\":\"Startseite\",\"item\":\"https:\\\/\\\/nuvenio.de\\\/\"},{\"@type\":\"ListItem\",\"position\":2,\"name\":\"Kontakt\"}]},{\"@type\":\"WebSite\",\"@id\":\"https:\\\/\\\/nuvenio.de\\\/#website\",\"url\":\"https:\\\/\\\/nuvenio.de\\\/\",\"name\":\"nuvenio\",\"description\":\"Salesforce Consulting\",\"publisher\":{\"@id\":\"https:\\\/\\\/nuvenio.de\\\/#organization\"},\"potentialAction\":[{\"@type\":\"SearchAction\",\"target\":{\"@type\":\"EntryPoint\",\"urlTemplate\":\"https:\\\/\\\/nuvenio.de\\\/?s={search_term_string}\"},\"query-input\":{\"@type\":\"PropertyValueSpecification\",\"valueRequired\":true,\"valueName\":\"search_term_string\"}}],\"inLanguage\":\"en-US\"},{\"@type\":\"Organization\",\"@id\":\"https:\\\/\\\/nuvenio.de\\\/#organization\",\"name\":\"nuvenio\",\"url\":\"https:\\\/\\\/nuvenio.de\\\/\",\"logo\":{\"@type\":\"ImageObject\",\"inLanguage\":\"en-US\",\"@id\":\"https:\\\/\\\/nuvenio.de\\\/#\\\/schema\\\/logo\\\/image\\\/\",\"url\":\"https:\\/\\/nuvenio.de\\/wp-content\\/uploads\\/2024\\/01\\/nunx-logo-02-e1706099563728.png\",\"contentUrl\":\"https:\\/\\/nuvenio.de\\/wp-content\\/uploads\\/2024\\/01\\/nunx-logo-02-e1706099563728.png\",\"width\":4000,\"height\":3459,\"caption\":\"nuvenio\"},\"image\":{\"@id\":\"https:\\\/\\\/nuvenio.de\\\/#\\\/schema\\\/logo\\\/image\\\/\"},\"sameAs\":[\"https:\\\/\\\/www.linkedin.com\\\/company\\\/nuvenio\\\/\"]}]}<\/script>\n<!-- \/ Yoast SEO plugin. -->","yoast_head_json":{"title":"Kontakt - nuvenio","description":"Kontaktieren Sie nuvenio \u2013 Ihr Partner f\u00fcr erstklassige L\u00f6sungen. Haben Sie Fragen oder ben\u00f6tigen Sie weitere Informationen? Unser Team steht Ihnen gerne zur Verf\u00fcgung. Nutzen Sie unser Kontakt-Formular oder kontaktieren Sie uns direkt. Wir freuen uns darauf, von Ihnen zu h\u00f6ren und Ihnen weiterzuhelfen.","robots":{"index":"index","follow":"follow","max-snippet":"max-snippet:-1","max-image-preview":"max-image-preview:large","max-video-preview":"max-video-preview:-1"},"canonical":"https:\/\/nuvenio.de\/en\/kontakt\/","og_locale":"en_US","og_type":"article","og_title":"Kontakt - nuvenio","og_description":"Kontaktieren Sie nuvenio \u2013 Ihr Partner f\u00fcr erstklassige L\u00f6sungen. Haben Sie Fragen oder ben\u00f6tigen Sie weitere Informationen? Unser Team steht Ihnen gerne zur Verf\u00fcgung. Nutzen Sie unser Kontakt-Formular oder kontaktieren Sie uns direkt. Wir freuen uns darauf, von Ihnen zu h\u00f6ren und Ihnen weiterzuhelfen.","og_url":"https:\/\/nuvenio.de\/en\/kontakt\/","og_site_name":"nuvenio","article_modified_time":"2026-02-16T08:58:24+00:00","og_image":[{"width":2560,"height":1439,"url":"https:\/\/ml69d2jesubm.i.optimole.com\/w:auto\/h:auto\/q:mauto\/ig:avif\/https:\/\/nuvenio.de\/wp-content\/uploads\/2024\/02\/pexels-cottonbro-studio-4065137-scaled.jpg","type":"image\/jpeg"}],"twitter_card":"summary_large_image","twitter_misc":{"Est. reading time":"1 minute"},"schema":{"@context":"https:\/\/schema.org","@graph":[{"@type":"WebPage","@id":"https:\/\/nuvenio.de\/kontakt\/","url":"https:\/\/nuvenio.de\/kontakt\/","name":"Kontakt - nuvenio","isPartOf":{"@id":"https:\/\/nuvenio.de\/#website"},"primaryImageOfPage":{"@id":"https:\/\/nuvenio.de\/kontakt\/#primaryimage"},"image":{"@id":"https:\/\/nuvenio.de\/kontakt\/#primaryimage"},"thumbnailUrl":"https:\/\/ml69d2jesubm.i.optimole.com\/w:auto\/h:auto\/q:mauto\/ig:avif\/https:\/\/nuvenio.de\/wp-content\/uploads\/2024\/02\/pexels-cottonbro-studio-4065137-scaled.jpg","datePublished":"2020-01-27T08:29:32+00:00","dateModified":"2026-02-16T08:58:24+00:00","description":"Kontaktieren Sie nuvenio \u2013 Ihr Partner f\u00fcr erstklassige L\u00f6sungen. Haben Sie Fragen oder ben\u00f6tigen Sie weitere Informationen? Unser Team steht Ihnen gerne zur Verf\u00fcgung. Nutzen Sie unser Kontakt-Formular oder kontaktieren Sie uns direkt. Wir freuen uns darauf, von Ihnen zu h\u00f6ren und Ihnen weiterzuhelfen.","breadcrumb":{"@id":"https:\/\/nuvenio.de\/kontakt\/#breadcrumb"},"inLanguage":"en-US","potentialAction":[{"@type":"ReadAction","target":["https:\/\/nuvenio.de\/kontakt\/"]}]},{"@type":"ImageObject","inLanguage":"en-US","@id":"https:\/\/nuvenio.de\/kontakt\/#primaryimage","url":"https:\/\/ml69d2jesubm.i.optimole.com\/w:auto\/h:auto\/q:mauto\/ig:avif\/https:\/\/nuvenio.de\/wp-content\/uploads\/2024\/02\/pexels-cottonbro-studio-4065137-scaled.jpg","contentUrl":"https:\/\/ml69d2jesubm.i.optimole.com\/w:auto\/h:auto\/q:mauto\/ig:avif\/https:\/\/nuvenio.de\/wp-content\/uploads\/2024\/02\/pexels-cottonbro-studio-4065137-scaled.jpg"},{"@type":"BreadcrumbList","@id":"https:\/\/nuvenio.de\/kontakt\/#breadcrumb","itemListElement":[{"@type":"ListItem","position":1,"name":"Startseite","item":"https:\/\/nuvenio.de\/"},{"@type":"ListItem","position":2,"name":"Kontakt"}]},{"@type":"WebSite","@id":"https:\/\/nuvenio.de\/#website","url":"https:\/\/nuvenio.de\/","name":"nuvenio","description":"Salesforce Consulting","publisher":{"@id":"https:\/\/nuvenio.de\/#organization"},"potentialAction":[{"@type":"SearchAction","target":{"@type":"EntryPoint","urlTemplate":"https:\/\/nuvenio.de\/?s={search_term_string}"},"query-input":{"@type":"PropertyValueSpecification","valueRequired":true,"valueName":"search_term_string"}}],"inLanguage":"en-US"},{"@type":"Organization","@id":"https:\/\/nuvenio.de\/#organization","name":"nuvenio","url":"https:\/\/nuvenio.de\/","logo":{"@type":"ImageObject","inLanguage":"en-US","@id":"https:\/\/nuvenio.de\/#\/schema\/logo\/image\/","url":"https:\/\/ml69d2jesubm.i.optimole.com\/w:auto\/h:auto\/q:mauto\/ig:avif\/https:\/\/nuvenio.de\/wp-content\/uploads\/2024\/01\/nunx-logo-02-e1706099563728.png","contentUrl":"https:\/\/ml69d2jesubm.i.optimole.com\/w:auto\/h:auto\/q:mauto\/ig:avif\/https:\/\/nuvenio.de\/wp-content\/uploads\/2024\/01\/nunx-logo-02-e1706099563728.png","width":4000,"height":3459,"caption":"nuvenio"},"image":{"@id":"https:\/\/nuvenio.de\/#\/schema\/logo\/image\/"},"sameAs":["https:\/\/www.linkedin.com\/company\/nuvenio\/"]}]}},"jetpack_sharing_enabled":true,"_links":{"self":[{"href":"https:\/\/nuvenio.de\/en\/wp-json\/wp\/v2\/pages\/75","targetHints":{"allow":["GET"]}}],"collection":[{"href":"https:\/\/nuvenio.de\/en\/wp-json\/wp\/v2\/pages"}],"about":[{"href":"https:\/\/nuvenio.de\/en\/wp-json\/wp\/v2\/types\/page"}],"author":[{"embeddable":true,"href":"https:\/\/nuvenio.de\/en\/wp-json\/wp\/v2\/users\/1"}],"replies":[{"embeddable":true,"href":"https:\/\/nuvenio.de\/en\/wp-json\/wp\/v2\/comments?post=75"}],"version-history":[{"count":29,"href":"https:\/\/nuvenio.de\/en\/wp-json\/wp\/v2\/pages\/75\/revisions"}],"predecessor-version":[{"id":1503,"href":"https:\/\/nuvenio.de\/en\/wp-json\/wp\/v2\/pages\/75\/revisions\/1503"}],"wp:attachment":[{"href":"https:\/\/nuvenio.de\/en\/wp-json\/wp\/v2\/media?parent=75"}],"curies":[{"name":"wp","href":"https:\/\/api.w.org\/{rel}","templated":true}]}}