{"id":538,"date":"2024-02-02T17:44:10","date_gmt":"2024-02-02T16:44:10","guid":{"rendered":"https:\/\/nuvenio.de\/?page_id=538"},"modified":"2024-10-09T16:39:15","modified_gmt":"2024-10-09T14:39:15","slug":"partner","status":"publish","type":"page","link":"https:\/\/nuvenio.de\/en\/partner\/","title":{"rendered":"Partners"},"content":{"rendered":"<div class=\"wp-block-cover alignfull\" style=\"min-height:100vh;aspect-ratio:unset;\"><span aria-hidden=\"true\" class=\"wp-block-cover__background has-neve-text-color-background-color has-background-dim-80 has-background-dim\"><\/span><img data-opt-id=702161053  fetchpriority=\"high\" decoding=\"async\" width=\"2560\" height=\"1708\" class=\"wp-block-cover__image-background wp-image-1022\" alt=\"\" src=\"https:\/\/ml69d2jesubm.i.optimole.com\/w:auto\/h:auto\/q:mauto\/ig:avif\/https:\/\/nuvenio.de\/wp-content\/uploads\/2024\/10\/pexels-fauxels-3183150-scaled.jpg\" data-object-fit=\"cover\" srcset=\"https:\/\/ml69d2jesubm.i.optimole.com\/w:1618\/h:1080\/q:mauto\/ig:avif\/https:\/\/nuvenio.de\/wp-content\/uploads\/2024\/10\/pexels-fauxels-3183150-scaled.jpg 2560w, https:\/\/ml69d2jesubm.i.optimole.com\/w:300\/h:200\/q:mauto\/ig:avif\/https:\/\/nuvenio.de\/wp-content\/uploads\/2024\/10\/pexels-fauxels-3183150-scaled.jpg 300w, https:\/\/ml69d2jesubm.i.optimole.com\/w:1024\/h:683\/q:mauto\/ig:avif\/https:\/\/nuvenio.de\/wp-content\/uploads\/2024\/10\/pexels-fauxels-3183150-scaled.jpg 1024w, https:\/\/ml69d2jesubm.i.optimole.com\/w:768\/h:513\/q:mauto\/ig:avif\/https:\/\/nuvenio.de\/wp-content\/uploads\/2024\/10\/pexels-fauxels-3183150-scaled.jpg 768w, https:\/\/ml69d2jesubm.i.optimole.com\/w:1536\/h:1025\/q:mauto\/ig:avif\/https:\/\/nuvenio.de\/wp-content\/uploads\/2024\/10\/pexels-fauxels-3183150-scaled.jpg 1536w, https:\/\/ml69d2jesubm.i.optimole.com\/w:1618\/h:1080\/q:mauto\/ig:avif\/https:\/\/nuvenio.de\/wp-content\/uploads\/2024\/10\/pexels-fauxels-3183150-scaled.jpg 2048w, https:\/\/ml69d2jesubm.i.optimole.com\/w:18\/h:12\/q:mauto\/ig:avif\/dpr:2\/https:\/\/nuvenio.de\/wp-content\/uploads\/2024\/10\/pexels-fauxels-3183150-scaled.jpg 18w, https:\/\/ml69d2jesubm.i.optimole.com\/w:930\/h:620\/q:mauto\/ig:avif\/https:\/\/nuvenio.de\/wp-content\/uploads\/2024\/10\/pexels-fauxels-3183150-scaled.jpg 930w\" sizes=\"(max-width: 1200px) 100vw, 1200px\" \/><div class=\"wp-block-cover__inner-container is-layout-constrained wp-block-cover-is-layout-constrained\">\n<p class=\"has-text-align-center has-nv-text-dark-bg-color has-text-color has-link-color has-medium-font-size wp-elements-17c32ad6b7c8eac2691544b01f1b16ab\">We rely on strong partners to find and implement the best possible solutions for your requirements.<\/p>\n\n\n\n<div id=\"wp-block-themeisle-blocks-advanced-columns-621c44f2\" class=\"wp-block-themeisle-blocks-advanced-columns has-2-columns has-desktop-oneTwo-layout has-tablet-equal-layout has-mobile-collapsedRows-layout has-vertical-unset\"><div class=\"wp-block-themeisle-blocks-advanced-columns-overlay\"><\/div><div class=\"innerblocks-wrap\">\n<div id=\"wp-block-themeisle-blocks-advanced-column-9f04d5f6\" class=\"wp-block-themeisle-blocks-advanced-column\"><div class=\"wp-block-image\">\n<figure class=\"aligncenter size-full is-resized\"><img data-opt-id=1042095460  fetchpriority=\"high\" decoding=\"async\" width=\"1022\" height=\"300\" src=\"https:\/\/ml69d2jesubm.i.optimole.com\/w:auto\/h:auto\/q:mauto\/ig:avif\/https:\/\/nuvenio.de\/wp-content\/uploads\/2024\/03\/Salesforce_Partner_Badge_Trnsp_Hrzntl_RGB.png\" alt=\"\" class=\"wp-image-921\" style=\"width:292px;height:auto\" srcset=\"https:\/\/ml69d2jesubm.i.optimole.com\/w:1022\/h:300\/q:mauto\/ig:avif\/https:\/\/nuvenio.de\/wp-content\/uploads\/2024\/03\/Salesforce_Partner_Badge_Trnsp_Hrzntl_RGB.png 1022w, https:\/\/ml69d2jesubm.i.optimole.com\/w:300\/h:88\/q:mauto\/ig:avif\/https:\/\/nuvenio.de\/wp-content\/uploads\/2024\/03\/Salesforce_Partner_Badge_Trnsp_Hrzntl_RGB.png 300w, https:\/\/ml69d2jesubm.i.optimole.com\/w:768\/h:225\/q:mauto\/ig:avif\/https:\/\/nuvenio.de\/wp-content\/uploads\/2024\/03\/Salesforce_Partner_Badge_Trnsp_Hrzntl_RGB.png 768w, https:\/\/ml69d2jesubm.i.optimole.com\/w:18\/h:5\/q:mauto\/ig:avif\/dpr:2\/https:\/\/nuvenio.de\/wp-content\/uploads\/2024\/03\/Salesforce_Partner_Badge_Trnsp_Hrzntl_RGB.png 18w\" sizes=\"(max-width: 1022px) 100vw, 1022px\" \/><\/figure>\n<\/div><\/div>\n\n\n\n<div id=\"wp-block-themeisle-blocks-advanced-column-43465ad0\" class=\"wp-block-themeisle-blocks-advanced-column\">\n<p class=\"has-text-align-left has-nv-site-bg-color has-text-color has-link-color wp-elements-d312fc666b6a523aea2ed4d33a211a34\">As an official <strong>Salesforce <\/strong>, we support you in all matters relating to the introduction and further development of Salesforce modules.<\/p>\n\n\n\n<ul class=\"wp-block-list\">\n<li>Sales Cloud (customer management, sales management, forecasting)<\/li>\n\n\n\n<li>Service Cloud &amp; Field Service (service automation, call centers, field service)<\/li>\n\n\n\n<li>Salesforce CPQ (Flexible Produkt &amp; Preiskonfiguration)<\/li>\n\n\n\n<li>Salesforce Experience Cloud (customer &amp; partner portals)<\/li>\n\n\n\n<li>Account Engagement &amp; Marketing Cloud (Marketing Automation)<\/li>\n<\/ul>\n<\/div>\n<\/div><\/div>\n\n\n\n<hr class=\"wp-block-separator has-alpha-channel-opacity\"\/>\n\n\n\n<div id=\"wp-block-themeisle-blocks-advanced-columns-c4ad48c4\" class=\"wp-block-themeisle-blocks-advanced-columns has-2-columns has-desktop-oneTwo-layout has-tablet-equal-layout has-mobile-collapsedRows-layout has-vertical-unset\"><div class=\"wp-block-themeisle-blocks-advanced-columns-overlay\"><\/div><div class=\"innerblocks-wrap\">\n<div id=\"wp-block-themeisle-blocks-advanced-column-9695c9df\" class=\"wp-block-themeisle-blocks-advanced-column\"><div class=\"wp-block-image\">\n<figure class=\"aligncenter size-large is-resized\"><img data-opt-id=397733821  data-opt-src=\"https:\/\/documill.com\/wp-content\/uploads\/2023\/10\/documill-social-media-image.jpg\"  decoding=\"async\" src=\"data:image/svg+xml,%3Csvg%20viewBox%3D%220%200%20100%%20100%%22%20width%3D%22100%%22%20height%3D%22100%%22%20xmlns%3D%22http%3A%2F%2Fwww.w3.org%2F2000%2Fsvg%22%3E%3Crect%20width%3D%22100%%22%20height%3D%22100%%22%20fill%3D%22transparent%22%2F%3E%3C%2Fsvg%3E\" alt=\"\" style=\"width:292px;height:auto\"\/><\/figure>\n<\/div><\/div>\n\n\n\n<div id=\"wp-block-themeisle-blocks-advanced-column-6ea2319f\" class=\"wp-block-themeisle-blocks-advanced-column\">\n<p class=\"has-text-align-left has-nv-site-bg-color has-text-color has-link-color wp-elements-af23e16548530eb2252f7f20d4e6a205\"><strong><a href=\"https:\/\/documill.com\/\">Documill<\/a><\/strong> complements your Salesforce platform:<\/p>\n\n\n\n<ul class=\"wp-block-list\">\n<li>Generation of documents in Salesforce (Word, Excel, PDF etc.)<\/li>\n\n\n\n<li>Complex e-mail templates<\/li>\n\n\n\n<li>Workflows &amp; approvals for document generation<\/li>\n\n\n\n<li>e-Signatures<\/li>\n\n\n\n<li>Collaborative work on documents (internal &amp; external)<\/li>\n<\/ul>\n<\/div>\n<\/div><\/div>\n<\/div><\/div>","protected":false},"excerpt":{"rendered":"","protected":false},"author":1,"featured_media":909,"parent":0,"menu_order":0,"comment_status":"closed","ping_status":"closed","template":"","meta":{"_acf_changed":false,"neve_meta_sidebar":"full-width","neve_meta_container":"contained","neve_meta_enable_content_width":"on","neve_meta_content_width":100,"neve_meta_title_alignment":"","neve_meta_author_avatar":"","neve_post_elements_order":"","neve_meta_disable_header":"","neve_meta_disable_footer":"","neve_meta_disable_title":"on","neve_meta_reading_time":"","_themeisle_gutenberg_block_has_review":false,"footnotes":""},"class_list":["post-538","page","type-page","status-publish","has-post-thumbnail","hentry"],"acf":{"sf_recordid":""},"yoast_head":"<!-- This site is optimized with the Yoast SEO plugin v27.4 - https:\/\/yoast.com\/product\/yoast-seo-wordpress\/ -->\n<title>Partner - nuvenio<\/title>\n<meta name=\"description\" content=\"Mit unseren leistungsstarken Partnern helfen wir Ihnen, die bestm\u00f6glichen L\u00f6sungen f\u00fcr Ihre Anforderungen zu liefern.\" \/>\n<meta name=\"robots\" content=\"index, follow, max-snippet:-1, max-image-preview:large, max-video-preview:-1\" \/>\n<link rel=\"canonical\" href=\"https:\/\/nuvenio.de\/en\/partner\/\" \/>\n<meta property=\"og:locale\" content=\"en_US\" \/>\n<meta property=\"og:type\" content=\"article\" \/>\n<meta property=\"og:title\" content=\"Partner - nuvenio\" \/>\n<meta property=\"og:description\" content=\"Mit unseren leistungsstarken Partnern helfen wir Ihnen, die bestm\u00f6glichen L\u00f6sungen f\u00fcr Ihre Anforderungen zu liefern.\" \/>\n<meta property=\"og:url\" content=\"https:\/\/nuvenio.de\/en\/partner\/\" \/>\n<meta property=\"og:site_name\" content=\"nuvenio\" \/>\n<meta property=\"article:modified_time\" content=\"2024-10-09T14:39:15+00:00\" \/>\n<meta property=\"og:image\" content=\"https:\/\/ml69d2jesubm.i.optimole.com\/w:auto\/h:auto\/q:mauto\/ig:avif\/https:\/\/nuvenio.de\/wp-content\/uploads\/2024\/03\/pexels-fauxels-3184418-scaled.jpg\" \/>\n\t<meta property=\"og:image:width\" content=\"2560\" \/>\n\t<meta property=\"og:image:height\" content=\"1707\" \/>\n\t<meta property=\"og:image:type\" content=\"image\/jpeg\" \/>\n<meta name=\"twitter:card\" content=\"summary_large_image\" \/>\n<meta name=\"twitter:label1\" content=\"Est. reading time\" \/>\n\t<meta name=\"twitter:data1\" content=\"2 minutes\" \/>\n<script type=\"application\/ld+json\" class=\"yoast-schema-graph\">{\"@context\":\"https:\\\/\\\/schema.org\",\"@graph\":[{\"@type\":\"WebPage\",\"@id\":\"https:\\\/\\\/nuvenio.de\\\/partner\\\/\",\"url\":\"https:\\\/\\\/nuvenio.de\\\/partner\\\/\",\"name\":\"Partner - nuvenio\",\"isPartOf\":{\"@id\":\"https:\\\/\\\/nuvenio.de\\\/#website\"},\"primaryImageOfPage\":{\"@id\":\"https:\\\/\\\/nuvenio.de\\\/partner\\\/#primaryimage\"},\"image\":{\"@id\":\"https:\\\/\\\/nuvenio.de\\\/partner\\\/#primaryimage\"},\"thumbnailUrl\":\"https:\\/\\/nuvenio.de\\/wp-content\\/uploads\\/2024\\/03\\/pexels-fauxels-3184418-scaled.jpg\",\"datePublished\":\"2024-02-02T16:44:10+00:00\",\"dateModified\":\"2024-10-09T14:39:15+00:00\",\"description\":\"Mit unseren leistungsstarken Partnern helfen wir Ihnen, die bestm\u00f6glichen L\u00f6sungen f\u00fcr Ihre Anforderungen zu liefern.\",\"breadcrumb\":{\"@id\":\"https:\\\/\\\/nuvenio.de\\\/partner\\\/#breadcrumb\"},\"inLanguage\":\"en-US\",\"potentialAction\":[{\"@type\":\"ReadAction\",\"target\":[\"https:\\\/\\\/nuvenio.de\\\/partner\\\/\"]}]},{\"@type\":\"ImageObject\",\"inLanguage\":\"en-US\",\"@id\":\"https:\\\/\\\/nuvenio.de\\\/partner\\\/#primaryimage\",\"url\":\"https:\\/\\/nuvenio.de\\/wp-content\\/uploads\\/2024\\/03\\/pexels-fauxels-3184418-scaled.jpg\",\"contentUrl\":\"https:\\/\\/nuvenio.de\\/wp-content\\/uploads\\/2024\\/03\\/pexels-fauxels-3184418-scaled.jpg\",\"width\":2560,\"height\":1707},{\"@type\":\"BreadcrumbList\",\"@id\":\"https:\\\/\\\/nuvenio.de\\\/partner\\\/#breadcrumb\",\"itemListElement\":[{\"@type\":\"ListItem\",\"position\":1,\"name\":\"Startseite\",\"item\":\"https:\\\/\\\/nuvenio.de\\\/\"},{\"@type\":\"ListItem\",\"position\":2,\"name\":\"Partner\"}]},{\"@type\":\"WebSite\",\"@id\":\"https:\\\/\\\/nuvenio.de\\\/#website\",\"url\":\"https:\\\/\\\/nuvenio.de\\\/\",\"name\":\"nuvenio\",\"description\":\"Salesforce Consulting\",\"publisher\":{\"@id\":\"https:\\\/\\\/nuvenio.de\\\/#organization\"},\"potentialAction\":[{\"@type\":\"SearchAction\",\"target\":{\"@type\":\"EntryPoint\",\"urlTemplate\":\"https:\\\/\\\/nuvenio.de\\\/?s={search_term_string}\"},\"query-input\":{\"@type\":\"PropertyValueSpecification\",\"valueRequired\":true,\"valueName\":\"search_term_string\"}}],\"inLanguage\":\"en-US\"},{\"@type\":\"Organization\",\"@id\":\"https:\\\/\\\/nuvenio.de\\\/#organization\",\"name\":\"nuvenio\",\"url\":\"https:\\\/\\\/nuvenio.de\\\/\",\"logo\":{\"@type\":\"ImageObject\",\"inLanguage\":\"en-US\",\"@id\":\"https:\\\/\\\/nuvenio.de\\\/#\\\/schema\\\/logo\\\/image\\\/\",\"url\":\"https:\\/\\/nuvenio.de\\/wp-content\\/uploads\\/2024\\/01\\/nunx-logo-02-e1706099563728.png\",\"contentUrl\":\"https:\\/\\/nuvenio.de\\/wp-content\\/uploads\\/2024\\/01\\/nunx-logo-02-e1706099563728.png\",\"width\":4000,\"height\":3459,\"caption\":\"nuvenio\"},\"image\":{\"@id\":\"https:\\\/\\\/nuvenio.de\\\/#\\\/schema\\\/logo\\\/image\\\/\"},\"sameAs\":[\"https:\\\/\\\/www.linkedin.com\\\/company\\\/nuvenio\\\/\"]}]}<\/script>\n<!-- \/ Yoast SEO plugin. -->","yoast_head_json":{"title":"Partner - nuvenio","description":"Mit unseren leistungsstarken Partnern helfen wir Ihnen, die bestm\u00f6glichen L\u00f6sungen f\u00fcr Ihre Anforderungen zu liefern.","robots":{"index":"index","follow":"follow","max-snippet":"max-snippet:-1","max-image-preview":"max-image-preview:large","max-video-preview":"max-video-preview:-1"},"canonical":"https:\/\/nuvenio.de\/en\/partner\/","og_locale":"en_US","og_type":"article","og_title":"Partner - nuvenio","og_description":"Mit unseren leistungsstarken Partnern helfen wir Ihnen, die bestm\u00f6glichen L\u00f6sungen f\u00fcr Ihre Anforderungen zu liefern.","og_url":"https:\/\/nuvenio.de\/en\/partner\/","og_site_name":"nuvenio","article_modified_time":"2024-10-09T14:39:15+00:00","og_image":[{"width":2560,"height":1707,"url":"https:\/\/ml69d2jesubm.i.optimole.com\/w:auto\/h:auto\/q:mauto\/ig:avif\/https:\/\/nuvenio.de\/wp-content\/uploads\/2024\/03\/pexels-fauxels-3184418-scaled.jpg","type":"image\/jpeg"}],"twitter_card":"summary_large_image","twitter_misc":{"Est. reading time":"2 minutes"},"schema":{"@context":"https:\/\/schema.org","@graph":[{"@type":"WebPage","@id":"https:\/\/nuvenio.de\/partner\/","url":"https:\/\/nuvenio.de\/partner\/","name":"Partner - nuvenio","isPartOf":{"@id":"https:\/\/nuvenio.de\/#website"},"primaryImageOfPage":{"@id":"https:\/\/nuvenio.de\/partner\/#primaryimage"},"image":{"@id":"https:\/\/nuvenio.de\/partner\/#primaryimage"},"thumbnailUrl":"https:\/\/ml69d2jesubm.i.optimole.com\/w:auto\/h:auto\/q:mauto\/ig:avif\/https:\/\/nuvenio.de\/wp-content\/uploads\/2024\/03\/pexels-fauxels-3184418-scaled.jpg","datePublished":"2024-02-02T16:44:10+00:00","dateModified":"2024-10-09T14:39:15+00:00","description":"Mit unseren leistungsstarken Partnern helfen wir Ihnen, die bestm\u00f6glichen L\u00f6sungen f\u00fcr Ihre Anforderungen zu liefern.","breadcrumb":{"@id":"https:\/\/nuvenio.de\/partner\/#breadcrumb"},"inLanguage":"en-US","potentialAction":[{"@type":"ReadAction","target":["https:\/\/nuvenio.de\/partner\/"]}]},{"@type":"ImageObject","inLanguage":"en-US","@id":"https:\/\/nuvenio.de\/partner\/#primaryimage","url":"https:\/\/ml69d2jesubm.i.optimole.com\/w:auto\/h:auto\/q:mauto\/ig:avif\/https:\/\/nuvenio.de\/wp-content\/uploads\/2024\/03\/pexels-fauxels-3184418-scaled.jpg","contentUrl":"https:\/\/ml69d2jesubm.i.optimole.com\/w:auto\/h:auto\/q:mauto\/ig:avif\/https:\/\/nuvenio.de\/wp-content\/uploads\/2024\/03\/pexels-fauxels-3184418-scaled.jpg","width":2560,"height":1707},{"@type":"BreadcrumbList","@id":"https:\/\/nuvenio.de\/partner\/#breadcrumb","itemListElement":[{"@type":"ListItem","position":1,"name":"Startseite","item":"https:\/\/nuvenio.de\/"},{"@type":"ListItem","position":2,"name":"Partner"}]},{"@type":"WebSite","@id":"https:\/\/nuvenio.de\/#website","url":"https:\/\/nuvenio.de\/","name":"nuvenio","description":"Salesforce Consulting","publisher":{"@id":"https:\/\/nuvenio.de\/#organization"},"potentialAction":[{"@type":"SearchAction","target":{"@type":"EntryPoint","urlTemplate":"https:\/\/nuvenio.de\/?s={search_term_string}"},"query-input":{"@type":"PropertyValueSpecification","valueRequired":true,"valueName":"search_term_string"}}],"inLanguage":"en-US"},{"@type":"Organization","@id":"https:\/\/nuvenio.de\/#organization","name":"nuvenio","url":"https:\/\/nuvenio.de\/","logo":{"@type":"ImageObject","inLanguage":"en-US","@id":"https:\/\/nuvenio.de\/#\/schema\/logo\/image\/","url":"https:\/\/ml69d2jesubm.i.optimole.com\/w:auto\/h:auto\/q:mauto\/ig:avif\/https:\/\/nuvenio.de\/wp-content\/uploads\/2024\/01\/nunx-logo-02-e1706099563728.png","contentUrl":"https:\/\/ml69d2jesubm.i.optimole.com\/w:auto\/h:auto\/q:mauto\/ig:avif\/https:\/\/nuvenio.de\/wp-content\/uploads\/2024\/01\/nunx-logo-02-e1706099563728.png","width":4000,"height":3459,"caption":"nuvenio"},"image":{"@id":"https:\/\/nuvenio.de\/#\/schema\/logo\/image\/"},"sameAs":["https:\/\/www.linkedin.com\/company\/nuvenio\/"]}]}},"jetpack_sharing_enabled":true,"_links":{"self":[{"href":"https:\/\/nuvenio.de\/en\/wp-json\/wp\/v2\/pages\/538","targetHints":{"allow":["GET"]}}],"collection":[{"href":"https:\/\/nuvenio.de\/en\/wp-json\/wp\/v2\/pages"}],"about":[{"href":"https:\/\/nuvenio.de\/en\/wp-json\/wp\/v2\/types\/page"}],"author":[{"embeddable":true,"href":"https:\/\/nuvenio.de\/en\/wp-json\/wp\/v2\/users\/1"}],"replies":[{"embeddable":true,"href":"https:\/\/nuvenio.de\/en\/wp-json\/wp\/v2\/comments?post=538"}],"version-history":[{"count":12,"href":"https:\/\/nuvenio.de\/en\/wp-json\/wp\/v2\/pages\/538\/revisions"}],"predecessor-version":[{"id":1023,"href":"https:\/\/nuvenio.de\/en\/wp-json\/wp\/v2\/pages\/538\/revisions\/1023"}],"wp:featuredmedia":[{"embeddable":true,"href":"https:\/\/nuvenio.de\/en\/wp-json\/wp\/v2\/media\/909"}],"wp:attachment":[{"href":"https:\/\/nuvenio.de\/en\/wp-json\/wp\/v2\/media?parent=538"}],"curies":[{"name":"wp","href":"https:\/\/api.w.org\/{rel}","templated":true}]}}