{"id":517,"date":"2024-02-02T17:23:58","date_gmt":"2024-02-02T16:23:58","guid":{"rendered":"https:\/\/nuvenio.de\/?page_id=517"},"modified":"2025-04-08T10:35:31","modified_gmt":"2025-04-08T08:35:31","slug":"architektur","status":"publish","type":"page","link":"https:\/\/nuvenio.de\/en\/architektur\/","title":{"rendered":"Architecture"},"content":{"rendered":"<div class=\"wp-block-cover alignfull has-custom-content-position is-position-top-center is-light wp-duotone-dark-grayscale\" style=\"padding-top:var(--wp--preset--spacing--80);padding-bottom:var(--wp--preset--spacing--80);min-height:100vh;aspect-ratio:unset;\"><span aria-hidden=\"true\" class=\"wp-block-cover__background has-nv-dark-bg-background-color has-background-dim-90 has-background-dim\"><\/span><img data-opt-id=1956698915  fetchpriority=\"high\" decoding=\"async\" width=\"2560\" height=\"1864\" class=\"wp-block-cover__image-background wp-image-858\" alt=\"\" src=\"https:\/\/ml69d2jesubm.i.optimole.com\/w:auto\/h:auto\/q:mauto\/ig:avif\/https:\/\/nuvenio.de\/wp-content\/uploads\/2024\/02\/pexels-igor-starkov-1117452-scaled.jpg\" style=\"object-position:50% 100%\" data-object-fit=\"cover\" data-object-position=\"50% 100%\" srcset=\"https:\/\/ml69d2jesubm.i.optimole.com\/w:1483\/h:1080\/q:mauto\/ig:avif\/https:\/\/nuvenio.de\/wp-content\/uploads\/2024\/02\/pexels-igor-starkov-1117452-scaled.jpg 2560w, https:\/\/ml69d2jesubm.i.optimole.com\/w:300\/h:218\/q:mauto\/ig:avif\/https:\/\/nuvenio.de\/wp-content\/uploads\/2024\/02\/pexels-igor-starkov-1117452-scaled.jpg 300w, https:\/\/ml69d2jesubm.i.optimole.com\/w:1024\/h:746\/q:mauto\/ig:avif\/https:\/\/nuvenio.de\/wp-content\/uploads\/2024\/02\/pexels-igor-starkov-1117452-scaled.jpg 1024w, https:\/\/ml69d2jesubm.i.optimole.com\/w:768\/h:559\/q:mauto\/ig:avif\/https:\/\/nuvenio.de\/wp-content\/uploads\/2024\/02\/pexels-igor-starkov-1117452-scaled.jpg 768w, https:\/\/ml69d2jesubm.i.optimole.com\/w:1483\/h:1080\/q:mauto\/ig:avif\/https:\/\/nuvenio.de\/wp-content\/uploads\/2024\/02\/pexels-igor-starkov-1117452-scaled.jpg 1536w, https:\/\/ml69d2jesubm.i.optimole.com\/w:1483\/h:1080\/q:mauto\/ig:avif\/https:\/\/nuvenio.de\/wp-content\/uploads\/2024\/02\/pexels-igor-starkov-1117452-scaled.jpg 2048w\" sizes=\"(max-width: 1200px) 100vw, 1200px\" \/><div class=\"wp-block-cover__inner-container is-layout-flow wp-block-cover-is-layout-flow\">\n<h2 class=\"wp-block-heading has-text-align-center has-nv-text-dark-bg-color has-text-color\">Architecture<\/h2>\n\n\n\n<hr class=\"wp-block-separator has-text-color has-neve-link-color-color has-alpha-channel-opacity has-neve-link-color-background-color has-background is-style-wide\"\/>\n\n\n\n<p class=\"has-text-align-center has-nv-text-dark-bg-color has-text-color has-large-font-size\">The right decisions at the right point in time.<\/p>\n\n\n\n<div class=\"wp-block-columns is-layout-flex wp-container-core-columns-is-layout-6d01b2b5 wp-block-columns-is-layout-flex\" style=\"padding-top:var(--wp--preset--spacing--80);padding-bottom:var(--wp--preset--spacing--80)\">\n<div class=\"wp-block-column is-layout-flow wp-block-column-is-layout-flow\" style=\"padding-top:0;padding-bottom:0\">\n<h3 class=\"wp-block-heading has-text-align-center has-nv-text-dark-bg-color has-text-color has-large-font-size\">Program<br>Architecture<\/h3>\n\n\n\n<hr class=\"wp-block-separator has-text-color has-neve-link-color-color has-alpha-channel-opacity has-neve-link-color-background-color has-background\"\/>\n\n\n\n<p class=\"has-nv-text-dark-bg-color has-text-color has-link-color has-medium-font-size wp-elements-16af851d153d3d188a1f5478d149b9ec\">Our focus: You get the most out of your platform and your licenses. We identify potentials and create a roadmap together with you.<\/p>\n<\/div>\n\n\n\n<div class=\"wp-block-column is-layout-flow wp-block-column-is-layout-flow\">\n<h3 class=\"wp-block-heading has-text-align-center has-nv-text-dark-bg-color has-text-color has-large-font-size\">Application\nArchitecture<br>Architecture<\/h3>\n\n\n\n<hr class=\"wp-block-separator has-text-color has-neve-link-hover-color-color has-alpha-channel-opacity has-neve-link-hover-color-background-color has-background\"\/>\n\n\n\n<p class=\"has-nv-text-dark-bg-color has-text-color has-link-color has-medium-font-size wp-elements-d2701f2bf0b5f6d3cd1d5e63f55b2a33\">We design and build solutions on the salesforce platform based on your requirements and existing implementations.<\/p>\n<\/div>\n\n\n\n<div class=\"wp-block-column is-layout-flow wp-block-column-is-layout-flow\">\n<h3 class=\"wp-block-heading has-text-align-center has-nv-text-dark-bg-color has-text-color has-large-font-size\">System-<br>Architecture<\/h3>\n\n\n\n<hr class=\"wp-block-separator has-text-color has-nv-c-1-color has-alpha-channel-opacity has-nv-c-1-background-color has-background\"\/>\n\n\n\n<p class=\"has-nv-text-dark-bg-color has-text-color has-link-color has-medium-font-size wp-elements-b691af6a6d6e80e90829bcafbb612cba\">We create a target picture on how salesforce embedds within your IT landscape. We focus on integrations, 3rd-party tools and development processes.<\/p>\n<\/div>\n<\/div>\n<\/div><\/div>","protected":false},"excerpt":{"rendered":"","protected":false},"author":1,"featured_media":0,"parent":0,"menu_order":0,"comment_status":"closed","ping_status":"closed","template":"","meta":{"_acf_changed":false,"neve_meta_sidebar":"full-width","neve_meta_container":"contained","neve_meta_enable_content_width":"on","neve_meta_content_width":100,"neve_meta_title_alignment":"","neve_meta_author_avatar":"","neve_post_elements_order":"","neve_meta_disable_header":"","neve_meta_disable_footer":"","neve_meta_disable_title":"on","neve_meta_reading_time":"","_themeisle_gutenberg_block_has_review":false,"footnotes":""},"class_list":["post-517","page","type-page","status-publish","hentry"],"acf":{"sf_recordid":""},"yoast_head":"<!-- This site is optimized with the Yoast SEO plugin v27.4 - https:\/\/yoast.com\/product\/yoast-seo-wordpress\/ -->\n<title>Architektur - nuvenio<\/title>\n<meta name=\"description\" content=\"Tauchen Sie mit nuvenio in die Welt der Salesforce-Architektur ein. Unser Expertenteam unterst\u00fctzt Sie bei der Entwicklung von Software- und Systemarchitekturen. Entdecken Sie innovative L\u00f6sungen und gestalten Sie die Zukunft mit uns. Erfahren Sie mehr \u00fcber unsere Leistungen und wie wir Ihr Projekt voranbringen k\u00f6nnen.\" \/>\n<meta name=\"robots\" content=\"index, follow, max-snippet:-1, max-image-preview:large, max-video-preview:-1\" \/>\n<link rel=\"canonical\" href=\"https:\/\/nuvenio.de\/en\/architektur\/\" \/>\n<meta property=\"og:locale\" content=\"en_US\" \/>\n<meta property=\"og:type\" content=\"article\" \/>\n<meta property=\"og:title\" content=\"Architektur - nuvenio\" \/>\n<meta property=\"og:description\" content=\"Tauchen Sie mit nuvenio in die Welt der Salesforce-Architektur ein. Unser Expertenteam unterst\u00fctzt Sie bei der Entwicklung von Software- und Systemarchitekturen. Entdecken Sie innovative L\u00f6sungen und gestalten Sie die Zukunft mit uns. Erfahren Sie mehr \u00fcber unsere Leistungen und wie wir Ihr Projekt voranbringen k\u00f6nnen.\" \/>\n<meta property=\"og:url\" content=\"https:\/\/nuvenio.de\/en\/architektur\/\" \/>\n<meta property=\"og:site_name\" content=\"nuvenio\" \/>\n<meta property=\"article:modified_time\" content=\"2025-04-08T08:35:31+00:00\" \/>\n<meta property=\"og:image\" content=\"https:\/\/ml69d2jesubm.i.optimole.com\/w:auto\/h:auto\/q:mauto\/ig:avif\/https:\/\/nuvenio.de\/wp-content\/uploads\/2024\/02\/pexels-igor-starkov-1117452-scaled.jpg\" \/>\n\t<meta property=\"og:image:width\" content=\"2560\" \/>\n\t<meta property=\"og:image:height\" content=\"1864\" \/>\n\t<meta property=\"og:image:type\" content=\"image\/jpeg\" \/>\n<meta name=\"twitter:card\" content=\"summary_large_image\" \/>\n<meta name=\"twitter:label1\" content=\"Est. reading time\" \/>\n\t<meta name=\"twitter:data1\" content=\"1 minute\" \/>\n<script type=\"application\/ld+json\" class=\"yoast-schema-graph\">{\"@context\":\"https:\\\/\\\/schema.org\",\"@graph\":[{\"@type\":\"WebPage\",\"@id\":\"https:\\\/\\\/nuvenio.de\\\/architektur\\\/\",\"url\":\"https:\\\/\\\/nuvenio.de\\\/architektur\\\/\",\"name\":\"Architektur - nuvenio\",\"isPartOf\":{\"@id\":\"https:\\\/\\\/nuvenio.de\\\/#website\"},\"primaryImageOfPage\":{\"@id\":\"https:\\\/\\\/nuvenio.de\\\/architektur\\\/#primaryimage\"},\"image\":{\"@id\":\"https:\\\/\\\/nuvenio.de\\\/architektur\\\/#primaryimage\"},\"thumbnailUrl\":\"https:\\/\\/nuvenio.de\\/wp-content\\/uploads\\/2024\\/02\\/pexels-igor-starkov-1117452-scaled.jpg\",\"datePublished\":\"2024-02-02T16:23:58+00:00\",\"dateModified\":\"2025-04-08T08:35:31+00:00\",\"description\":\"Tauchen Sie mit nuvenio in die Welt der Salesforce-Architektur ein. Unser Expertenteam unterst\u00fctzt Sie bei der Entwicklung von Software- und Systemarchitekturen. Entdecken Sie innovative L\u00f6sungen und gestalten Sie die Zukunft mit uns. Erfahren Sie mehr \u00fcber unsere Leistungen und wie wir Ihr Projekt voranbringen k\u00f6nnen.\",\"breadcrumb\":{\"@id\":\"https:\\\/\\\/nuvenio.de\\\/architektur\\\/#breadcrumb\"},\"inLanguage\":\"en-US\",\"potentialAction\":[{\"@type\":\"ReadAction\",\"target\":[\"https:\\\/\\\/nuvenio.de\\\/architektur\\\/\"]}]},{\"@type\":\"ImageObject\",\"inLanguage\":\"en-US\",\"@id\":\"https:\\\/\\\/nuvenio.de\\\/architektur\\\/#primaryimage\",\"url\":\"https:\\/\\/nuvenio.de\\/wp-content\\/uploads\\/2024\\/02\\/pexels-igor-starkov-1117452-scaled.jpg\",\"contentUrl\":\"https:\\/\\/nuvenio.de\\/wp-content\\/uploads\\/2024\\/02\\/pexels-igor-starkov-1117452-scaled.jpg\"},{\"@type\":\"BreadcrumbList\",\"@id\":\"https:\\\/\\\/nuvenio.de\\\/architektur\\\/#breadcrumb\",\"itemListElement\":[{\"@type\":\"ListItem\",\"position\":1,\"name\":\"Startseite\",\"item\":\"https:\\\/\\\/nuvenio.de\\\/\"},{\"@type\":\"ListItem\",\"position\":2,\"name\":\"Architektur\"}]},{\"@type\":\"WebSite\",\"@id\":\"https:\\\/\\\/nuvenio.de\\\/#website\",\"url\":\"https:\\\/\\\/nuvenio.de\\\/\",\"name\":\"nuvenio\",\"description\":\"Salesforce Consulting\",\"publisher\":{\"@id\":\"https:\\\/\\\/nuvenio.de\\\/#organization\"},\"potentialAction\":[{\"@type\":\"SearchAction\",\"target\":{\"@type\":\"EntryPoint\",\"urlTemplate\":\"https:\\\/\\\/nuvenio.de\\\/?s={search_term_string}\"},\"query-input\":{\"@type\":\"PropertyValueSpecification\",\"valueRequired\":true,\"valueName\":\"search_term_string\"}}],\"inLanguage\":\"en-US\"},{\"@type\":\"Organization\",\"@id\":\"https:\\\/\\\/nuvenio.de\\\/#organization\",\"name\":\"nuvenio\",\"url\":\"https:\\\/\\\/nuvenio.de\\\/\",\"logo\":{\"@type\":\"ImageObject\",\"inLanguage\":\"en-US\",\"@id\":\"https:\\\/\\\/nuvenio.de\\\/#\\\/schema\\\/logo\\\/image\\\/\",\"url\":\"https:\\/\\/nuvenio.de\\/wp-content\\/uploads\\/2024\\/01\\/nunx-logo-02-e1706099563728.png\",\"contentUrl\":\"https:\\/\\/nuvenio.de\\/wp-content\\/uploads\\/2024\\/01\\/nunx-logo-02-e1706099563728.png\",\"width\":4000,\"height\":3459,\"caption\":\"nuvenio\"},\"image\":{\"@id\":\"https:\\\/\\\/nuvenio.de\\\/#\\\/schema\\\/logo\\\/image\\\/\"},\"sameAs\":[\"https:\\\/\\\/www.linkedin.com\\\/company\\\/nuvenio\\\/\"]}]}<\/script>\n<!-- \/ Yoast SEO plugin. -->","yoast_head_json":{"title":"Architektur - nuvenio","description":"Tauchen Sie mit nuvenio in die Welt der Salesforce-Architektur ein. Unser Expertenteam unterst\u00fctzt Sie bei der Entwicklung von Software- und Systemarchitekturen. Entdecken Sie innovative L\u00f6sungen und gestalten Sie die Zukunft mit uns. Erfahren Sie mehr \u00fcber unsere Leistungen und wie wir Ihr Projekt voranbringen k\u00f6nnen.","robots":{"index":"index","follow":"follow","max-snippet":"max-snippet:-1","max-image-preview":"max-image-preview:large","max-video-preview":"max-video-preview:-1"},"canonical":"https:\/\/nuvenio.de\/en\/architektur\/","og_locale":"en_US","og_type":"article","og_title":"Architektur - nuvenio","og_description":"Tauchen Sie mit nuvenio in die Welt der Salesforce-Architektur ein. Unser Expertenteam unterst\u00fctzt Sie bei der Entwicklung von Software- und Systemarchitekturen. Entdecken Sie innovative L\u00f6sungen und gestalten Sie die Zukunft mit uns. Erfahren Sie mehr \u00fcber unsere Leistungen und wie wir Ihr Projekt voranbringen k\u00f6nnen.","og_url":"https:\/\/nuvenio.de\/en\/architektur\/","og_site_name":"nuvenio","article_modified_time":"2025-04-08T08:35:31+00:00","og_image":[{"width":2560,"height":1864,"url":"https:\/\/ml69d2jesubm.i.optimole.com\/w:auto\/h:auto\/q:mauto\/ig:avif\/https:\/\/nuvenio.de\/wp-content\/uploads\/2024\/02\/pexels-igor-starkov-1117452-scaled.jpg","type":"image\/jpeg"}],"twitter_card":"summary_large_image","twitter_misc":{"Est. reading time":"1 minute"},"schema":{"@context":"https:\/\/schema.org","@graph":[{"@type":"WebPage","@id":"https:\/\/nuvenio.de\/architektur\/","url":"https:\/\/nuvenio.de\/architektur\/","name":"Architektur - nuvenio","isPartOf":{"@id":"https:\/\/nuvenio.de\/#website"},"primaryImageOfPage":{"@id":"https:\/\/nuvenio.de\/architektur\/#primaryimage"},"image":{"@id":"https:\/\/nuvenio.de\/architektur\/#primaryimage"},"thumbnailUrl":"https:\/\/ml69d2jesubm.i.optimole.com\/w:auto\/h:auto\/q:mauto\/ig:avif\/https:\/\/nuvenio.de\/wp-content\/uploads\/2024\/02\/pexels-igor-starkov-1117452-scaled.jpg","datePublished":"2024-02-02T16:23:58+00:00","dateModified":"2025-04-08T08:35:31+00:00","description":"Tauchen Sie mit nuvenio in die Welt der Salesforce-Architektur ein. Unser Expertenteam unterst\u00fctzt Sie bei der Entwicklung von Software- und Systemarchitekturen. Entdecken Sie innovative L\u00f6sungen und gestalten Sie die Zukunft mit uns. Erfahren Sie mehr \u00fcber unsere Leistungen und wie wir Ihr Projekt voranbringen k\u00f6nnen.","breadcrumb":{"@id":"https:\/\/nuvenio.de\/architektur\/#breadcrumb"},"inLanguage":"en-US","potentialAction":[{"@type":"ReadAction","target":["https:\/\/nuvenio.de\/architektur\/"]}]},{"@type":"ImageObject","inLanguage":"en-US","@id":"https:\/\/nuvenio.de\/architektur\/#primaryimage","url":"https:\/\/ml69d2jesubm.i.optimole.com\/w:auto\/h:auto\/q:mauto\/ig:avif\/https:\/\/nuvenio.de\/wp-content\/uploads\/2024\/02\/pexels-igor-starkov-1117452-scaled.jpg","contentUrl":"https:\/\/ml69d2jesubm.i.optimole.com\/w:auto\/h:auto\/q:mauto\/ig:avif\/https:\/\/nuvenio.de\/wp-content\/uploads\/2024\/02\/pexels-igor-starkov-1117452-scaled.jpg"},{"@type":"BreadcrumbList","@id":"https:\/\/nuvenio.de\/architektur\/#breadcrumb","itemListElement":[{"@type":"ListItem","position":1,"name":"Startseite","item":"https:\/\/nuvenio.de\/"},{"@type":"ListItem","position":2,"name":"Architektur"}]},{"@type":"WebSite","@id":"https:\/\/nuvenio.de\/#website","url":"https:\/\/nuvenio.de\/","name":"nuvenio","description":"Salesforce Consulting","publisher":{"@id":"https:\/\/nuvenio.de\/#organization"},"potentialAction":[{"@type":"SearchAction","target":{"@type":"EntryPoint","urlTemplate":"https:\/\/nuvenio.de\/?s={search_term_string}"},"query-input":{"@type":"PropertyValueSpecification","valueRequired":true,"valueName":"search_term_string"}}],"inLanguage":"en-US"},{"@type":"Organization","@id":"https:\/\/nuvenio.de\/#organization","name":"nuvenio","url":"https:\/\/nuvenio.de\/","logo":{"@type":"ImageObject","inLanguage":"en-US","@id":"https:\/\/nuvenio.de\/#\/schema\/logo\/image\/","url":"https:\/\/ml69d2jesubm.i.optimole.com\/w:auto\/h:auto\/q:mauto\/ig:avif\/https:\/\/nuvenio.de\/wp-content\/uploads\/2024\/01\/nunx-logo-02-e1706099563728.png","contentUrl":"https:\/\/ml69d2jesubm.i.optimole.com\/w:auto\/h:auto\/q:mauto\/ig:avif\/https:\/\/nuvenio.de\/wp-content\/uploads\/2024\/01\/nunx-logo-02-e1706099563728.png","width":4000,"height":3459,"caption":"nuvenio"},"image":{"@id":"https:\/\/nuvenio.de\/#\/schema\/logo\/image\/"},"sameAs":["https:\/\/www.linkedin.com\/company\/nuvenio\/"]}]}},"jetpack_sharing_enabled":true,"_links":{"self":[{"href":"https:\/\/nuvenio.de\/en\/wp-json\/wp\/v2\/pages\/517","targetHints":{"allow":["GET"]}}],"collection":[{"href":"https:\/\/nuvenio.de\/en\/wp-json\/wp\/v2\/pages"}],"about":[{"href":"https:\/\/nuvenio.de\/en\/wp-json\/wp\/v2\/types\/page"}],"author":[{"embeddable":true,"href":"https:\/\/nuvenio.de\/en\/wp-json\/wp\/v2\/users\/1"}],"replies":[{"embeddable":true,"href":"https:\/\/nuvenio.de\/en\/wp-json\/wp\/v2\/comments?post=517"}],"version-history":[{"count":12,"href":"https:\/\/nuvenio.de\/en\/wp-json\/wp\/v2\/pages\/517\/revisions"}],"predecessor-version":[{"id":1265,"href":"https:\/\/nuvenio.de\/en\/wp-json\/wp\/v2\/pages\/517\/revisions\/1265"}],"wp:attachment":[{"href":"https:\/\/nuvenio.de\/en\/wp-json\/wp\/v2\/media?parent=517"}],"curies":[{"name":"wp","href":"https:\/\/api.w.org\/{rel}","templated":true}]}}