{"id":515,"date":"2024-02-02T17:23:17","date_gmt":"2024-02-02T16:23:17","guid":{"rendered":"https:\/\/nuvenio.de\/?page_id=515"},"modified":"2025-12-04T14:35:10","modified_gmt":"2025-12-04T13:35:10","slug":"implementierung","status":"publish","type":"page","link":"https:\/\/nuvenio.de\/en\/implementierung\/","title":{"rendered":"Implementation"},"content":{"rendered":"<div class=\"wp-block-cover alignfull has-custom-content-position is-position-top-center is-light wp-duotone-dark-grayscale\" style=\"padding-top:var(--wp--preset--spacing--80);padding-bottom:var(--wp--preset--spacing--80);min-height:100vh;aspect-ratio:unset;\"><img data-opt-id=1454107711  fetchpriority=\"high\" decoding=\"async\" width=\"1636\" height=\"2560\" class=\"wp-block-cover__image-background wp-image-879\" alt=\"\" src=\"https:\/\/ml69d2jesubm.i.optimole.com\/w:auto\/h:auto\/q:mauto\/ig:avif\/https:\/\/nuvenio.de\/wp-content\/uploads\/2024\/02\/pexels-photoscom-93400-scaled.jpg\" style=\"object-position:49% 34%\" data-object-fit=\"cover\" data-object-position=\"49% 34%\" srcset=\"https:\/\/ml69d2jesubm.i.optimole.com\/w:690\/h:1080\/q:mauto\/ig:avif\/https:\/\/nuvenio.de\/wp-content\/uploads\/2024\/02\/pexels-photoscom-93400-scaled.jpg 1636w, https:\/\/ml69d2jesubm.i.optimole.com\/w:192\/h:300\/q:mauto\/ig:avif\/https:\/\/nuvenio.de\/wp-content\/uploads\/2024\/02\/pexels-photoscom-93400-scaled.jpg 192w, https:\/\/ml69d2jesubm.i.optimole.com\/w:655\/h:1024\/q:mauto\/ig:avif\/https:\/\/nuvenio.de\/wp-content\/uploads\/2024\/02\/pexels-photoscom-93400-scaled.jpg 655w, https:\/\/ml69d2jesubm.i.optimole.com\/w:690\/h:1080\/q:mauto\/ig:avif\/https:\/\/nuvenio.de\/wp-content\/uploads\/2024\/02\/pexels-photoscom-93400-scaled.jpg 768w, https:\/\/ml69d2jesubm.i.optimole.com\/w:690\/h:1080\/q:mauto\/ig:avif\/https:\/\/nuvenio.de\/wp-content\/uploads\/2024\/02\/pexels-photoscom-93400-scaled.jpg 982w, https:\/\/ml69d2jesubm.i.optimole.com\/w:690\/h:1080\/q:mauto\/ig:avif\/https:\/\/nuvenio.de\/wp-content\/uploads\/2024\/02\/pexels-photoscom-93400-scaled.jpg 1309w\" sizes=\"(max-width: 1200px) 100vw, 1200px\" \/><span aria-hidden=\"true\" class=\"wp-block-cover__background has-nv-dark-bg-background-color has-background-dim-90 has-background-dim\"><\/span><div class=\"wp-block-cover__inner-container is-layout-flow wp-block-cover-is-layout-flow\">\n<h2 class=\"wp-block-heading has-text-align-center has-nv-text-dark-bg-color has-text-color\">Implementation<\/h2>\n\n\n\n<hr class=\"wp-block-separator has-text-color has-neve-link-color-color has-alpha-channel-opacity has-neve-link-color-background-color has-background is-style-wide\"\/>\n\n\n\n<p class=\"has-text-align-center has-nv-text-dark-bg-color has-text-color has-large-font-size\"><strong>We deliver. <\/strong><\/p>\n\n\n\n<p class=\"has-text-align-center has-nv-text-dark-bg-color has-text-color has-large-font-size\">Our implementation team lets ideas become reality. <\/p>\n\n\n\n<p class=\"has-text-align-center has-nv-text-dark-bg-color has-text-color has-large-font-size\">Configuration, extensive coding tasks as well as installing and configuring add-ons.<\/p>\n\n\n\n<div class=\"wp-block-columns is-layout-flex wp-container-core-columns-is-layout-a1383269 wp-block-columns-is-layout-flex\" style=\"padding-top:var(--wp--preset--spacing--50);padding-bottom:var(--wp--preset--spacing--50)\">\n<div class=\"wp-block-column is-layout-flow wp-block-column-is-layout-flow\">\n<h3 class=\"wp-block-heading has-text-align-center has-nv-text-dark-bg-color has-text-color has-large-font-size\">Configuration<\/h3>\n\n\n\n<hr class=\"wp-block-separator has-text-color has-neve-link-color-color has-alpha-channel-opacity has-neve-link-color-background-color has-background\"\/>\n\n\n\n<p class=\"has-nv-text-dark-bg-color has-text-color has-link-color has-medium-font-size wp-elements-28110f4f802876812eb797dce45519d1\">We use the extensive configuration possiblities of the Salesforce platform to realize your requirements.<\/p>\n<\/div>\n\n\n\n<div class=\"wp-block-column is-layout-flow wp-block-column-is-layout-flow\">\n<h3 class=\"wp-block-heading has-text-align-center has-nv-text-dark-bg-color has-text-color has-large-font-size\">Coding<\/h3>\n\n\n\n<hr class=\"wp-block-separator has-text-color has-neve-link-hover-color-color has-alpha-channel-opacity has-neve-link-hover-color-background-color has-background\"\/>\n\n\n\n<p class=\"has-nv-text-dark-bg-color has-text-color has-link-color has-medium-font-size wp-elements-3562010ef829bc57e0faac6c6039f708\">Your requirements go beyond the Salesforce Standard? Our developers support on complex challenges like mass data processing, pixel perfect user interfaces etc.<\/p>\n<\/div>\n\n\n\n<div class=\"wp-block-column is-layout-flow wp-block-column-is-layout-flow\">\n<h3 class=\"wp-block-heading has-text-align-center has-nv-text-dark-bg-color has-text-color has-large-font-size\">Add-Ons<\/h3>\n\n\n\n<hr class=\"wp-block-separator has-text-color has-nv-c-1-color has-alpha-channel-opacity has-nv-c-1-background-color has-background\"\/>\n\n\n\n<p class=\"has-nv-text-dark-bg-color has-text-color has-link-color has-medium-font-size wp-elements-40d0ebbe1dc1cdb549d33492dee9888c\">We have a lot of experience with AppExchange solutions and help you to install and configure them.<\/p>\n<\/div>\n<\/div>\n\n\n\n<div id=\"wp-block-themeisle-blocks-button-group-94a70ed7\" class=\"wp-block-themeisle-blocks-button-group wp-block-buttons align-full-desktop\">\n<div id=\"wp-block-themeisle-blocks-button-c8047d6e\" class=\"wp-block-themeisle-blocks-button wp-block-button\"><a href=\"mailto:info@nuvenio.de\" target=\"_self\" rel=\"noopener noreferrer\" class=\"wp-block-button__link\"><i class=\"fas fa-fw fa-mail-bulk margin-right\"><\/i><span>Email<\/span><\/a><\/div>\n\n\n\n<div id=\"wp-block-themeisle-blocks-button-1267acad\" class=\"wp-block-themeisle-blocks-button wp-block-button\"><a href=\"https:\/\/outlook.office.com\/bookwithme\/user\/d0f588c0e0a84e5699d392a4f2656d59@nuvenio.de?anonymous&amp;ep=plink\" target=\"_self\" rel=\"noopener noreferrer\" class=\"wp-block-button__link\"><i class=\"far fa-fw fa-calendar-alt margin-right\"><\/i><span>Termin<\/span><\/a><\/div>\n<\/div>\n\n\n\n<p><\/p>\n\n\n\n<p class=\"has-text-align-center has-nv-site-bg-color has-text-color has-link-color has-large-font-size wp-elements-038e8bcb00c4729a5d6c28e0d8c6b379\">Oder bequem \u00fcber unser Formular:<\/p>\n\n\n\n<div style=\"position: relative; height:80dvh; overflow:auto;\"> \n  <iframe \n    src=\"https:\/\/app.formbricks.com\/s\/cm989t19s0e5xqv01vidyk5a4\" \n    frameborder=\"0\" style=\"position: absolute; left:0; top:0; width:100%; height:100%; border:0;\">\n  <\/iframe>\n<\/div>\n<\/div><\/div>","protected":false},"excerpt":{"rendered":"","protected":false},"author":1,"featured_media":0,"parent":0,"menu_order":0,"comment_status":"closed","ping_status":"closed","template":"","meta":{"_acf_changed":false,"neve_meta_sidebar":"full-width","neve_meta_container":"contained","neve_meta_enable_content_width":"on","neve_meta_content_width":100,"neve_meta_title_alignment":"","neve_meta_author_avatar":"","neve_post_elements_order":"","neve_meta_disable_header":"","neve_meta_disable_footer":"","neve_meta_disable_title":"on","neve_meta_reading_time":"","_themeisle_gutenberg_block_has_review":false,"footnotes":""},"class_list":["post-515","page","type-page","status-publish","hentry"],"acf":{"sf_recordid":""},"yoast_head":"<!-- This site is optimized with the Yoast SEO plugin v27.4 - https:\/\/yoast.com\/product\/yoast-seo-wordpress\/ -->\n<title>Implementierung - nuvenio<\/title>\n<meta name=\"description\" content=\"Mit dem nuvenio Implementierungs-Team setzen wir Ideen in die Realit\u00e4t um. Wir bieten ma\u00dfgeschneiderte L\u00f6sungen, die Konfiguration, Programmierung und Erweiterungen aus dem AppExchange umfassen. Verwandeln Sie Ihre Visionen in handfeste Ergebnisse mit unserer Expertise.\" \/>\n<meta name=\"robots\" content=\"index, follow, max-snippet:-1, max-image-preview:large, max-video-preview:-1\" \/>\n<link rel=\"canonical\" href=\"https:\/\/nuvenio.de\/en\/implementierung\/\" \/>\n<meta property=\"og:locale\" content=\"en_US\" \/>\n<meta property=\"og:type\" content=\"article\" \/>\n<meta property=\"og:title\" content=\"Implementierung - nuvenio\" \/>\n<meta property=\"og:description\" content=\"Mit dem nuvenio Implementierungs-Team setzen wir Ideen in die Realit\u00e4t um. Wir bieten ma\u00dfgeschneiderte L\u00f6sungen, die Konfiguration, Programmierung und Erweiterungen aus dem AppExchange umfassen. Verwandeln Sie Ihre Visionen in handfeste Ergebnisse mit unserer Expertise.\" \/>\n<meta property=\"og:url\" content=\"https:\/\/nuvenio.de\/en\/implementierung\/\" \/>\n<meta property=\"og:site_name\" content=\"nuvenio\" \/>\n<meta property=\"article:modified_time\" content=\"2025-12-04T13:35:10+00:00\" \/>\n<meta property=\"og:image\" content=\"https:\/\/ml69d2jesubm.i.optimole.com\/w:auto\/h:auto\/q:mauto\/ig:avif\/https:\/\/nuvenio.de\/wp-content\/uploads\/2024\/02\/pexels-photoscom-93400-scaled.jpg\" \/>\n\t<meta property=\"og:image:width\" content=\"1636\" \/>\n\t<meta property=\"og:image:height\" content=\"2560\" \/>\n\t<meta property=\"og:image:type\" content=\"image\/jpeg\" \/>\n<meta name=\"twitter:card\" content=\"summary_large_image\" \/>\n<meta name=\"twitter:label1\" content=\"Est. reading time\" \/>\n\t<meta name=\"twitter:data1\" content=\"2 minutes\" \/>\n<script type=\"application\/ld+json\" class=\"yoast-schema-graph\">{\"@context\":\"https:\\\/\\\/schema.org\",\"@graph\":[{\"@type\":\"WebPage\",\"@id\":\"https:\\\/\\\/nuvenio.de\\\/implementierung\\\/\",\"url\":\"https:\\\/\\\/nuvenio.de\\\/implementierung\\\/\",\"name\":\"Implementierung - nuvenio\",\"isPartOf\":{\"@id\":\"https:\\\/\\\/nuvenio.de\\\/#website\"},\"primaryImageOfPage\":{\"@id\":\"https:\\\/\\\/nuvenio.de\\\/implementierung\\\/#primaryimage\"},\"image\":{\"@id\":\"https:\\\/\\\/nuvenio.de\\\/implementierung\\\/#primaryimage\"},\"thumbnailUrl\":\"https:\\/\\/nuvenio.de\\/wp-content\\/uploads\\/2024\\/02\\/pexels-photoscom-93400-scaled.jpg\",\"datePublished\":\"2024-02-02T16:23:17+00:00\",\"dateModified\":\"2025-12-04T13:35:10+00:00\",\"description\":\"Mit dem nuvenio Implementierungs-Team setzen wir Ideen in die Realit\u00e4t um. Wir bieten ma\u00dfgeschneiderte L\u00f6sungen, die Konfiguration, Programmierung und Erweiterungen aus dem AppExchange umfassen. Verwandeln Sie Ihre Visionen in handfeste Ergebnisse mit unserer Expertise.\",\"breadcrumb\":{\"@id\":\"https:\\\/\\\/nuvenio.de\\\/implementierung\\\/#breadcrumb\"},\"inLanguage\":\"en-US\",\"potentialAction\":[{\"@type\":\"ReadAction\",\"target\":[\"https:\\\/\\\/nuvenio.de\\\/implementierung\\\/\"]}]},{\"@type\":\"ImageObject\",\"inLanguage\":\"en-US\",\"@id\":\"https:\\\/\\\/nuvenio.de\\\/implementierung\\\/#primaryimage\",\"url\":\"https:\\/\\/nuvenio.de\\/wp-content\\/uploads\\/2024\\/02\\/pexels-photoscom-93400-scaled.jpg\",\"contentUrl\":\"https:\\/\\/nuvenio.de\\/wp-content\\/uploads\\/2024\\/02\\/pexels-photoscom-93400-scaled.jpg\"},{\"@type\":\"BreadcrumbList\",\"@id\":\"https:\\\/\\\/nuvenio.de\\\/implementierung\\\/#breadcrumb\",\"itemListElement\":[{\"@type\":\"ListItem\",\"position\":1,\"name\":\"Startseite\",\"item\":\"https:\\\/\\\/nuvenio.de\\\/\"},{\"@type\":\"ListItem\",\"position\":2,\"name\":\"Implementierung\"}]},{\"@type\":\"WebSite\",\"@id\":\"https:\\\/\\\/nuvenio.de\\\/#website\",\"url\":\"https:\\\/\\\/nuvenio.de\\\/\",\"name\":\"nuvenio\",\"description\":\"Salesforce Consulting\",\"publisher\":{\"@id\":\"https:\\\/\\\/nuvenio.de\\\/#organization\"},\"potentialAction\":[{\"@type\":\"SearchAction\",\"target\":{\"@type\":\"EntryPoint\",\"urlTemplate\":\"https:\\\/\\\/nuvenio.de\\\/?s={search_term_string}\"},\"query-input\":{\"@type\":\"PropertyValueSpecification\",\"valueRequired\":true,\"valueName\":\"search_term_string\"}}],\"inLanguage\":\"en-US\"},{\"@type\":\"Organization\",\"@id\":\"https:\\\/\\\/nuvenio.de\\\/#organization\",\"name\":\"nuvenio\",\"url\":\"https:\\\/\\\/nuvenio.de\\\/\",\"logo\":{\"@type\":\"ImageObject\",\"inLanguage\":\"en-US\",\"@id\":\"https:\\\/\\\/nuvenio.de\\\/#\\\/schema\\\/logo\\\/image\\\/\",\"url\":\"https:\\/\\/nuvenio.de\\/wp-content\\/uploads\\/2024\\/01\\/nunx-logo-02-e1706099563728.png\",\"contentUrl\":\"https:\\/\\/nuvenio.de\\/wp-content\\/uploads\\/2024\\/01\\/nunx-logo-02-e1706099563728.png\",\"width\":4000,\"height\":3459,\"caption\":\"nuvenio\"},\"image\":{\"@id\":\"https:\\\/\\\/nuvenio.de\\\/#\\\/schema\\\/logo\\\/image\\\/\"},\"sameAs\":[\"https:\\\/\\\/www.linkedin.com\\\/company\\\/nuvenio\\\/\"]}]}<\/script>\n<!-- \/ Yoast SEO plugin. -->","yoast_head_json":{"title":"Implementierung - nuvenio","description":"Mit dem nuvenio Implementierungs-Team setzen wir Ideen in die Realit\u00e4t um. Wir bieten ma\u00dfgeschneiderte L\u00f6sungen, die Konfiguration, Programmierung und Erweiterungen aus dem AppExchange umfassen. Verwandeln Sie Ihre Visionen in handfeste Ergebnisse mit unserer Expertise.","robots":{"index":"index","follow":"follow","max-snippet":"max-snippet:-1","max-image-preview":"max-image-preview:large","max-video-preview":"max-video-preview:-1"},"canonical":"https:\/\/nuvenio.de\/en\/implementierung\/","og_locale":"en_US","og_type":"article","og_title":"Implementierung - nuvenio","og_description":"Mit dem nuvenio Implementierungs-Team setzen wir Ideen in die Realit\u00e4t um. Wir bieten ma\u00dfgeschneiderte L\u00f6sungen, die Konfiguration, Programmierung und Erweiterungen aus dem AppExchange umfassen. Verwandeln Sie Ihre Visionen in handfeste Ergebnisse mit unserer Expertise.","og_url":"https:\/\/nuvenio.de\/en\/implementierung\/","og_site_name":"nuvenio","article_modified_time":"2025-12-04T13:35:10+00:00","og_image":[{"width":1636,"height":2560,"url":"https:\/\/ml69d2jesubm.i.optimole.com\/w:auto\/h:auto\/q:mauto\/ig:avif\/https:\/\/nuvenio.de\/wp-content\/uploads\/2024\/02\/pexels-photoscom-93400-scaled.jpg","type":"image\/jpeg"}],"twitter_card":"summary_large_image","twitter_misc":{"Est. reading time":"2 minutes"},"schema":{"@context":"https:\/\/schema.org","@graph":[{"@type":"WebPage","@id":"https:\/\/nuvenio.de\/implementierung\/","url":"https:\/\/nuvenio.de\/implementierung\/","name":"Implementierung - nuvenio","isPartOf":{"@id":"https:\/\/nuvenio.de\/#website"},"primaryImageOfPage":{"@id":"https:\/\/nuvenio.de\/implementierung\/#primaryimage"},"image":{"@id":"https:\/\/nuvenio.de\/implementierung\/#primaryimage"},"thumbnailUrl":"https:\/\/ml69d2jesubm.i.optimole.com\/w:auto\/h:auto\/q:mauto\/ig:avif\/https:\/\/nuvenio.de\/wp-content\/uploads\/2024\/02\/pexels-photoscom-93400-scaled.jpg","datePublished":"2024-02-02T16:23:17+00:00","dateModified":"2025-12-04T13:35:10+00:00","description":"Mit dem nuvenio Implementierungs-Team setzen wir Ideen in die Realit\u00e4t um. Wir bieten ma\u00dfgeschneiderte L\u00f6sungen, die Konfiguration, Programmierung und Erweiterungen aus dem AppExchange umfassen. Verwandeln Sie Ihre Visionen in handfeste Ergebnisse mit unserer Expertise.","breadcrumb":{"@id":"https:\/\/nuvenio.de\/implementierung\/#breadcrumb"},"inLanguage":"en-US","potentialAction":[{"@type":"ReadAction","target":["https:\/\/nuvenio.de\/implementierung\/"]}]},{"@type":"ImageObject","inLanguage":"en-US","@id":"https:\/\/nuvenio.de\/implementierung\/#primaryimage","url":"https:\/\/ml69d2jesubm.i.optimole.com\/w:auto\/h:auto\/q:mauto\/ig:avif\/https:\/\/nuvenio.de\/wp-content\/uploads\/2024\/02\/pexels-photoscom-93400-scaled.jpg","contentUrl":"https:\/\/ml69d2jesubm.i.optimole.com\/w:auto\/h:auto\/q:mauto\/ig:avif\/https:\/\/nuvenio.de\/wp-content\/uploads\/2024\/02\/pexels-photoscom-93400-scaled.jpg"},{"@type":"BreadcrumbList","@id":"https:\/\/nuvenio.de\/implementierung\/#breadcrumb","itemListElement":[{"@type":"ListItem","position":1,"name":"Startseite","item":"https:\/\/nuvenio.de\/"},{"@type":"ListItem","position":2,"name":"Implementierung"}]},{"@type":"WebSite","@id":"https:\/\/nuvenio.de\/#website","url":"https:\/\/nuvenio.de\/","name":"nuvenio","description":"Salesforce Consulting","publisher":{"@id":"https:\/\/nuvenio.de\/#organization"},"potentialAction":[{"@type":"SearchAction","target":{"@type":"EntryPoint","urlTemplate":"https:\/\/nuvenio.de\/?s={search_term_string}"},"query-input":{"@type":"PropertyValueSpecification","valueRequired":true,"valueName":"search_term_string"}}],"inLanguage":"en-US"},{"@type":"Organization","@id":"https:\/\/nuvenio.de\/#organization","name":"nuvenio","url":"https:\/\/nuvenio.de\/","logo":{"@type":"ImageObject","inLanguage":"en-US","@id":"https:\/\/nuvenio.de\/#\/schema\/logo\/image\/","url":"https:\/\/ml69d2jesubm.i.optimole.com\/w:auto\/h:auto\/q:mauto\/ig:avif\/https:\/\/nuvenio.de\/wp-content\/uploads\/2024\/01\/nunx-logo-02-e1706099563728.png","contentUrl":"https:\/\/ml69d2jesubm.i.optimole.com\/w:auto\/h:auto\/q:mauto\/ig:avif\/https:\/\/nuvenio.de\/wp-content\/uploads\/2024\/01\/nunx-logo-02-e1706099563728.png","width":4000,"height":3459,"caption":"nuvenio"},"image":{"@id":"https:\/\/nuvenio.de\/#\/schema\/logo\/image\/"},"sameAs":["https:\/\/www.linkedin.com\/company\/nuvenio\/"]}]}},"jetpack_sharing_enabled":true,"_links":{"self":[{"href":"https:\/\/nuvenio.de\/en\/wp-json\/wp\/v2\/pages\/515","targetHints":{"allow":["GET"]}}],"collection":[{"href":"https:\/\/nuvenio.de\/en\/wp-json\/wp\/v2\/pages"}],"about":[{"href":"https:\/\/nuvenio.de\/en\/wp-json\/wp\/v2\/types\/page"}],"author":[{"embeddable":true,"href":"https:\/\/nuvenio.de\/en\/wp-json\/wp\/v2\/users\/1"}],"replies":[{"embeddable":true,"href":"https:\/\/nuvenio.de\/en\/wp-json\/wp\/v2\/comments?post=515"}],"version-history":[{"count":19,"href":"https:\/\/nuvenio.de\/en\/wp-json\/wp\/v2\/pages\/515\/revisions"}],"predecessor-version":[{"id":1509,"href":"https:\/\/nuvenio.de\/en\/wp-json\/wp\/v2\/pages\/515\/revisions\/1509"}],"wp:attachment":[{"href":"https:\/\/nuvenio.de\/en\/wp-json\/wp\/v2\/media?parent=515"}],"curies":[{"name":"wp","href":"https:\/\/api.w.org\/{rel}","templated":true}]}}