{"id":511,"date":"2024-02-02T17:21:42","date_gmt":"2024-02-02T16:21:42","guid":{"rendered":"https:\/\/nuvenio.de\/?page_id=511"},"modified":"2026-04-15T14:58:54","modified_gmt":"2026-04-15T12:58:54","slug":"unsereleistungen","status":"publish","type":"page","link":"https:\/\/nuvenio.de\/en\/unsereleistungen\/","title":{"rendered":"Our Services"},"content":{"rendered":"<div class=\"wp-block-cover alignfull is-light\" style=\"min-height:100vh;aspect-ratio:unset;\"><img data-opt-id=502833635  fetchpriority=\"high\" decoding=\"async\" width=\"2560\" height=\"1707\" class=\"wp-block-cover__image-background wp-image-801\" alt=\"Bild eines Kaffeetisches, an dem zwei Personen arbeiten und Notizen machen.\" src=\"https:\/\/ml69d2jesubm.i.optimole.com\/w:auto\/h:auto\/q:mauto\/ig:avif\/https:\/\/nuvenio.de\/wp-content\/uploads\/2024\/02\/pexels-alex-green-5699480-scaled.jpg\" data-object-fit=\"cover\" srcset=\"https:\/\/ml69d2jesubm.i.optimole.com\/w:1619\/h:1080\/q:mauto\/ig:avif\/https:\/\/nuvenio.de\/wp-content\/uploads\/2024\/02\/pexels-alex-green-5699480-scaled.jpg 2560w, https:\/\/ml69d2jesubm.i.optimole.com\/w:300\/h:200\/q:mauto\/ig:avif\/https:\/\/nuvenio.de\/wp-content\/uploads\/2024\/02\/pexels-alex-green-5699480-scaled.jpg 300w, https:\/\/ml69d2jesubm.i.optimole.com\/w:1024\/h:683\/q:mauto\/ig:avif\/https:\/\/nuvenio.de\/wp-content\/uploads\/2024\/02\/pexels-alex-green-5699480-scaled.jpg 1024w, https:\/\/ml69d2jesubm.i.optimole.com\/w:768\/h:512\/q:mauto\/ig:avif\/https:\/\/nuvenio.de\/wp-content\/uploads\/2024\/02\/pexels-alex-green-5699480-scaled.jpg 768w, https:\/\/ml69d2jesubm.i.optimole.com\/w:1536\/h:1024\/q:mauto\/ig:avif\/https:\/\/nuvenio.de\/wp-content\/uploads\/2024\/02\/pexels-alex-green-5699480-scaled.jpg 1536w, https:\/\/ml69d2jesubm.i.optimole.com\/w:1620\/h:1080\/q:mauto\/ig:avif\/https:\/\/nuvenio.de\/wp-content\/uploads\/2024\/02\/pexels-alex-green-5699480-scaled.jpg 2048w, https:\/\/ml69d2jesubm.i.optimole.com\/w:930\/h:620\/q:mauto\/ig:avif\/https:\/\/nuvenio.de\/wp-content\/uploads\/2024\/02\/pexels-alex-green-5699480-scaled.jpg 930w\" sizes=\"(max-width: 1200px) 100vw, 1200px\" \/><span aria-hidden=\"true\" class=\"wp-block-cover__background has-neve-text-color-background-color has-background-dim-80 has-background-dim\"><\/span><div class=\"wp-block-cover__inner-container is-layout-flow wp-block-cover-is-layout-flow\">\n<h1 class=\"wp-block-heading has-text-align-center has-nv-text-dark-bg-color has-text-color\"><strong>Our Services<\/strong><\/h1>\n\n\n\n<p class=\"has-text-align-center has-nv-text-dark-bg-color has-text-color has-medium-font-size\">Wir beraten Sie in s\u00e4mtlichen Belangen rund um das Thema Salesforce und digitale Transformation. Erkunden Sie unser Portfolio oder nehmen direkt mit uns Kontakt auf. Wir freuen uns darauf mit Ihnen ein starkes Team zu bilden.<\/p>\n\n\n\n<div class=\"wp-block-buttons is-horizontal is-content-justification-center is-layout-flex wp-container-core-buttons-is-layout-499968f5 wp-block-buttons-is-layout-flex\">\n<div class=\"wp-block-button is-style-primary\"><a class=\"wp-block-button__link has-neve-text-color-color has-neve-link-color-background-color has-text-color has-background wp-element-button\" href=\"https:\/\/outlook.office.com\/bookwithme\/user\/d0f588c0e0a84e5699d392a4f2656d59@nuvenio.de?anonymous&amp;ep=plink\" style=\"border-radius:50px\">Termin vereinbaren<\/a><\/div>\n<\/div>\n\n\n\n<div style=\"height:60px\" aria-hidden=\"true\" class=\"wp-block-spacer\"><\/div>\n\n\n\n<div id=\"wp-block-themeisle-blocks-button-group-6e32c515\" class=\"wp-block-themeisle-blocks-button-group collapse-mobile wp-block-buttons align-full-desktop\">\n<div id=\"wp-block-themeisle-blocks-button-1fd7b71c\" class=\"wp-block-themeisle-blocks-button wp-block-button\"><a href=\"https:\/\/nuvenio.de\/en\/architektur\/\" target=\"_self\" rel=\"noopener noreferrer\" class=\"wp-block-button__link\"><i class=\"fas fa-fw fa-archway margin-right\"><\/i><span>Architecture<\/span><\/a><\/div>\n\n\n\n<div id=\"wp-block-themeisle-blocks-button-49a9d436\" class=\"wp-block-themeisle-blocks-button wp-block-button\"><a href=\"https:\/\/nuvenio.de\/en\/implementierung\/\" target=\"_self\" rel=\"noopener noreferrer\" class=\"wp-block-button__link\"><i class=\"fas fa-fw fa-tools margin-right\"><\/i><span>Implementation<\/span><\/a><\/div>\n\n\n\n<div id=\"wp-block-themeisle-blocks-button-043cb6fd\" class=\"wp-block-themeisle-blocks-button wp-block-button\"><a href=\"https:\/\/nuvenio.de\/en\/reviews\/\" target=\"_self\" rel=\"noopener noreferrer\" class=\"wp-block-button__link\"><i class=\"fas fa-fw fa-search margin-right\"><\/i><span>Reviews<\/span><\/a><\/div>\n<\/div>\n\n\n\n<div style=\"height:60px\" aria-hidden=\"true\" class=\"wp-block-spacer\"><\/div>\n\n\n\n<h2 class=\"wp-block-heading has-text-align-center has-nv-site-bg-color has-text-color has-link-color wp-elements-7237915688e03740f6b88db9f68c813d\"><strong>Liefermodelle<\/strong><\/h2>\n\n\n\n<p class=\"has-text-align-center has-nv-site-bg-color has-text-color has-link-color wp-elements-33faa7e130e65ca0acf9b694b5003ae5\">Wir bieten verschiedene Liefermodelle an, um Ihren Anforderungen bestm\u00f6glich zu entsprechen. Selbstverst\u00e4ndlich k\u00f6nnen die Liefermodelle beliebig kombiniert werden. Zu Erfahrungswerten stellen wir auch gerne Kontakt zu unseren Bestandskunden her.<\/p>\n\n\n\n<div class=\"wp-block-columns alignwide is-layout-flex wp-container-core-columns-is-layout-829b1d53 wp-block-columns-is-layout-flex\" style=\"margin-bottom:0\">\n<div class=\"wp-block-column has-nv-c-2-background-color has-text-color has-background has-link-color wp-elements-ea534ea0489380522769c94ff2d4b9b7 is-layout-flow wp-block-column-is-layout-flow\" style=\"color:#000000;padding-top:2em;padding-right:2em;padding-bottom:2em;padding-left:2em\">\n<h2 class=\"wp-block-heading\" id=\"single\" style=\"font-size:40px\"><strong>Beratung<\/strong> \/ Strategie<\/h2>\n\n\n\n<p class=\"has-normal-font-size\" style=\"line-height:1.5\"><strong>Wir unterst\u00fctzen bei Planung und Design<\/strong><\/p>\n\n\n\n<hr class=\"wp-block-separator has-text-color has-css-opacity has-background is-style-wide\" style=\"background-color:#000000;color:#000000\"\/>\n\n\n\n<ul class=\"wp-block-list has-normal-font-size\">\n<li>Architektur Konzepte<\/li>\n\n\n\n<li>Solution Designs<\/li>\n\n\n\n<li>Konzeptions-Workshops<\/li>\n<\/ul>\n\n\n\n<div id=\"wp-block-themeisle-blocks-button-group-4cbef412\" class=\"wp-block-themeisle-blocks-button-group wp-block-buttons align-center-desktop\">\n<div id=\"wp-block-themeisle-blocks-button-e0de58e2\" class=\"wp-block-themeisle-blocks-button wp-block-button\"><a target=\"_self\" rel=\"noopener noreferrer\" class=\"wp-block-button__link\"><span>Learn More<\/span><\/a><\/div>\n<\/div>\n<\/div>\n\n\n\n<div class=\"wp-block-column has-nv-light-bg-background-color has-text-color has-background has-link-color wp-elements-209f2eaa3cba971632cb3d745b0f525b is-layout-flow wp-block-column-is-layout-flow\" style=\"color:#000000;padding-top:2em;padding-right:2em;padding-bottom:2em;padding-left:2em\">\n<h2 class=\"wp-block-heading\" id=\"family\" style=\"font-size:40px\"><strong>Umsetzung<\/strong><\/h2>\n\n\n\n<p class=\"has-normal-font-size\" style=\"line-height:1.5\"><strong>Wir verwirklichen Ideen und Konzepte<\/strong><\/p>\n\n\n\n<hr class=\"wp-block-separator has-css-opacity is-style-wide\"\/>\n\n\n\n<ul class=\"wp-block-list has-normal-font-size\">\n<li>Salesforce Konfiguration<\/li>\n\n\n\n<li>Coding<\/li>\n\n\n\n<li>Einrichten von Add-Ons<\/li>\n<\/ul>\n\n\n\n<div id=\"wp-block-themeisle-blocks-button-group-a26919fa\" class=\"wp-block-themeisle-blocks-button-group wp-block-buttons align-center-desktop\">\n<div id=\"wp-block-themeisle-blocks-button-2fef0117\" class=\"wp-block-themeisle-blocks-button wp-block-button\"><a target=\"_self\" rel=\"noopener noreferrer\" class=\"wp-block-button__link\"><span>Learn More<\/span><\/a><\/div>\n<\/div>\n<\/div>\n\n\n\n<div class=\"wp-block-column has-text-color has-background has-link-color wp-elements-c6fdc3589b64b1e935d97122eca7e193 is-layout-flow wp-block-column-is-layout-flow\" style=\"color:#000000;background-color:#9f8de1;padding-top:2em;padding-right:2em;padding-bottom:2em;padding-left:2em\">\n<h2 class=\"wp-block-heading\" id=\"patron\" style=\"font-size:40px\"><strong>Nearshoring<\/strong><\/h2>\n\n\n\n<p class=\"has-normal-font-size\"><strong>Wir optimieren Kosten mit Partnern in Ost-Europa<\/strong><\/p>\n\n\n\n<hr class=\"wp-block-separator has-css-opacity is-style-wide\"\/>\n\n\n\n<ul class=\"wp-block-list has-normal-font-size\">\n<li>Erfahrene Entwickler aus Polen &amp; Ukraine<\/li>\n\n\n\n<li>Englischsprachig<\/li>\n\n\n\n<li>Gewohnte nuvenio Qualit\u00e4t<\/li>\n<\/ul>\n\n\n\n<div id=\"wp-block-themeisle-blocks-button-group-ea53d3e8\" class=\"wp-block-themeisle-blocks-button-group wp-block-buttons align-center-desktop\">\n<div id=\"wp-block-themeisle-blocks-button-977b0b22\" class=\"wp-block-themeisle-blocks-button wp-block-button\"><a target=\"_self\" rel=\"noopener noreferrer\" class=\"wp-block-button__link\"><span>Learn More<\/span><\/a><\/div>\n<\/div>\n<\/div>\n<\/div>\n<\/div><\/div>","protected":false},"excerpt":{"rendered":"","protected":false},"author":1,"featured_media":0,"parent":0,"menu_order":0,"comment_status":"closed","ping_status":"closed","template":"","meta":{"_acf_changed":false,"neve_meta_sidebar":"full-width","neve_meta_container":"contained","neve_meta_enable_content_width":"on","neve_meta_content_width":100,"neve_meta_title_alignment":"","neve_meta_author_avatar":"","neve_post_elements_order":"","neve_meta_disable_header":"","neve_meta_disable_footer":"","neve_meta_disable_title":"on","neve_meta_reading_time":"","_themeisle_gutenberg_block_has_review":false,"footnotes":""},"class_list":["post-511","page","type-page","status-publish","hentry"],"acf":{"sf_recordid":""},"yoast_head":"<!-- This site is optimized with the Yoast SEO plugin v27.4 - https:\/\/yoast.com\/product\/yoast-seo-wordpress\/ -->\n<title>Leistungen - nuvenio<\/title>\n<meta name=\"description\" content=\"Erkunden Sie unsere umfassende Palette an Leistungen, die speziell auf Ihre Bed\u00fcrfnisse zugeschnitten sind, darunter Architekt, Implementierung und Reviews. Heben Sie Ihre Projekte mit unserer Expertise auf ein neues Niveau.\" \/>\n<meta name=\"robots\" content=\"index, follow, max-snippet:-1, max-image-preview:large, max-video-preview:-1\" \/>\n<link rel=\"canonical\" href=\"https:\/\/nuvenio.de\/en\/unsereleistungen\/\" \/>\n<meta property=\"og:locale\" content=\"en_US\" \/>\n<meta property=\"og:type\" content=\"article\" \/>\n<meta property=\"og:title\" content=\"Leistungen - nuvenio\" \/>\n<meta property=\"og:description\" content=\"Erkunden Sie unsere umfassende Palette an Leistungen, die speziell auf Ihre Bed\u00fcrfnisse zugeschnitten sind, darunter Architekt, Implementierung und Reviews. Heben Sie Ihre Projekte mit unserer Expertise auf ein neues Niveau.\" \/>\n<meta property=\"og:url\" content=\"https:\/\/nuvenio.de\/en\/unsereleistungen\/\" \/>\n<meta property=\"og:site_name\" content=\"nuvenio\" \/>\n<meta property=\"article:modified_time\" content=\"2026-04-15T12:58:54+00:00\" \/>\n<meta property=\"og:image\" content=\"https:\/\/ml69d2jesubm.i.optimole.com\/w:auto\/h:auto\/q:mauto\/ig:avif\/https:\/\/nuvenio.de\/wp-content\/uploads\/2024\/02\/pexels-alex-green-5699480-scaled.jpg\" \/>\n\t<meta property=\"og:image:width\" content=\"2560\" \/>\n\t<meta property=\"og:image:height\" content=\"1707\" \/>\n\t<meta property=\"og:image:type\" content=\"image\/jpeg\" \/>\n<meta name=\"twitter:card\" content=\"summary_large_image\" \/>\n<meta name=\"twitter:label1\" content=\"Est. reading time\" \/>\n\t<meta name=\"twitter:data1\" content=\"1 minute\" \/>\n<script type=\"application\/ld+json\" class=\"yoast-schema-graph\">{\"@context\":\"https:\\\/\\\/schema.org\",\"@graph\":[{\"@type\":\"WebPage\",\"@id\":\"https:\\\/\\\/nuvenio.de\\\/unsereleistungen\\\/\",\"url\":\"https:\\\/\\\/nuvenio.de\\\/unsereleistungen\\\/\",\"name\":\"Leistungen - nuvenio\",\"isPartOf\":{\"@id\":\"https:\\\/\\\/nuvenio.de\\\/#website\"},\"primaryImageOfPage\":{\"@id\":\"https:\\\/\\\/nuvenio.de\\\/unsereleistungen\\\/#primaryimage\"},\"image\":{\"@id\":\"https:\\\/\\\/nuvenio.de\\\/unsereleistungen\\\/#primaryimage\"},\"thumbnailUrl\":\"https:\\/\\/nuvenio.de\\/wp-content\\/uploads\\/2024\\/02\\/pexels-alex-green-5699480-scaled.jpg\",\"datePublished\":\"2024-02-02T16:21:42+00:00\",\"dateModified\":\"2026-04-15T12:58:54+00:00\",\"description\":\"Erkunden Sie unsere umfassende Palette an Leistungen, die speziell auf Ihre Bed\u00fcrfnisse zugeschnitten sind, darunter Architekt, Implementierung und Reviews. Heben Sie Ihre Projekte mit unserer Expertise auf ein neues Niveau.\",\"breadcrumb\":{\"@id\":\"https:\\\/\\\/nuvenio.de\\\/unsereleistungen\\\/#breadcrumb\"},\"inLanguage\":\"en-US\",\"potentialAction\":[{\"@type\":\"ReadAction\",\"target\":[\"https:\\\/\\\/nuvenio.de\\\/unsereleistungen\\\/\"]}]},{\"@type\":\"ImageObject\",\"inLanguage\":\"en-US\",\"@id\":\"https:\\\/\\\/nuvenio.de\\\/unsereleistungen\\\/#primaryimage\",\"url\":\"https:\\/\\/nuvenio.de\\/wp-content\\/uploads\\/2024\\/02\\/pexels-alex-green-5699480-scaled.jpg\",\"contentUrl\":\"https:\\/\\/nuvenio.de\\/wp-content\\/uploads\\/2024\\/02\\/pexels-alex-green-5699480-scaled.jpg\"},{\"@type\":\"BreadcrumbList\",\"@id\":\"https:\\\/\\\/nuvenio.de\\\/unsereleistungen\\\/#breadcrumb\",\"itemListElement\":[{\"@type\":\"ListItem\",\"position\":1,\"name\":\"Startseite\",\"item\":\"https:\\\/\\\/nuvenio.de\\\/\"},{\"@type\":\"ListItem\",\"position\":2,\"name\":\"Leistungen\"}]},{\"@type\":\"WebSite\",\"@id\":\"https:\\\/\\\/nuvenio.de\\\/#website\",\"url\":\"https:\\\/\\\/nuvenio.de\\\/\",\"name\":\"nuvenio\",\"description\":\"Salesforce Consulting\",\"publisher\":{\"@id\":\"https:\\\/\\\/nuvenio.de\\\/#organization\"},\"potentialAction\":[{\"@type\":\"SearchAction\",\"target\":{\"@type\":\"EntryPoint\",\"urlTemplate\":\"https:\\\/\\\/nuvenio.de\\\/?s={search_term_string}\"},\"query-input\":{\"@type\":\"PropertyValueSpecification\",\"valueRequired\":true,\"valueName\":\"search_term_string\"}}],\"inLanguage\":\"en-US\"},{\"@type\":\"Organization\",\"@id\":\"https:\\\/\\\/nuvenio.de\\\/#organization\",\"name\":\"nuvenio\",\"url\":\"https:\\\/\\\/nuvenio.de\\\/\",\"logo\":{\"@type\":\"ImageObject\",\"inLanguage\":\"en-US\",\"@id\":\"https:\\\/\\\/nuvenio.de\\\/#\\\/schema\\\/logo\\\/image\\\/\",\"url\":\"https:\\/\\/nuvenio.de\\/wp-content\\/uploads\\/2024\\/01\\/nunx-logo-02-e1706099563728.png\",\"contentUrl\":\"https:\\/\\/nuvenio.de\\/wp-content\\/uploads\\/2024\\/01\\/nunx-logo-02-e1706099563728.png\",\"width\":4000,\"height\":3459,\"caption\":\"nuvenio\"},\"image\":{\"@id\":\"https:\\\/\\\/nuvenio.de\\\/#\\\/schema\\\/logo\\\/image\\\/\"},\"sameAs\":[\"https:\\\/\\\/www.linkedin.com\\\/company\\\/nuvenio\\\/\"]}]}<\/script>\n<!-- \/ Yoast SEO plugin. -->","yoast_head_json":{"title":"Leistungen - nuvenio","description":"Erkunden Sie unsere umfassende Palette an Leistungen, die speziell auf Ihre Bed\u00fcrfnisse zugeschnitten sind, darunter Architekt, Implementierung und Reviews. Heben Sie Ihre Projekte mit unserer Expertise auf ein neues Niveau.","robots":{"index":"index","follow":"follow","max-snippet":"max-snippet:-1","max-image-preview":"max-image-preview:large","max-video-preview":"max-video-preview:-1"},"canonical":"https:\/\/nuvenio.de\/en\/unsereleistungen\/","og_locale":"en_US","og_type":"article","og_title":"Leistungen - nuvenio","og_description":"Erkunden Sie unsere umfassende Palette an Leistungen, die speziell auf Ihre Bed\u00fcrfnisse zugeschnitten sind, darunter Architekt, Implementierung und Reviews. Heben Sie Ihre Projekte mit unserer Expertise auf ein neues Niveau.","og_url":"https:\/\/nuvenio.de\/en\/unsereleistungen\/","og_site_name":"nuvenio","article_modified_time":"2026-04-15T12:58:54+00:00","og_image":[{"width":2560,"height":1707,"url":"https:\/\/ml69d2jesubm.i.optimole.com\/w:auto\/h:auto\/q:mauto\/ig:avif\/https:\/\/nuvenio.de\/wp-content\/uploads\/2024\/02\/pexels-alex-green-5699480-scaled.jpg","type":"image\/jpeg"}],"twitter_card":"summary_large_image","twitter_misc":{"Est. reading time":"1 minute"},"schema":{"@context":"https:\/\/schema.org","@graph":[{"@type":"WebPage","@id":"https:\/\/nuvenio.de\/unsereleistungen\/","url":"https:\/\/nuvenio.de\/unsereleistungen\/","name":"Leistungen - nuvenio","isPartOf":{"@id":"https:\/\/nuvenio.de\/#website"},"primaryImageOfPage":{"@id":"https:\/\/nuvenio.de\/unsereleistungen\/#primaryimage"},"image":{"@id":"https:\/\/nuvenio.de\/unsereleistungen\/#primaryimage"},"thumbnailUrl":"https:\/\/ml69d2jesubm.i.optimole.com\/w:auto\/h:auto\/q:mauto\/ig:avif\/https:\/\/nuvenio.de\/wp-content\/uploads\/2024\/02\/pexels-alex-green-5699480-scaled.jpg","datePublished":"2024-02-02T16:21:42+00:00","dateModified":"2026-04-15T12:58:54+00:00","description":"Erkunden Sie unsere umfassende Palette an Leistungen, die speziell auf Ihre Bed\u00fcrfnisse zugeschnitten sind, darunter Architekt, Implementierung und Reviews. Heben Sie Ihre Projekte mit unserer Expertise auf ein neues Niveau.","breadcrumb":{"@id":"https:\/\/nuvenio.de\/unsereleistungen\/#breadcrumb"},"inLanguage":"en-US","potentialAction":[{"@type":"ReadAction","target":["https:\/\/nuvenio.de\/unsereleistungen\/"]}]},{"@type":"ImageObject","inLanguage":"en-US","@id":"https:\/\/nuvenio.de\/unsereleistungen\/#primaryimage","url":"https:\/\/ml69d2jesubm.i.optimole.com\/w:auto\/h:auto\/q:mauto\/ig:avif\/https:\/\/nuvenio.de\/wp-content\/uploads\/2024\/02\/pexels-alex-green-5699480-scaled.jpg","contentUrl":"https:\/\/ml69d2jesubm.i.optimole.com\/w:auto\/h:auto\/q:mauto\/ig:avif\/https:\/\/nuvenio.de\/wp-content\/uploads\/2024\/02\/pexels-alex-green-5699480-scaled.jpg"},{"@type":"BreadcrumbList","@id":"https:\/\/nuvenio.de\/unsereleistungen\/#breadcrumb","itemListElement":[{"@type":"ListItem","position":1,"name":"Startseite","item":"https:\/\/nuvenio.de\/"},{"@type":"ListItem","position":2,"name":"Leistungen"}]},{"@type":"WebSite","@id":"https:\/\/nuvenio.de\/#website","url":"https:\/\/nuvenio.de\/","name":"nuvenio","description":"Salesforce Consulting","publisher":{"@id":"https:\/\/nuvenio.de\/#organization"},"potentialAction":[{"@type":"SearchAction","target":{"@type":"EntryPoint","urlTemplate":"https:\/\/nuvenio.de\/?s={search_term_string}"},"query-input":{"@type":"PropertyValueSpecification","valueRequired":true,"valueName":"search_term_string"}}],"inLanguage":"en-US"},{"@type":"Organization","@id":"https:\/\/nuvenio.de\/#organization","name":"nuvenio","url":"https:\/\/nuvenio.de\/","logo":{"@type":"ImageObject","inLanguage":"en-US","@id":"https:\/\/nuvenio.de\/#\/schema\/logo\/image\/","url":"https:\/\/ml69d2jesubm.i.optimole.com\/w:auto\/h:auto\/q:mauto\/ig:avif\/https:\/\/nuvenio.de\/wp-content\/uploads\/2024\/01\/nunx-logo-02-e1706099563728.png","contentUrl":"https:\/\/ml69d2jesubm.i.optimole.com\/w:auto\/h:auto\/q:mauto\/ig:avif\/https:\/\/nuvenio.de\/wp-content\/uploads\/2024\/01\/nunx-logo-02-e1706099563728.png","width":4000,"height":3459,"caption":"nuvenio"},"image":{"@id":"https:\/\/nuvenio.de\/#\/schema\/logo\/image\/"},"sameAs":["https:\/\/www.linkedin.com\/company\/nuvenio\/"]}]}},"jetpack_sharing_enabled":true,"_links":{"self":[{"href":"https:\/\/nuvenio.de\/en\/wp-json\/wp\/v2\/pages\/511","targetHints":{"allow":["GET"]}}],"collection":[{"href":"https:\/\/nuvenio.de\/en\/wp-json\/wp\/v2\/pages"}],"about":[{"href":"https:\/\/nuvenio.de\/en\/wp-json\/wp\/v2\/types\/page"}],"author":[{"embeddable":true,"href":"https:\/\/nuvenio.de\/en\/wp-json\/wp\/v2\/users\/1"}],"replies":[{"embeddable":true,"href":"https:\/\/nuvenio.de\/en\/wp-json\/wp\/v2\/comments?post=511"}],"version-history":[{"count":20,"href":"https:\/\/nuvenio.de\/en\/wp-json\/wp\/v2\/pages\/511\/revisions"}],"predecessor-version":[{"id":1611,"href":"https:\/\/nuvenio.de\/en\/wp-json\/wp\/v2\/pages\/511\/revisions\/1611"}],"wp:attachment":[{"href":"https:\/\/nuvenio.de\/en\/wp-json\/wp\/v2\/media?parent=511"}],"curies":[{"name":"wp","href":"https:\/\/api.w.org\/{rel}","templated":true}]}}