{"id":1180,"date":"2025-01-13T09:59:31","date_gmt":"2025-01-13T08:59:31","guid":{"rendered":"https:\/\/nuvenio.de\/?page_id=1180"},"modified":"2025-01-13T09:59:33","modified_gmt":"2025-01-13T08:59:33","slug":"partner-portal-upgrade","status":"publish","type":"page","link":"https:\/\/nuvenio.de\/en\/partner-portal-upgrade\/","title":{"rendered":"Partner Portal Upgrade"},"content":{"rendered":"<h4 class=\"wp-block-heading\">The customer<\/h4>\n\n\n\n<p>Unser Kunde, ein weltweit t\u00e4tiges M\u00f6belunternehmen mit \u00fcber 500 Mitarbeitenden, setzt Salesforce f\u00fcr Vertrieb, Service, Marketing und Portall\u00f6sungen ein.<\/p>\n\n\n\n<h4 class=\"wp-block-heading\">Ausgangslage: Partner Portal nicht mehr zeitgem\u00e4\u00df<\/h4>\n\n\n\n<p>Das bestehende Partnerportal basierte auf Salesforce und verwendete eine veraltete Landing Page, die aus mehreren Aura-Komponenten bestand. Diese war nicht nur optisch in die Jahre gekommen, sondern auch technisch schwer wartbar, da viele Funktionen im Code verankert und kaum anpassbar waren. Moderne Features wie das Anzeigen von aktuellen Updates oder personalisierten Inhalten konnten nicht integriert werden. Ziel des Projekts war es, eine skalierbare, zukunftssichere L\u00f6sung zu schaffen, die leicht zu erweitern ist und den Bed\u00fcrfnissen des Unternehmens sowie seiner Partner entspricht.<\/p>\n\n\n<div class=\"wp-block-image\">\n<figure class=\"aligncenter size-full is-resized\"><img data-opt-id=128362891  fetchpriority=\"high\" decoding=\"async\" width=\"866\" height=\"260\" src=\"https:\/\/ml69d2jesubm.i.optimole.com\/w:auto\/h:auto\/q:mauto\/ig:avif\/https:\/\/nuvenio.de\/wp-content\/uploads\/2025\/01\/image.png\" alt=\"\" class=\"wp-image-1181\" style=\"width:693px;height:auto\" srcset=\"https:\/\/ml69d2jesubm.i.optimole.com\/w:866\/h:260\/q:mauto\/ig:avif\/https:\/\/nuvenio.de\/wp-content\/uploads\/2025\/01\/image.png 866w, https:\/\/ml69d2jesubm.i.optimole.com\/w:300\/h:90\/q:mauto\/ig:avif\/https:\/\/nuvenio.de\/wp-content\/uploads\/2025\/01\/image.png 300w, https:\/\/ml69d2jesubm.i.optimole.com\/w:768\/h:231\/q:mauto\/ig:avif\/https:\/\/nuvenio.de\/wp-content\/uploads\/2025\/01\/image.png 768w, https:\/\/ml69d2jesubm.i.optimole.com\/w:18\/h:5\/q:mauto\/ig:avif\/dpr:2\/https:\/\/nuvenio.de\/wp-content\/uploads\/2025\/01\/image.png 18w\" sizes=\"(max-width: 866px) 100vw, 866px\" \/><\/figure>\n<\/div>\n\n\n<h4 class=\"wp-block-heading\">Unsere L\u00f6sung: Sch\u00f6nheitskur f\u00fcr das Partnerportal<\/h4>\n\n\n\n<p>Um das Partnerportal zu modernisieren, entwickelten wir eine Reihe neuer Lightning Web Components, die eine ansprechende und benutzerfreundliche Oberfl\u00e4che bieten. Die wichtigsten Neuerungen umfassen:<\/p>\n\n\n\n<ul class=\"wp-block-list\">\n<li><strong>Personalisierter Update-Karussell<\/strong>: Zeigt die neuesten Nachrichten, Kampagnen, Servicef\u00e4lle und Opportunities \u00fcbersichtlich an.<\/li>\n\n\n\n<li><strong>Personalisierter App-Launcher<\/strong>: Erm\u00f6glicht Partnern, nur relevante Anwendungen anzuzeigen und diese von einer zentralen Stelle aus zu starten.<\/li>\n\n\n\n<li><strong>Responsive Design<\/strong>: Die L\u00f6sung ist vollst\u00e4ndig mobilf\u00e4hig und sorgt f\u00fcr eine optimale Darstellung auf allen Endger\u00e4ten.<\/li>\n\n\n\n<li><strong>Modularit\u00e4t und einfache Wartung<\/strong>: Das Portal wurde so entwickelt, dass es sich problemlos erweitern l\u00e4sst \u2013 beispielsweise um AI-gest\u00fctzte Personalisierungen in Zukunft zu integrieren. Anpassungen und Wartungen k\u00f6nnen vom Kunden eigenst\u00e4ndig vorgenommen werden, ohne dass \u00c4nderungen im Code erforderlich sind.<\/li>\n<\/ul>\n\n\n<div class=\"wp-block-image\">\n<figure class=\"aligncenter size-full is-resized\"><img data-opt-id=2083145846  fetchpriority=\"high\" decoding=\"async\" width=\"758\" height=\"758\" src=\"https:\/\/ml69d2jesubm.i.optimole.com\/w:auto\/h:auto\/q:mauto\/ig:avif\/https:\/\/nuvenio.de\/wp-content\/uploads\/2025\/01\/image-1.png\" alt=\"\" class=\"wp-image-1182\" style=\"width:540px;height:auto\" srcset=\"https:\/\/ml69d2jesubm.i.optimole.com\/w:758\/h:758\/q:mauto\/ig:avif\/https:\/\/nuvenio.de\/wp-content\/uploads\/2025\/01\/image-1.png 758w, https:\/\/ml69d2jesubm.i.optimole.com\/w:300\/h:300\/q:mauto\/ig:avif\/https:\/\/nuvenio.de\/wp-content\/uploads\/2025\/01\/image-1.png 300w, https:\/\/ml69d2jesubm.i.optimole.com\/w:150\/h:150\/q:mauto\/ig:avif\/https:\/\/nuvenio.de\/wp-content\/uploads\/2025\/01\/image-1.png 150w, https:\/\/ml69d2jesubm.i.optimole.com\/w:12\/h:12\/q:mauto\/ig:avif\/dpr:2\/https:\/\/nuvenio.de\/wp-content\/uploads\/2025\/01\/image-1.png 12w\" sizes=\"(max-width: 758px) 100vw, 758px\" \/><\/figure>\n<\/div>\n\n\n<h4 class=\"wp-block-heading\">Ergebnis: Modernes Partner Portal &#8211; Bereit f\u00fcr die Zukunft<\/h4>\n\n\n\n<p>Mit dem neuen Partnerportal verf\u00fcgt der Kunde \u00fcber eine moderne, leicht wartbare L\u00f6sung, die den Anforderungen seiner globalen Partner gerecht wird. Die positive Resonanz der Partner best\u00e4tigt die Benutzerfreundlichkeit und das ansprechende Design der neuen Benutzeroberfl\u00e4che. Dank der modularen Struktur bietet das Portal eine solide Grundlage f\u00fcr zuk\u00fcnftige Erweiterungen, wie den Einsatz von KI zur weiteren Verbesserung der Personalisierung.<\/p>\n\n\n\n<hr class=\"wp-block-separator has-alpha-channel-opacity\"\/>\n\n\n\n<p>Haben auch Sie den Wunsch, Ihre Salesforce-L\u00f6sung zu modernisieren oder ein neues Projekt umzusetzen? Kontaktieren Sie uns noch heute, um Ihre Vision Wirklichkeit werden zu lassen!<\/p>\n\n\n\n<div class=\"wp-block-cover alignfull\" style=\"min-height:100vh;aspect-ratio:unset;\"><span aria-hidden=\"true\" class=\"wp-block-cover__background has-neve-text-color-background-color has-background-dim-80 has-background-dim\"><\/span><img data-opt-id=221048448  data-opt-src=\"https:\/\/ml69d2jesubm.i.optimole.com\/w:auto\/h:auto\/q:mauto\/ig:avif\/https:\/\/nuvenio.de\/wp-content\/uploads\/2024\/02\/pexels-pixabay-258447-scaled.jpg\"  decoding=\"async\" width=\"2560\" height=\"1910\" class=\"wp-block-cover__image-background wp-image-751\" alt=\"\" src=\"data:image/svg+xml,%3Csvg%20viewBox%3D%220%200%20100%%20100%%22%20width%3D%22100%%22%20height%3D%22100%%22%20xmlns%3D%22http%3A%2F%2Fwww.w3.org%2F2000%2Fsvg%22%3E%3Crect%20width%3D%22100%%22%20height%3D%22100%%22%20fill%3D%22transparent%22%2F%3E%3C%2Fsvg%3E\" data-object-fit=\"cover\" old-srcset=\"https:\/\/ml69d2jesubm.i.optimole.com\/w:1447\/h:1080\/q:mauto\/ig:avif\/https:\/\/nuvenio.de\/wp-content\/uploads\/2024\/02\/pexels-pixabay-258447-scaled.jpg 2560w, https:\/\/ml69d2jesubm.i.optimole.com\/w:300\/h:224\/q:mauto\/ig:avif\/https:\/\/nuvenio.de\/wp-content\/uploads\/2024\/02\/pexels-pixabay-258447-scaled.jpg 300w, https:\/\/ml69d2jesubm.i.optimole.com\/w:1024\/h:764\/q:mauto\/ig:avif\/https:\/\/nuvenio.de\/wp-content\/uploads\/2024\/02\/pexels-pixabay-258447-scaled.jpg 1024w, https:\/\/ml69d2jesubm.i.optimole.com\/w:768\/h:573\/q:mauto\/ig:avif\/https:\/\/nuvenio.de\/wp-content\/uploads\/2024\/02\/pexels-pixabay-258447-scaled.jpg 768w, https:\/\/ml69d2jesubm.i.optimole.com\/w:1447\/h:1080\/q:mauto\/ig:avif\/https:\/\/nuvenio.de\/wp-content\/uploads\/2024\/02\/pexels-pixabay-258447-scaled.jpg 1536w, https:\/\/ml69d2jesubm.i.optimole.com\/w:1447\/h:1080\/q:mauto\/ig:avif\/https:\/\/nuvenio.de\/wp-content\/uploads\/2024\/02\/pexels-pixabay-258447-scaled.jpg 2048w\" \/><div class=\"wp-block-cover__inner-container is-layout-constrained wp-block-cover-is-layout-constrained\">\n<h1 class=\"wp-block-heading has-text-align-center has-nv-site-bg-color has-text-color has-link-color wp-elements-0aee5f93ac4afebd8c6affc16b96d864\">Your contact person<\/h1>\n\n\n\n<div id=\"wp-block-themeisle-blocks-advanced-columns-02d445b2\" class=\"wp-block-themeisle-blocks-advanced-columns has-4-columns has-desktop-equal-layout has-tablet-equal-layout has-mobile-collapsedRows-layout has-vertical-unset\"><div class=\"wp-block-themeisle-blocks-advanced-columns-overlay\"><\/div><div class=\"innerblocks-wrap\">\n<div id=\"wp-block-themeisle-blocks-advanced-column-806bedf0\" class=\"wp-block-themeisle-blocks-advanced-column\"><\/div>\n\n\n\n<div id=\"wp-block-themeisle-blocks-advanced-column-39bffe5e\" class=\"wp-block-themeisle-blocks-advanced-column\"><div class=\"wp-block-image is-style-rounded\">\n<figure class=\"aligncenter size-large is-resized has-custom-border\"><img data-opt-id=1802762894  data-opt-src=\"https:\/\/ml69d2jesubm.i.optimole.com\/w:1024\/h:683\/q:mauto\/ig:avif\/https:\/\/nuvenio.de\/wp-content\/uploads\/2024\/02\/IMG_9718.jpg\"  decoding=\"async\" width=\"1024\" height=\"683\" src=\"data:image/svg+xml,%3Csvg%20viewBox%3D%220%200%201024%20683%22%20width%3D%221024%22%20height%3D%22683%22%20xmlns%3D%22http%3A%2F%2Fwww.w3.org%2F2000%2Fsvg%22%3E%3Crect%20width%3D%221024%22%20height%3D%22683%22%20fill%3D%22transparent%22%2F%3E%3C%2Fsvg%3E\" alt=\"\" class=\"wp-image-503\" style=\"border-style:none;border-width:0px;border-radius:100px;aspect-ratio:1;object-fit:cover;width:200px\" old-srcset=\"https:\/\/ml69d2jesubm.i.optimole.com\/w:1024\/h:683\/q:mauto\/ig:avif\/https:\/\/nuvenio.de\/wp-content\/uploads\/2024\/02\/IMG_9718-scaled.jpg 1024w, https:\/\/ml69d2jesubm.i.optimole.com\/w:300\/h:200\/q:mauto\/ig:avif\/https:\/\/nuvenio.de\/wp-content\/uploads\/2024\/02\/IMG_9718-scaled.jpg 300w, https:\/\/ml69d2jesubm.i.optimole.com\/w:768\/h:512\/q:mauto\/ig:avif\/https:\/\/nuvenio.de\/wp-content\/uploads\/2024\/02\/IMG_9718-scaled.jpg 768w, https:\/\/ml69d2jesubm.i.optimole.com\/w:1536\/h:1024\/q:mauto\/ig:avif\/https:\/\/nuvenio.de\/wp-content\/uploads\/2024\/02\/IMG_9718-scaled.jpg 1536w, https:\/\/ml69d2jesubm.i.optimole.com\/w:1620\/h:1080\/q:mauto\/ig:avif\/https:\/\/nuvenio.de\/wp-content\/uploads\/2024\/02\/IMG_9718-scaled.jpg 2048w, https:\/\/ml69d2jesubm.i.optimole.com\/w:930\/h:620\/q:mauto\/ig:avif\/https:\/\/nuvenio.de\/wp-content\/uploads\/2024\/02\/IMG_9718-scaled.jpg 930w\" \/><\/figure>\n<\/div><\/div>\n\n\n\n<div id=\"wp-block-themeisle-blocks-advanced-column-8025d0db\" class=\"wp-block-themeisle-blocks-advanced-column\">\n<p class=\"has-nv-site-bg-color has-text-color has-link-color has-medium-font-size wp-elements-72acbb3baca98e8b481bd1bc605df81a\">Maximilian Wingberm\u00fchle<br>Gesch\u00e4ftsf\u00fchrer &amp; Salesforce Architekt<\/p>\n\n\n\n<p class=\"has-nv-site-bg-color has-text-color has-link-color has-medium-font-size wp-elements-5c2bf3c2f42f90f8b9d7f159d1104946\">Mail: <a href=\"mailto:max@nuvenio.de\">max@nuvenio.de<\/a><br>Mobil: +49 151 725 428 71<br>LinkedIn: <a href=\"https:\/\/www.linkedin.com\/in\/m21e\/\">linkedin.com\/in\/m21e<\/a><\/p>\n<\/div>\n\n\n\n<div id=\"wp-block-themeisle-blocks-advanced-column-2caffe48\" class=\"wp-block-themeisle-blocks-advanced-column\"><\/div>\n<\/div><\/div>\n\n\n\n<div id=\"wp-block-themeisle-blocks-advanced-columns-9da7bd5a\" class=\"wp-block-themeisle-blocks-advanced-columns has-3-columns has-desktop-equal-layout has-tablet-equal-layout has-mobile-collapsedRows-layout has-vertical-unset\"><div class=\"wp-block-themeisle-blocks-advanced-columns-overlay\"><\/div><div class=\"innerblocks-wrap\">\n<div id=\"wp-block-themeisle-blocks-advanced-column-d88bfaa1\" class=\"wp-block-themeisle-blocks-advanced-column\"><\/div>\n\n\n\n<div id=\"wp-block-themeisle-blocks-advanced-column-28557fac\" class=\"wp-block-themeisle-blocks-advanced-column\">\n<div style=\"position: relative; height:80dvh; overflow:auto;\"> \n  <iframe \n    src=\"https:\/\/app.formbricks.com\/s\/cm989t19s0e5xqv01vidyk5a4\" \n    frameborder=\"0\" style=\"position: absolute; left:0; top:0; width:100%; height:100%; border:0;\">\n  <\/iframe>\n<\/div>\n<\/div>\n\n\n\n<div id=\"wp-block-themeisle-blocks-advanced-column-cdb6a3d8\" class=\"wp-block-themeisle-blocks-advanced-column\"><\/div>\n<\/div><\/div>\n<\/div><\/div>","protected":false},"excerpt":{"rendered":"<p>Unser Kunde Unser Kunde, ein weltweit t\u00e4tiges M\u00f6belunternehmen mit \u00fcber 500 Mitarbeitenden, setzt Salesforce f\u00fcr Vertrieb, Service, Marketing und Portall\u00f6sungen ein. Ausgangslage: Partner Portal nicht mehr zeitgem\u00e4\u00df Das bestehende Partnerportal basierte auf Salesforce und verwendete eine veraltete Landing Page, die aus mehreren Aura-Komponenten bestand. Diese war nicht nur optisch in die Jahre gekommen, sondern auch&hellip;&nbsp;<a href=\"https:\/\/nuvenio.de\/en\/partner-portal-upgrade\/\" rel=\"bookmark\">Read More &raquo;<span class=\"screen-reader-text\">Partner Portal Upgrade<\/span><\/a><\/p>","protected":false},"author":1,"featured_media":0,"parent":0,"menu_order":0,"comment_status":"closed","ping_status":"closed","template":"","meta":{"_acf_changed":false,"neve_meta_sidebar":"","neve_meta_container":"","neve_meta_enable_content_width":"","neve_meta_content_width":0,"neve_meta_title_alignment":"","neve_meta_author_avatar":"","neve_post_elements_order":"","neve_meta_disable_header":"","neve_meta_disable_footer":"","neve_meta_disable_title":"","neve_meta_reading_time":"","_themeisle_gutenberg_block_has_review":false,"footnotes":""},"class_list":["post-1180","page","type-page","status-publish","hentry"],"acf":{"sf_recordid":""},"yoast_head":"<!-- This site is optimized with the Yoast SEO plugin v27.5 - https:\/\/yoast.com\/product\/yoast-seo-wordpress\/ -->\n<title>Partner Portal Upgrade - nuvenio<\/title>\n<meta name=\"description\" content=\"Erfahren Sie, wie ein globales M\u00f6belunternehmen sein Partnerportal mit modernen Lightning Web Components revolutionierte. Benutzerfreundlichkeit, Personalisierung und einfache Wartung \u2013 jetzt zukunftssicher und mobiloptimiert!\" \/>\n<meta name=\"robots\" content=\"index, follow, max-snippet:-1, max-image-preview:large, max-video-preview:-1\" \/>\n<link rel=\"canonical\" href=\"https:\/\/nuvenio.de\/en\/partner-portal-upgrade\/\" \/>\n<meta property=\"og:locale\" content=\"en_US\" \/>\n<meta property=\"og:type\" content=\"article\" \/>\n<meta property=\"og:title\" content=\"Partner Portal Upgrade - nuvenio\" \/>\n<meta property=\"og:description\" content=\"Erfahren Sie, wie ein globales M\u00f6belunternehmen sein Partnerportal mit modernen Lightning Web Components revolutionierte. Benutzerfreundlichkeit, Personalisierung und einfache Wartung \u2013 jetzt zukunftssicher und mobiloptimiert!\" \/>\n<meta property=\"og:url\" content=\"https:\/\/nuvenio.de\/en\/partner-portal-upgrade\/\" \/>\n<meta property=\"og:site_name\" content=\"nuvenio\" \/>\n<meta property=\"article:modified_time\" content=\"2025-01-13T08:59:33+00:00\" \/>\n<meta property=\"og:image\" content=\"https:\/\/ml69d2jesubm.i.optimole.com\/w:auto\/h:auto\/q:mauto\/ig:avif\/https:\/\/nuvenio.de\/wp-content\/uploads\/2025\/01\/image.png\" \/>\n\t<meta property=\"og:image:width\" content=\"866\" \/>\n\t<meta property=\"og:image:height\" content=\"260\" \/>\n\t<meta property=\"og:image:type\" content=\"image\/png\" \/>\n<meta name=\"twitter:card\" content=\"summary_large_image\" \/>\n<meta name=\"twitter:label1\" content=\"Est. reading time\" \/>\n\t<meta name=\"twitter:data1\" content=\"3 minutes\" \/>\n<script type=\"application\/ld+json\" class=\"yoast-schema-graph\">{\"@context\":\"https:\\\/\\\/schema.org\",\"@graph\":[{\"@type\":\"WebPage\",\"@id\":\"https:\\\/\\\/nuvenio.de\\\/partner-portal-upgrade\\\/\",\"url\":\"https:\\\/\\\/nuvenio.de\\\/partner-portal-upgrade\\\/\",\"name\":\"Partner Portal Upgrade - nuvenio\",\"isPartOf\":{\"@id\":\"https:\\\/\\\/nuvenio.de\\\/#website\"},\"primaryImageOfPage\":{\"@id\":\"https:\\\/\\\/nuvenio.de\\\/partner-portal-upgrade\\\/#primaryimage\"},\"image\":{\"@id\":\"https:\\\/\\\/nuvenio.de\\\/partner-portal-upgrade\\\/#primaryimage\"},\"thumbnailUrl\":\"https:\\/\\/nuvenio.de\\/wp-content\\/uploads\\/2025\\/01\\/image.png\",\"datePublished\":\"2025-01-13T08:59:31+00:00\",\"dateModified\":\"2025-01-13T08:59:33+00:00\",\"description\":\"Erfahren Sie, wie ein globales M\u00f6belunternehmen sein Partnerportal mit modernen Lightning Web Components revolutionierte. Benutzerfreundlichkeit, Personalisierung und einfache Wartung \u2013 jetzt zukunftssicher und mobiloptimiert!\",\"breadcrumb\":{\"@id\":\"https:\\\/\\\/nuvenio.de\\\/partner-portal-upgrade\\\/#breadcrumb\"},\"inLanguage\":\"en-US\",\"potentialAction\":[{\"@type\":\"ReadAction\",\"target\":[\"https:\\\/\\\/nuvenio.de\\\/partner-portal-upgrade\\\/\"]}]},{\"@type\":\"ImageObject\",\"inLanguage\":\"en-US\",\"@id\":\"https:\\\/\\\/nuvenio.de\\\/partner-portal-upgrade\\\/#primaryimage\",\"url\":\"https:\\/\\/nuvenio.de\\/wp-content\\/uploads\\/2025\\/01\\/image.png\",\"contentUrl\":\"https:\\/\\/nuvenio.de\\/wp-content\\/uploads\\/2025\\/01\\/image.png\"},{\"@type\":\"BreadcrumbList\",\"@id\":\"https:\\\/\\\/nuvenio.de\\\/partner-portal-upgrade\\\/#breadcrumb\",\"itemListElement\":[{\"@type\":\"ListItem\",\"position\":1,\"name\":\"Startseite\",\"item\":\"https:\\\/\\\/nuvenio.de\\\/\"},{\"@type\":\"ListItem\",\"position\":2,\"name\":\"Partner Portal Upgrade\"}]},{\"@type\":\"WebSite\",\"@id\":\"https:\\\/\\\/nuvenio.de\\\/#website\",\"url\":\"https:\\\/\\\/nuvenio.de\\\/\",\"name\":\"nuvenio\",\"description\":\"Salesforce Consulting\",\"publisher\":{\"@id\":\"https:\\\/\\\/nuvenio.de\\\/#organization\"},\"potentialAction\":[{\"@type\":\"SearchAction\",\"target\":{\"@type\":\"EntryPoint\",\"urlTemplate\":\"https:\\\/\\\/nuvenio.de\\\/?s={search_term_string}\"},\"query-input\":{\"@type\":\"PropertyValueSpecification\",\"valueRequired\":true,\"valueName\":\"search_term_string\"}}],\"inLanguage\":\"en-US\"},{\"@type\":\"Organization\",\"@id\":\"https:\\\/\\\/nuvenio.de\\\/#organization\",\"name\":\"nuvenio\",\"url\":\"https:\\\/\\\/nuvenio.de\\\/\",\"logo\":{\"@type\":\"ImageObject\",\"inLanguage\":\"en-US\",\"@id\":\"https:\\\/\\\/nuvenio.de\\\/#\\\/schema\\\/logo\\\/image\\\/\",\"url\":\"https:\\/\\/nuvenio.de\\/wp-content\\/uploads\\/2024\\/01\\/nunx-logo-02-e1706099563728.png\",\"contentUrl\":\"https:\\/\\/nuvenio.de\\/wp-content\\/uploads\\/2024\\/01\\/nunx-logo-02-e1706099563728.png\",\"width\":4000,\"height\":3459,\"caption\":\"nuvenio\"},\"image\":{\"@id\":\"https:\\\/\\\/nuvenio.de\\\/#\\\/schema\\\/logo\\\/image\\\/\"},\"sameAs\":[\"https:\\\/\\\/www.linkedin.com\\\/company\\\/nuvenio\\\/\"]}]}<\/script>\n<!-- \/ Yoast SEO plugin. -->","yoast_head_json":{"title":"Partner Portal Upgrade - nuvenio","description":"Erfahren Sie, wie ein globales M\u00f6belunternehmen sein Partnerportal mit modernen Lightning Web Components revolutionierte. Benutzerfreundlichkeit, Personalisierung und einfache Wartung \u2013 jetzt zukunftssicher und mobiloptimiert!","robots":{"index":"index","follow":"follow","max-snippet":"max-snippet:-1","max-image-preview":"max-image-preview:large","max-video-preview":"max-video-preview:-1"},"canonical":"https:\/\/nuvenio.de\/en\/partner-portal-upgrade\/","og_locale":"en_US","og_type":"article","og_title":"Partner Portal Upgrade - nuvenio","og_description":"Erfahren Sie, wie ein globales M\u00f6belunternehmen sein Partnerportal mit modernen Lightning Web Components revolutionierte. Benutzerfreundlichkeit, Personalisierung und einfache Wartung \u2013 jetzt zukunftssicher und mobiloptimiert!","og_url":"https:\/\/nuvenio.de\/en\/partner-portal-upgrade\/","og_site_name":"nuvenio","article_modified_time":"2025-01-13T08:59:33+00:00","og_image":[{"width":866,"height":260,"url":"https:\/\/ml69d2jesubm.i.optimole.com\/w:auto\/h:auto\/q:mauto\/ig:avif\/https:\/\/nuvenio.de\/wp-content\/uploads\/2025\/01\/image.png","type":"image\/png"}],"twitter_card":"summary_large_image","twitter_misc":{"Est. reading time":"3 minutes"},"schema":{"@context":"https:\/\/schema.org","@graph":[{"@type":"WebPage","@id":"https:\/\/nuvenio.de\/partner-portal-upgrade\/","url":"https:\/\/nuvenio.de\/partner-portal-upgrade\/","name":"Partner Portal Upgrade - nuvenio","isPartOf":{"@id":"https:\/\/nuvenio.de\/#website"},"primaryImageOfPage":{"@id":"https:\/\/nuvenio.de\/partner-portal-upgrade\/#primaryimage"},"image":{"@id":"https:\/\/nuvenio.de\/partner-portal-upgrade\/#primaryimage"},"thumbnailUrl":"https:\/\/ml69d2jesubm.i.optimole.com\/w:auto\/h:auto\/q:mauto\/ig:avif\/https:\/\/nuvenio.de\/wp-content\/uploads\/2025\/01\/image.png","datePublished":"2025-01-13T08:59:31+00:00","dateModified":"2025-01-13T08:59:33+00:00","description":"Erfahren Sie, wie ein globales M\u00f6belunternehmen sein Partnerportal mit modernen Lightning Web Components revolutionierte. Benutzerfreundlichkeit, Personalisierung und einfache Wartung \u2013 jetzt zukunftssicher und mobiloptimiert!","breadcrumb":{"@id":"https:\/\/nuvenio.de\/partner-portal-upgrade\/#breadcrumb"},"inLanguage":"en-US","potentialAction":[{"@type":"ReadAction","target":["https:\/\/nuvenio.de\/partner-portal-upgrade\/"]}]},{"@type":"ImageObject","inLanguage":"en-US","@id":"https:\/\/nuvenio.de\/partner-portal-upgrade\/#primaryimage","url":"https:\/\/ml69d2jesubm.i.optimole.com\/w:auto\/h:auto\/q:mauto\/ig:avif\/https:\/\/nuvenio.de\/wp-content\/uploads\/2025\/01\/image.png","contentUrl":"https:\/\/ml69d2jesubm.i.optimole.com\/w:auto\/h:auto\/q:mauto\/ig:avif\/https:\/\/nuvenio.de\/wp-content\/uploads\/2025\/01\/image.png"},{"@type":"BreadcrumbList","@id":"https:\/\/nuvenio.de\/partner-portal-upgrade\/#breadcrumb","itemListElement":[{"@type":"ListItem","position":1,"name":"Startseite","item":"https:\/\/nuvenio.de\/"},{"@type":"ListItem","position":2,"name":"Partner Portal Upgrade"}]},{"@type":"WebSite","@id":"https:\/\/nuvenio.de\/#website","url":"https:\/\/nuvenio.de\/","name":"nuvenio","description":"Salesforce Consulting","publisher":{"@id":"https:\/\/nuvenio.de\/#organization"},"potentialAction":[{"@type":"SearchAction","target":{"@type":"EntryPoint","urlTemplate":"https:\/\/nuvenio.de\/?s={search_term_string}"},"query-input":{"@type":"PropertyValueSpecification","valueRequired":true,"valueName":"search_term_string"}}],"inLanguage":"en-US"},{"@type":"Organization","@id":"https:\/\/nuvenio.de\/#organization","name":"nuvenio","url":"https:\/\/nuvenio.de\/","logo":{"@type":"ImageObject","inLanguage":"en-US","@id":"https:\/\/nuvenio.de\/#\/schema\/logo\/image\/","url":"https:\/\/ml69d2jesubm.i.optimole.com\/w:auto\/h:auto\/q:mauto\/ig:avif\/https:\/\/nuvenio.de\/wp-content\/uploads\/2024\/01\/nunx-logo-02-e1706099563728.png","contentUrl":"https:\/\/ml69d2jesubm.i.optimole.com\/w:auto\/h:auto\/q:mauto\/ig:avif\/https:\/\/nuvenio.de\/wp-content\/uploads\/2024\/01\/nunx-logo-02-e1706099563728.png","width":4000,"height":3459,"caption":"nuvenio"},"image":{"@id":"https:\/\/nuvenio.de\/#\/schema\/logo\/image\/"},"sameAs":["https:\/\/www.linkedin.com\/company\/nuvenio\/"]}]}},"jetpack_sharing_enabled":true,"_links":{"self":[{"href":"https:\/\/nuvenio.de\/en\/wp-json\/wp\/v2\/pages\/1180","targetHints":{"allow":["GET"]}}],"collection":[{"href":"https:\/\/nuvenio.de\/en\/wp-json\/wp\/v2\/pages"}],"about":[{"href":"https:\/\/nuvenio.de\/en\/wp-json\/wp\/v2\/types\/page"}],"author":[{"embeddable":true,"href":"https:\/\/nuvenio.de\/en\/wp-json\/wp\/v2\/users\/1"}],"replies":[{"embeddable":true,"href":"https:\/\/nuvenio.de\/en\/wp-json\/wp\/v2\/comments?post=1180"}],"version-history":[{"count":1,"href":"https:\/\/nuvenio.de\/en\/wp-json\/wp\/v2\/pages\/1180\/revisions"}],"predecessor-version":[{"id":1183,"href":"https:\/\/nuvenio.de\/en\/wp-json\/wp\/v2\/pages\/1180\/revisions\/1183"}],"wp:attachment":[{"href":"https:\/\/nuvenio.de\/en\/wp-json\/wp\/v2\/media?parent=1180"}],"curies":[{"name":"wp","href":"https:\/\/api.w.org\/{rel}","templated":true}]}}