{"id":1109,"date":"2024-12-04T13:37:10","date_gmt":"2024-12-04T12:37:10","guid":{"rendered":"https:\/\/nuvenio.de\/?page_id=1109"},"modified":"2025-10-13T21:45:46","modified_gmt":"2025-10-13T19:45:46","slug":"csr","status":"publish","type":"page","link":"https:\/\/nuvenio.de\/en\/csr\/","title":{"rendered":"Social Responsibility"},"content":{"rendered":"<div class=\"wp-block-cover alignfull has-nv-text-dark-bg-color has-text-color has-link-color wp-elements-8fd469bc3a7723373a76d247c7e9b095\" style=\"padding-right:var(--wp--preset--spacing--60);padding-left:var(--wp--preset--spacing--60);min-height:100vh;aspect-ratio:unset;\"><img data-opt-id=404436566  fetchpriority=\"high\" decoding=\"async\" width=\"2560\" height=\"1670\" class=\"wp-block-cover__image-background wp-image-1110\" alt=\"\" src=\"https:\/\/ml69d2jesubm.i.optimole.com\/w:auto\/h:auto\/q:mauto\/ig:avif\/https:\/\/nuvenio.de\/wp-content\/uploads\/2024\/12\/pexels-minan1398-1230157-scaled.jpg\" data-object-fit=\"cover\" srcset=\"https:\/\/ml69d2jesubm.i.optimole.com\/w:1655\/h:1080\/q:mauto\/ig:avif\/https:\/\/nuvenio.de\/wp-content\/uploads\/2024\/12\/pexels-minan1398-1230157-scaled.jpg 2560w, https:\/\/ml69d2jesubm.i.optimole.com\/w:300\/h:196\/q:mauto\/ig:avif\/https:\/\/nuvenio.de\/wp-content\/uploads\/2024\/12\/pexels-minan1398-1230157-scaled.jpg 300w, https:\/\/ml69d2jesubm.i.optimole.com\/w:1024\/h:668\/q:mauto\/ig:avif\/https:\/\/nuvenio.de\/wp-content\/uploads\/2024\/12\/pexels-minan1398-1230157-scaled.jpg 1024w, https:\/\/ml69d2jesubm.i.optimole.com\/w:768\/h:501\/q:mauto\/ig:avif\/https:\/\/nuvenio.de\/wp-content\/uploads\/2024\/12\/pexels-minan1398-1230157-scaled.jpg 768w, https:\/\/ml69d2jesubm.i.optimole.com\/w:1536\/h:1002\/q:mauto\/ig:avif\/https:\/\/nuvenio.de\/wp-content\/uploads\/2024\/12\/pexels-minan1398-1230157-scaled.jpg 1536w, https:\/\/ml69d2jesubm.i.optimole.com\/w:1655\/h:1080\/q:mauto\/ig:avif\/https:\/\/nuvenio.de\/wp-content\/uploads\/2024\/12\/pexels-minan1398-1230157-scaled.jpg 2048w, https:\/\/ml69d2jesubm.i.optimole.com\/w:18\/h:12\/q:mauto\/ig:avif\/dpr:2\/https:\/\/nuvenio.de\/wp-content\/uploads\/2024\/12\/pexels-minan1398-1230157-scaled.jpg 18w\" sizes=\"(max-width: 1200px) 100vw, 1200px\" \/><span aria-hidden=\"true\" class=\"wp-block-cover__background has-neve-text-color-background-color has-background-dim-80 has-background-dim\"><\/span><div class=\"wp-block-cover__inner-container is-layout-constrained wp-container-core-cover-is-layout-81e88365 wp-block-cover-is-layout-constrained\">\n<h2 class=\"wp-block-heading has-text-align-center has-nv-site-bg-color has-text-color has-link-color wp-elements-d18bdff95006c6cda269c124a486f65a\"><strong>Shaping the future together<\/strong><\/h2>\n\n\n\n<h3 class=\"wp-block-heading has-text-align-center\"><strong>Our contribution to a better world<\/strong><\/h3>\n\n\n\n<p class=\"has-text-align-center has-nv-site-bg-color has-text-color has-link-color wp-elements-178e32098e7e4d6806a91bba432ef98c\">As a modern consulting company we know that sucess means more than just reaching monetary goals. <br>We are responsible to actively contribute to the community and create sustainable impacts. <br><\/p>\n\n\n\n<p class=\"has-text-align-center has-nv-site-bg-color has-text-color has-link-color wp-elements-0e6dac90d9b55fa825d814555f7eba7a\">From <strong>donation projects<\/strong>where our employees can choose charitable organzations to support, as well as <strong>local cooperations<\/strong> und der Unterst\u00fctzung gemeinn\u00fctziger Organisationen. Wir schaffen einen Mehrwert, der Menschen hilft und unsere Umwelt sch\u00fctzt. <\/p>\n\n\n\n<p class=\"has-text-align-center has-nv-text-dark-bg-color has-text-color has-link-color wp-elements-d479df56cacdd84d1b037b4accd1ab9f\">Erfahren Sie, wie wir uns engagieren, was uns am Herzen liegt und wie wir gemeinsam mit unserem Team und unseren Partnern einen positiven Unterschied machen.<\/p>\n<\/div><\/div>\n\n\n\n<div class=\"wp-block-cover has-neve-text-color-color has-text-color has-link-color wp-elements-8b0a9c75978f3c43134939fea8671f31\" style=\"padding-right:var(--wp--preset--spacing--80);padding-left:var(--wp--preset--spacing--80)\"><span aria-hidden=\"true\" class=\"wp-block-cover__background has-nv-site-bg-background-color has-background-dim-100 has-background-dim\"><\/span><div class=\"wp-block-cover__inner-container is-layout-constrained wp-container-core-cover-is-layout-8de92ddb wp-block-cover-is-layout-constrained\">\n<div style=\"height:100px\" aria-hidden=\"true\" class=\"wp-block-spacer\"><\/div>\n\n\n\n<p class=\"has-text-align-center has-large-font-size\">Latest articles<\/p>\n\n\n<div class=\"is-style-boxed wp-block-themeisle-blocks-posts-grid\" id=\"wp-block-themeisle-blocks-posts-grid-d5bcf98a\"><div class=\"is-grid o-posts-grid-columns-3\"><div class=\"o-posts-grid-post-blog o-posts-grid-post-plain\"><div class=\"o-posts-grid-post\"><div class=\"o-posts-grid-post-image\"><a href=\"https:\/\/nuvenio.de\/en\/weihnachtsaktion-2025\/\"><img data-opt-id=985155717  fetchpriority=\"high\" decoding=\"async\" width=\"300\" height=\"200\" src=\"https:\/\/ml69d2jesubm.i.optimole.com\/w:300\/h:200\/q:mauto\/ig:avif\/https:\/\/nuvenio.de\/wp-content\/uploads\/2025\/12\/Weihnachtsaktion-2025.png\" class=\"attachment-medium size-medium\" alt=\"Weihnachtsaktion 2025\" srcset=\"https:\/\/ml69d2jesubm.i.optimole.com\/w:300\/h:200\/q:mauto\/ig:avif\/https:\/\/nuvenio.de\/wp-content\/uploads\/2025\/12\/Weihnachtsaktion-2025.png 300w, https:\/\/ml69d2jesubm.i.optimole.com\/w:768\/h:512\/q:mauto\/ig:avif\/https:\/\/nuvenio.de\/wp-content\/uploads\/2025\/12\/Weihnachtsaktion-2025.png 768w, https:\/\/ml69d2jesubm.i.optimole.com\/w:18\/h:12\/q:mauto\/ig:avif\/dpr:2\/https:\/\/nuvenio.de\/wp-content\/uploads\/2025\/12\/Weihnachtsaktion-2025.png 18w, https:\/\/ml69d2jesubm.i.optimole.com\/w:930\/h:620\/q:mauto\/ig:avif\/https:\/\/nuvenio.de\/wp-content\/uploads\/2025\/12\/Weihnachtsaktion-2025.png 930w, https:\/\/ml69d2jesubm.i.optimole.com\/w:1000\/h:667\/q:mauto\/ig:avif\/https:\/\/nuvenio.de\/wp-content\/uploads\/2025\/12\/Weihnachtsaktion-2025.png 1000w\" sizes=\"(max-width: 300px) 100vw, 300px\" \/><\/a><\/div><div class=\"o-posts-grid-post-body\"><h4 class=\"o-posts-grid-post-title\"><a href=\"https:\/\/nuvenio.de\/en\/weihnachtsaktion-2025\/\">Weihnachtsaktion 2025<\/a><\/h4><div class=\"o-posts-grid-post-description\"><p>Auch 2025 f\u00fchren wir bei nuvenio unsere Weihnachtsspendenaktion fort. F\u00fcr uns geh\u00f6rt es einfach dazu, am Jahresende bewusst etwas zur\u00fcckzugeben. Wie jedes Jahr kommt die Auswahl direkt aus dem Team: J\u2026<\/p><a class=\"o-posts-read-more\" href=\"https:\/\/nuvenio.de\/en\/weihnachtsaktion-2025\/\">Read More<\/a><\/div><\/div><\/div><\/div><div class=\"o-posts-grid-post-blog o-posts-grid-post-plain\"><div class=\"o-posts-grid-post\"><div class=\"o-posts-grid-post-image\"><a href=\"https:\/\/nuvenio.de\/en\/corporate-responsibility-bei-nuvenio-engagement-im-verein\/\"><img data-opt-id=857677096  data-opt-src=\"https:\/\/ml69d2jesubm.i.optimole.com\/w:300\/h:200\/q:mauto\/ig:avif\/https:\/\/nuvenio.de\/wp-content\/uploads\/2025\/08\/pexels-pixabay-209977.jpg\"  decoding=\"async\" width=\"300\" height=\"200\" src=\"data:image/svg+xml,%3Csvg%20viewBox%3D%220%200%20300%20200%22%20width%3D%22300%22%20height%3D%22200%22%20xmlns%3D%22http%3A%2F%2Fwww.w3.org%2F2000%2Fsvg%22%3E%3Crect%20width%3D%22300%22%20height%3D%22200%22%20fill%3D%22transparent%22%2F%3E%3C%2Fsvg%3E\" class=\"attachment-medium size-medium\" alt=\"Sport M\u00fcller Cup &#8217;25\" old-srcset=\"https:\/\/ml69d2jesubm.i.optimole.com\/w:300\/h:200\/q:mauto\/ig:avif\/https:\/\/nuvenio.de\/wp-content\/uploads\/2025\/08\/pexels-pixabay-209977-scaled.jpg 300w, https:\/\/ml69d2jesubm.i.optimole.com\/w:1024\/h:684\/q:mauto\/ig:avif\/https:\/\/nuvenio.de\/wp-content\/uploads\/2025\/08\/pexels-pixabay-209977-scaled.jpg 1024w, https:\/\/ml69d2jesubm.i.optimole.com\/w:768\/h:513\/q:mauto\/ig:avif\/https:\/\/nuvenio.de\/wp-content\/uploads\/2025\/08\/pexels-pixabay-209977-scaled.jpg 768w, https:\/\/ml69d2jesubm.i.optimole.com\/w:1536\/h:1025\/q:mauto\/ig:avif\/https:\/\/nuvenio.de\/wp-content\/uploads\/2025\/08\/pexels-pixabay-209977-scaled.jpg 1536w, https:\/\/ml69d2jesubm.i.optimole.com\/w:1618\/h:1080\/q:mauto\/ig:avif\/https:\/\/nuvenio.de\/wp-content\/uploads\/2025\/08\/pexels-pixabay-209977-scaled.jpg 2048w, https:\/\/ml69d2jesubm.i.optimole.com\/w:18\/h:12\/q:mauto\/ig:avif\/dpr:2\/https:\/\/nuvenio.de\/wp-content\/uploads\/2025\/08\/pexels-pixabay-209977-scaled.jpg 18w, https:\/\/ml69d2jesubm.i.optimole.com\/w:930\/h:620\/q:mauto\/ig:avif\/https:\/\/nuvenio.de\/wp-content\/uploads\/2025\/08\/pexels-pixabay-209977-scaled.jpg 930w\" \/><\/a><\/div><div class=\"o-posts-grid-post-body\"><h4 class=\"o-posts-grid-post-title\"><a href=\"https:\/\/nuvenio.de\/en\/corporate-responsibility-bei-nuvenio-engagement-im-verein\/\">Sport M\u00fcller Cup &#8217;25<\/a><\/h4><div class=\"o-posts-grid-post-description\"><p>Bei nuvenio verstehen wir unter Corporate Responsibility nicht nur nachhaltiges Wirtschaften, sondern auch den pers\u00f6nlichen Einsatz f\u00fcr unsere Gesellschaft. Engagement beginnt dort, wo man Zeit, Wisse\u2026<\/p><a class=\"o-posts-read-more\" href=\"https:\/\/nuvenio.de\/en\/corporate-responsibility-bei-nuvenio-engagement-im-verein\/\">Read More<\/a><\/div><\/div><\/div><\/div><div class=\"o-posts-grid-post-blog o-posts-grid-post-plain\"><div class=\"o-posts-grid-post\"><div class=\"o-posts-grid-post-image\"><a href=\"https:\/\/nuvenio.de\/en\/wir-sind-teil-der-1-pledge-initiative-verantwortung-uebernehmen\/\"><img data-opt-id=1212080237  data-opt-src=\"https:\/\/ml69d2jesubm.i.optimole.com\/w:289\/h:300\/q:mauto\/ig:avif\/https:\/\/nuvenio.de\/wp-content\/uploads\/2025\/07\/Pledge1_Logo_Stacked_Black.png\"  decoding=\"async\" width=\"289\" height=\"300\" src=\"data:image/svg+xml,%3Csvg%20viewBox%3D%220%200%20289%20300%22%20width%3D%22289%22%20height%3D%22300%22%20xmlns%3D%22http%3A%2F%2Fwww.w3.org%2F2000%2Fsvg%22%3E%3Crect%20width%3D%22289%22%20height%3D%22300%22%20fill%3D%22transparent%22%2F%3E%3C%2Fsvg%3E\" class=\"attachment-medium size-medium\" alt=\"Wir sind Teil der 1% Pledge Initiative \u2013 Verantwortung \u00fcbernehmen\" old-srcset=\"https:\/\/ml69d2jesubm.i.optimole.com\/w:289\/h:300\/q:mauto\/ig:avif\/https:\/\/nuvenio.de\/wp-content\/uploads\/2025\/07\/Pledge1_Logo_Stacked_Black.png 289w, https:\/\/ml69d2jesubm.i.optimole.com\/w:986\/h:1024\/q:mauto\/ig:avif\/https:\/\/nuvenio.de\/wp-content\/uploads\/2025\/07\/Pledge1_Logo_Stacked_Black.png 986w, https:\/\/ml69d2jesubm.i.optimole.com\/w:768\/h:797\/q:mauto\/ig:avif\/https:\/\/nuvenio.de\/wp-content\/uploads\/2025\/07\/Pledge1_Logo_Stacked_Black.png 768w, https:\/\/ml69d2jesubm.i.optimole.com\/w:12\/h:12\/q:mauto\/ig:avif\/dpr:2\/https:\/\/nuvenio.de\/wp-content\/uploads\/2025\/07\/Pledge1_Logo_Stacked_Black.png 12w, https:\/\/ml69d2jesubm.i.optimole.com\/w:1040\/h:1080\/q:mauto\/ig:avif\/https:\/\/nuvenio.de\/wp-content\/uploads\/2025\/07\/Pledge1_Logo_Stacked_Black.png 1285w\" \/><\/a><\/div><div class=\"o-posts-grid-post-body\"><h4 class=\"o-posts-grid-post-title\"><a href=\"https:\/\/nuvenio.de\/en\/wir-sind-teil-der-1-pledge-initiative-verantwortung-uebernehmen\/\">Wir sind Teil der 1% Pledge Initiative \u2013 Verantwortung \u00fcbernehmen<\/a><\/h4><div class=\"o-posts-grid-post-description\"><p>Manchmal sind es die kleinen Entscheidungen, die langfristig einen gro\u00dfen Unterschied machen. Wir haben uns entschieden, Teil der Pledge 1% Bewegung zu werden \u2013 einer weltweiten Initiative, bei der Un\u2026<\/p><a class=\"o-posts-read-more\" href=\"https:\/\/nuvenio.de\/en\/wir-sind-teil-der-1-pledge-initiative-verantwortung-uebernehmen\/\">Read More<\/a><\/div><\/div><\/div><\/div><div class=\"o-posts-grid-post-blog o-posts-grid-post-plain\"><div class=\"o-posts-grid-post\"><div class=\"o-posts-grid-post-image\"><a href=\"https:\/\/nuvenio.de\/en\/weihnachten-2024\/\"><img data-opt-id=1191198305  data-opt-src=\"https:\/\/ml69d2jesubm.i.optimole.com\/w:300\/h:169\/q:mauto\/ig:avif\/https:\/\/nuvenio.de\/wp-content\/uploads\/2024\/12\/beitragsbild-v1-e1733398295560.png\"  decoding=\"async\" width=\"300\" height=\"169\" src=\"data:image/svg+xml,%3Csvg%20viewBox%3D%220%200%20300%20169%22%20width%3D%22300%22%20height%3D%22169%22%20xmlns%3D%22http%3A%2F%2Fwww.w3.org%2F2000%2Fsvg%22%3E%3Crect%20width%3D%22300%22%20height%3D%22169%22%20fill%3D%22transparent%22%2F%3E%3C%2Fsvg%3E\" class=\"attachment-medium size-medium\" alt=\"Weihnachten 2024: Wir geben gemeinsam zur\u00fcck\" old-srcset=\"https:\/\/ml69d2jesubm.i.optimole.com\/w:300\/h:169\/q:mauto\/ig:avif\/https:\/\/nuvenio.de\/wp-content\/uploads\/2024\/12\/beitragsbild-v1-e1733398295560.png 300w, https:\/\/ml69d2jesubm.i.optimole.com\/w:1024\/h:578\/q:mauto\/ig:avif\/https:\/\/nuvenio.de\/wp-content\/uploads\/2024\/12\/beitragsbild-v1-e1733398295560.png 1024w, https:\/\/ml69d2jesubm.i.optimole.com\/w:768\/h:434\/q:mauto\/ig:avif\/https:\/\/nuvenio.de\/wp-content\/uploads\/2024\/12\/beitragsbild-v1-e1733398295560.png 768w, https:\/\/ml69d2jesubm.i.optimole.com\/w:18\/h:10\/q:mauto\/ig:avif\/dpr:2\/https:\/\/nuvenio.de\/wp-content\/uploads\/2024\/12\/beitragsbild-v1-e1733398295560.png 18w, https:\/\/ml69d2jesubm.i.optimole.com\/w:1470\/h:830\/q:mauto\/ig:avif\/https:\/\/nuvenio.de\/wp-content\/uploads\/2024\/12\/beitragsbild-v1-e1733398295560.png 1470w\" \/><\/a><\/div><div class=\"o-posts-grid-post-body\"><h4 class=\"o-posts-grid-post-title\"><a href=\"https:\/\/nuvenio.de\/en\/weihnachten-2024\/\">Christmas 2024: We give back together<\/a><\/h4><div class=\"o-posts-grid-post-description\"><p>The Christmas season is a special opportunity to pause and show gratitude - not only for successes, but also for the opportunity to help others. That's why this year's Christmas...<\/p><a class=\"o-posts-read-more\" href=\"https:\/\/nuvenio.de\/en\/weihnachten-2024\/\">Read More<\/a><\/div><\/div><\/div><\/div><div class=\"o-posts-grid-post-blog o-posts-grid-post-plain\"><div class=\"o-posts-grid-post\"><div class=\"o-posts-grid-post-image\"><a href=\"https:\/\/nuvenio.de\/en\/spielerpatenschaft-tus-steisslingen\/\"><img data-opt-id=624502930  data-opt-src=\"https:\/\/ml69d2jesubm.i.optimole.com\/w:300\/h:169\/q:mauto\/ig:avif\/https:\/\/nuvenio.de\/wp-content\/uploads\/2024\/10\/tus-1-e1733398258963.jpg\"  decoding=\"async\" width=\"300\" height=\"169\" src=\"data:image/svg+xml,%3Csvg%20viewBox%3D%220%200%20300%20169%22%20width%3D%22300%22%20height%3D%22169%22%20xmlns%3D%22http%3A%2F%2Fwww.w3.org%2F2000%2Fsvg%22%3E%3Crect%20width%3D%22300%22%20height%3D%22169%22%20fill%3D%22transparent%22%2F%3E%3C%2Fsvg%3E\" class=\"attachment-medium size-medium\" alt=\"Spielerpatenschaft TuS Stei\u00dflingen\" old-srcset=\"https:\/\/ml69d2jesubm.i.optimole.com\/w:300\/h:169\/q:mauto\/ig:avif\/https:\/\/nuvenio.de\/wp-content\/uploads\/2024\/10\/tus-1-e1733398258963.jpg 300w, https:\/\/ml69d2jesubm.i.optimole.com\/w:1024\/h:577\/q:mauto\/ig:avif\/https:\/\/nuvenio.de\/wp-content\/uploads\/2024\/10\/tus-1-e1733398258963.jpg 1024w, https:\/\/ml69d2jesubm.i.optimole.com\/w:768\/h:433\/q:mauto\/ig:avif\/https:\/\/nuvenio.de\/wp-content\/uploads\/2024\/10\/tus-1-e1733398258963.jpg 768w, https:\/\/ml69d2jesubm.i.optimole.com\/w:18\/h:10\/q:mauto\/ig:avif\/dpr:2\/https:\/\/nuvenio.de\/wp-content\/uploads\/2024\/10\/tus-1-e1733398258963.jpg 18w, https:\/\/ml69d2jesubm.i.optimole.com\/w:1040\/h:586\/q:mauto\/ig:avif\/https:\/\/nuvenio.de\/wp-content\/uploads\/2024\/10\/tus-1-e1733398258963.jpg 1040w\" \/><\/a><\/div><div class=\"o-posts-grid-post-body\"><h4 class=\"o-posts-grid-post-title\"><a href=\"https:\/\/nuvenio.de\/en\/spielerpatenschaft-tus-steisslingen\/\">Player sponsorship TuS Stei\u00dflingen<\/a><\/h4><div class=\"o-posts-grid-post-description\"><p>We are delighted to have taken over the player sponsorship for Daniel Weber, captain of the TuS Stei\u00dflingen men's team. As a company, it is important to us to support local clubs that want to help...<\/p><a class=\"o-posts-read-more\" href=\"https:\/\/nuvenio.de\/en\/spielerpatenschaft-tus-steisslingen\/\">Read More<\/a><\/div><\/div><\/div><\/div><\/div> <\/div><\/div><\/div>","protected":false},"excerpt":{"rendered":"","protected":false},"author":1,"featured_media":0,"parent":0,"menu_order":0,"comment_status":"closed","ping_status":"closed","template":"page-templates\/template-pagebuilder-full-width.php","meta":{"_acf_changed":false,"neve_meta_sidebar":"","neve_meta_container":"","neve_meta_enable_content_width":"","neve_meta_content_width":0,"neve_meta_title_alignment":"","neve_meta_author_avatar":"","neve_post_elements_order":"","neve_meta_disable_header":"off","neve_meta_disable_footer":"","neve_meta_disable_title":"on","neve_meta_reading_time":"","_themeisle_gutenberg_block_has_review":false,"footnotes":""},"class_list":["post-1109","page","type-page","status-publish","hentry"],"acf":{"sf_recordid":""},"yoast_head":"<!-- This site is optimized with the Yoast SEO plugin v27.4 - https:\/\/yoast.com\/product\/yoast-seo-wordpress\/ -->\n<title>Soziales Engagement - nuvenio<\/title>\n<meta name=\"robots\" content=\"index, follow, max-snippet:-1, max-image-preview:large, max-video-preview:-1\" \/>\n<link rel=\"canonical\" href=\"https:\/\/nuvenio.de\/en\/csr\/\" \/>\n<meta property=\"og:locale\" content=\"en_US\" \/>\n<meta property=\"og:type\" content=\"article\" \/>\n<meta property=\"og:title\" content=\"Soziales Engagement - nuvenio\" \/>\n<meta property=\"og:url\" content=\"https:\/\/nuvenio.de\/en\/csr\/\" \/>\n<meta property=\"og:site_name\" content=\"nuvenio\" \/>\n<meta property=\"article:modified_time\" content=\"2025-10-13T19:45:46+00:00\" \/>\n<meta property=\"og:image\" content=\"https:\/\/ml69d2jesubm.i.optimole.com\/w:auto\/h:auto\/q:mauto\/ig:avif\/https:\/\/nuvenio.de\/wp-content\/uploads\/2024\/12\/pexels-minan1398-1230157-scaled.jpg\" \/>\n\t<meta property=\"og:image:width\" content=\"2560\" \/>\n\t<meta property=\"og:image:height\" content=\"1670\" \/>\n\t<meta property=\"og:image:type\" content=\"image\/jpeg\" \/>\n<meta name=\"twitter:card\" content=\"summary_large_image\" \/>\n<meta name=\"twitter:label1\" content=\"Est. reading time\" \/>\n\t<meta name=\"twitter:data1\" content=\"1 minute\" \/>\n<script type=\"application\/ld+json\" class=\"yoast-schema-graph\">{\"@context\":\"https:\\\/\\\/schema.org\",\"@graph\":[{\"@type\":\"WebPage\",\"@id\":\"https:\\\/\\\/nuvenio.de\\\/csr\\\/\",\"url\":\"https:\\\/\\\/nuvenio.de\\\/csr\\\/\",\"name\":\"Soziales Engagement - nuvenio\",\"isPartOf\":{\"@id\":\"https:\\\/\\\/nuvenio.de\\\/#website\"},\"primaryImageOfPage\":{\"@id\":\"https:\\\/\\\/nuvenio.de\\\/csr\\\/#primaryimage\"},\"image\":{\"@id\":\"https:\\\/\\\/nuvenio.de\\\/csr\\\/#primaryimage\"},\"thumbnailUrl\":\"https:\\/\\/nuvenio.de\\/wp-content\\/uploads\\/2024\\/12\\/pexels-minan1398-1230157-scaled.jpg\",\"datePublished\":\"2024-12-04T12:37:10+00:00\",\"dateModified\":\"2025-10-13T19:45:46+00:00\",\"breadcrumb\":{\"@id\":\"https:\\\/\\\/nuvenio.de\\\/csr\\\/#breadcrumb\"},\"inLanguage\":\"en-US\",\"potentialAction\":[{\"@type\":\"ReadAction\",\"target\":[\"https:\\\/\\\/nuvenio.de\\\/csr\\\/\"]}]},{\"@type\":\"ImageObject\",\"inLanguage\":\"en-US\",\"@id\":\"https:\\\/\\\/nuvenio.de\\\/csr\\\/#primaryimage\",\"url\":\"https:\\/\\/nuvenio.de\\/wp-content\\/uploads\\/2024\\/12\\/pexels-minan1398-1230157-scaled.jpg\",\"contentUrl\":\"https:\\/\\/nuvenio.de\\/wp-content\\/uploads\\/2024\\/12\\/pexels-minan1398-1230157-scaled.jpg\"},{\"@type\":\"BreadcrumbList\",\"@id\":\"https:\\\/\\\/nuvenio.de\\\/csr\\\/#breadcrumb\",\"itemListElement\":[{\"@type\":\"ListItem\",\"position\":1,\"name\":\"Startseite\",\"item\":\"https:\\\/\\\/nuvenio.de\\\/\"},{\"@type\":\"ListItem\",\"position\":2,\"name\":\"Soziales Engagement\"}]},{\"@type\":\"WebSite\",\"@id\":\"https:\\\/\\\/nuvenio.de\\\/#website\",\"url\":\"https:\\\/\\\/nuvenio.de\\\/\",\"name\":\"nuvenio\",\"description\":\"Salesforce Consulting\",\"publisher\":{\"@id\":\"https:\\\/\\\/nuvenio.de\\\/#organization\"},\"potentialAction\":[{\"@type\":\"SearchAction\",\"target\":{\"@type\":\"EntryPoint\",\"urlTemplate\":\"https:\\\/\\\/nuvenio.de\\\/?s={search_term_string}\"},\"query-input\":{\"@type\":\"PropertyValueSpecification\",\"valueRequired\":true,\"valueName\":\"search_term_string\"}}],\"inLanguage\":\"en-US\"},{\"@type\":\"Organization\",\"@id\":\"https:\\\/\\\/nuvenio.de\\\/#organization\",\"name\":\"nuvenio\",\"url\":\"https:\\\/\\\/nuvenio.de\\\/\",\"logo\":{\"@type\":\"ImageObject\",\"inLanguage\":\"en-US\",\"@id\":\"https:\\\/\\\/nuvenio.de\\\/#\\\/schema\\\/logo\\\/image\\\/\",\"url\":\"https:\\/\\/nuvenio.de\\/wp-content\\/uploads\\/2024\\/01\\/nunx-logo-02-e1706099563728.png\",\"contentUrl\":\"https:\\/\\/nuvenio.de\\/wp-content\\/uploads\\/2024\\/01\\/nunx-logo-02-e1706099563728.png\",\"width\":4000,\"height\":3459,\"caption\":\"nuvenio\"},\"image\":{\"@id\":\"https:\\\/\\\/nuvenio.de\\\/#\\\/schema\\\/logo\\\/image\\\/\"},\"sameAs\":[\"https:\\\/\\\/www.linkedin.com\\\/company\\\/nuvenio\\\/\"]}]}<\/script>\n<!-- \/ Yoast SEO plugin. -->","yoast_head_json":{"title":"Soziales Engagement - nuvenio","robots":{"index":"index","follow":"follow","max-snippet":"max-snippet:-1","max-image-preview":"max-image-preview:large","max-video-preview":"max-video-preview:-1"},"canonical":"https:\/\/nuvenio.de\/en\/csr\/","og_locale":"en_US","og_type":"article","og_title":"Soziales Engagement - nuvenio","og_url":"https:\/\/nuvenio.de\/en\/csr\/","og_site_name":"nuvenio","article_modified_time":"2025-10-13T19:45:46+00:00","og_image":[{"width":2560,"height":1670,"url":"https:\/\/ml69d2jesubm.i.optimole.com\/w:auto\/h:auto\/q:mauto\/ig:avif\/https:\/\/nuvenio.de\/wp-content\/uploads\/2024\/12\/pexels-minan1398-1230157-scaled.jpg","type":"image\/jpeg"}],"twitter_card":"summary_large_image","twitter_misc":{"Est. reading time":"1 minute"},"schema":{"@context":"https:\/\/schema.org","@graph":[{"@type":"WebPage","@id":"https:\/\/nuvenio.de\/csr\/","url":"https:\/\/nuvenio.de\/csr\/","name":"Soziales Engagement - nuvenio","isPartOf":{"@id":"https:\/\/nuvenio.de\/#website"},"primaryImageOfPage":{"@id":"https:\/\/nuvenio.de\/csr\/#primaryimage"},"image":{"@id":"https:\/\/nuvenio.de\/csr\/#primaryimage"},"thumbnailUrl":"https:\/\/ml69d2jesubm.i.optimole.com\/w:auto\/h:auto\/q:mauto\/ig:avif\/https:\/\/nuvenio.de\/wp-content\/uploads\/2024\/12\/pexels-minan1398-1230157-scaled.jpg","datePublished":"2024-12-04T12:37:10+00:00","dateModified":"2025-10-13T19:45:46+00:00","breadcrumb":{"@id":"https:\/\/nuvenio.de\/csr\/#breadcrumb"},"inLanguage":"en-US","potentialAction":[{"@type":"ReadAction","target":["https:\/\/nuvenio.de\/csr\/"]}]},{"@type":"ImageObject","inLanguage":"en-US","@id":"https:\/\/nuvenio.de\/csr\/#primaryimage","url":"https:\/\/ml69d2jesubm.i.optimole.com\/w:auto\/h:auto\/q:mauto\/ig:avif\/https:\/\/nuvenio.de\/wp-content\/uploads\/2024\/12\/pexels-minan1398-1230157-scaled.jpg","contentUrl":"https:\/\/ml69d2jesubm.i.optimole.com\/w:auto\/h:auto\/q:mauto\/ig:avif\/https:\/\/nuvenio.de\/wp-content\/uploads\/2024\/12\/pexels-minan1398-1230157-scaled.jpg"},{"@type":"BreadcrumbList","@id":"https:\/\/nuvenio.de\/csr\/#breadcrumb","itemListElement":[{"@type":"ListItem","position":1,"name":"Startseite","item":"https:\/\/nuvenio.de\/"},{"@type":"ListItem","position":2,"name":"Soziales Engagement"}]},{"@type":"WebSite","@id":"https:\/\/nuvenio.de\/#website","url":"https:\/\/nuvenio.de\/","name":"nuvenio","description":"Salesforce Consulting","publisher":{"@id":"https:\/\/nuvenio.de\/#organization"},"potentialAction":[{"@type":"SearchAction","target":{"@type":"EntryPoint","urlTemplate":"https:\/\/nuvenio.de\/?s={search_term_string}"},"query-input":{"@type":"PropertyValueSpecification","valueRequired":true,"valueName":"search_term_string"}}],"inLanguage":"en-US"},{"@type":"Organization","@id":"https:\/\/nuvenio.de\/#organization","name":"nuvenio","url":"https:\/\/nuvenio.de\/","logo":{"@type":"ImageObject","inLanguage":"en-US","@id":"https:\/\/nuvenio.de\/#\/schema\/logo\/image\/","url":"https:\/\/ml69d2jesubm.i.optimole.com\/w:auto\/h:auto\/q:mauto\/ig:avif\/https:\/\/nuvenio.de\/wp-content\/uploads\/2024\/01\/nunx-logo-02-e1706099563728.png","contentUrl":"https:\/\/ml69d2jesubm.i.optimole.com\/w:auto\/h:auto\/q:mauto\/ig:avif\/https:\/\/nuvenio.de\/wp-content\/uploads\/2024\/01\/nunx-logo-02-e1706099563728.png","width":4000,"height":3459,"caption":"nuvenio"},"image":{"@id":"https:\/\/nuvenio.de\/#\/schema\/logo\/image\/"},"sameAs":["https:\/\/www.linkedin.com\/company\/nuvenio\/"]}]}},"jetpack_sharing_enabled":true,"_links":{"self":[{"href":"https:\/\/nuvenio.de\/en\/wp-json\/wp\/v2\/pages\/1109","targetHints":{"allow":["GET"]}}],"collection":[{"href":"https:\/\/nuvenio.de\/en\/wp-json\/wp\/v2\/pages"}],"about":[{"href":"https:\/\/nuvenio.de\/en\/wp-json\/wp\/v2\/types\/page"}],"author":[{"embeddable":true,"href":"https:\/\/nuvenio.de\/en\/wp-json\/wp\/v2\/users\/1"}],"replies":[{"embeddable":true,"href":"https:\/\/nuvenio.de\/en\/wp-json\/wp\/v2\/comments?post=1109"}],"version-history":[{"count":21,"href":"https:\/\/nuvenio.de\/en\/wp-json\/wp\/v2\/pages\/1109\/revisions"}],"predecessor-version":[{"id":1396,"href":"https:\/\/nuvenio.de\/en\/wp-json\/wp\/v2\/pages\/1109\/revisions\/1396"}],"wp:attachment":[{"href":"https:\/\/nuvenio.de\/en\/wp-json\/wp\/v2\/media?parent=1109"}],"curies":[{"name":"wp","href":"https:\/\/api.w.org\/{rel}","templated":true}]}}