{"id":1084,"date":"2024-11-07T16:30:46","date_gmt":"2024-11-07T15:30:46","guid":{"rendered":"https:\/\/nuvenio.de\/?page_id=1084"},"modified":"2024-11-07T16:43:31","modified_gmt":"2024-11-07T15:43:31","slug":"success-story-dokumenten-automatisierung-2-0","status":"publish","type":"page","link":"https:\/\/nuvenio.de\/en\/success-story-dokumenten-automatisierung-2-0\/","title":{"rendered":"Success Story: Dokumenten-Automatisierung 2.0"},"content":{"rendered":"<h4 class=\"wp-block-heading\">Hier lesen Sie in K\u00fcrze unsere Success Story zur Dokumenten-Automatisierung.<\/h4>\n\n\n\n<p>Um die Zeit bis dahin zu \u00fcberbr\u00fccken, empfehlen wir Ihnen einen Blick in das Interview unseres Partners Documill (Dokumenten-Generierung, Automatisierung und Workflow-Management) zu werfen. Unser Gesch\u00e4ftsf\u00fchrer Maximilian Wingberm\u00fchle hat hier interessante Einblicke in das Projektgesch\u00e4ft, unseren Teamgedanken und nat\u00fcrlich zu Dokumenten-Generierung geteilt:<br>Zum Artikel (Englisch): <a href=\"https:\/\/documill.com\/blog\/nuvenio-ensures-quality-by-building-team-spirit\/ \">https:\/\/documill.com\/blog\/nuvenio-ensures-quality-by-building-team-spirit\/ <\/a><\/p>\n\n\n\n<hr class=\"wp-block-separator has-alpha-channel-opacity\"\/>\n\n\n\n<div class=\"wp-block-cover alignfull\" style=\"min-height:100vh;aspect-ratio:unset;\"><span aria-hidden=\"true\" class=\"wp-block-cover__background has-neve-text-color-background-color has-background-dim-80 has-background-dim\"><\/span><img data-opt-id=221048448  fetchpriority=\"high\" decoding=\"async\" width=\"2560\" height=\"1910\" class=\"wp-block-cover__image-background wp-image-751\" alt=\"\" src=\"https:\/\/ml69d2jesubm.i.optimole.com\/w:auto\/h:auto\/q:mauto\/ig:avif\/https:\/\/nuvenio.de\/wp-content\/uploads\/2024\/02\/pexels-pixabay-258447-scaled.jpg\" data-object-fit=\"cover\" srcset=\"https:\/\/ml69d2jesubm.i.optimole.com\/w:1447\/h:1080\/q:mauto\/ig:avif\/https:\/\/nuvenio.de\/wp-content\/uploads\/2024\/02\/pexels-pixabay-258447-scaled.jpg 2560w, https:\/\/ml69d2jesubm.i.optimole.com\/w:300\/h:224\/q:mauto\/ig:avif\/https:\/\/nuvenio.de\/wp-content\/uploads\/2024\/02\/pexels-pixabay-258447-scaled.jpg 300w, https:\/\/ml69d2jesubm.i.optimole.com\/w:1024\/h:764\/q:mauto\/ig:avif\/https:\/\/nuvenio.de\/wp-content\/uploads\/2024\/02\/pexels-pixabay-258447-scaled.jpg 1024w, https:\/\/ml69d2jesubm.i.optimole.com\/w:768\/h:573\/q:mauto\/ig:avif\/https:\/\/nuvenio.de\/wp-content\/uploads\/2024\/02\/pexels-pixabay-258447-scaled.jpg 768w, https:\/\/ml69d2jesubm.i.optimole.com\/w:1447\/h:1080\/q:mauto\/ig:avif\/https:\/\/nuvenio.de\/wp-content\/uploads\/2024\/02\/pexels-pixabay-258447-scaled.jpg 1536w, https:\/\/ml69d2jesubm.i.optimole.com\/w:1447\/h:1080\/q:mauto\/ig:avif\/https:\/\/nuvenio.de\/wp-content\/uploads\/2024\/02\/pexels-pixabay-258447-scaled.jpg 2048w\" sizes=\"(max-width: 1200px) 100vw, 1200px\" \/><div class=\"wp-block-cover__inner-container is-layout-constrained wp-block-cover-is-layout-constrained\">\n<h1 class=\"wp-block-heading has-text-align-center has-nv-site-bg-color has-text-color has-link-color wp-elements-0aee5f93ac4afebd8c6affc16b96d864\">Your contact person<\/h1>\n\n\n\n<div id=\"wp-block-themeisle-blocks-advanced-columns-02d445b2\" class=\"wp-block-themeisle-blocks-advanced-columns has-4-columns has-desktop-equal-layout has-tablet-equal-layout has-mobile-collapsedRows-layout has-vertical-unset\"><div class=\"wp-block-themeisle-blocks-advanced-columns-overlay\"><\/div><div class=\"innerblocks-wrap\">\n<div id=\"wp-block-themeisle-blocks-advanced-column-806bedf0\" class=\"wp-block-themeisle-blocks-advanced-column\"><\/div>\n\n\n\n<div id=\"wp-block-themeisle-blocks-advanced-column-39bffe5e\" class=\"wp-block-themeisle-blocks-advanced-column\"><div class=\"wp-block-image is-style-rounded\">\n<figure class=\"aligncenter size-large is-resized has-custom-border\"><img data-opt-id=1802762894  fetchpriority=\"high\" decoding=\"async\" width=\"1024\" height=\"683\" src=\"https:\/\/ml69d2jesubm.i.optimole.com\/w:1024\/h:683\/q:mauto\/ig:avif\/https:\/\/nuvenio.de\/wp-content\/uploads\/2024\/02\/IMG_9718.jpg\" alt=\"\" class=\"wp-image-503\" style=\"border-style:none;border-width:0px;border-radius:100px;aspect-ratio:1;object-fit:cover;width:200px\" srcset=\"https:\/\/ml69d2jesubm.i.optimole.com\/w:1024\/h:683\/q:mauto\/ig:avif\/https:\/\/nuvenio.de\/wp-content\/uploads\/2024\/02\/IMG_9718-scaled.jpg 1024w, https:\/\/ml69d2jesubm.i.optimole.com\/w:300\/h:200\/q:mauto\/ig:avif\/https:\/\/nuvenio.de\/wp-content\/uploads\/2024\/02\/IMG_9718-scaled.jpg 300w, https:\/\/ml69d2jesubm.i.optimole.com\/w:768\/h:512\/q:mauto\/ig:avif\/https:\/\/nuvenio.de\/wp-content\/uploads\/2024\/02\/IMG_9718-scaled.jpg 768w, https:\/\/ml69d2jesubm.i.optimole.com\/w:1536\/h:1024\/q:mauto\/ig:avif\/https:\/\/nuvenio.de\/wp-content\/uploads\/2024\/02\/IMG_9718-scaled.jpg 1536w, https:\/\/ml69d2jesubm.i.optimole.com\/w:1620\/h:1080\/q:mauto\/ig:avif\/https:\/\/nuvenio.de\/wp-content\/uploads\/2024\/02\/IMG_9718-scaled.jpg 2048w, https:\/\/ml69d2jesubm.i.optimole.com\/w:930\/h:620\/q:mauto\/ig:avif\/https:\/\/nuvenio.de\/wp-content\/uploads\/2024\/02\/IMG_9718-scaled.jpg 930w\" sizes=\"(max-width: 1024px) 100vw, 1024px\" \/><\/figure>\n<\/div><\/div>\n\n\n\n<div id=\"wp-block-themeisle-blocks-advanced-column-8025d0db\" class=\"wp-block-themeisle-blocks-advanced-column\">\n<p class=\"has-nv-site-bg-color has-text-color has-link-color has-medium-font-size wp-elements-72acbb3baca98e8b481bd1bc605df81a\">Maximilian Wingberm\u00fchle<br>Gesch\u00e4ftsf\u00fchrer &amp; Salesforce Architekt<\/p>\n\n\n\n<p class=\"has-nv-site-bg-color has-text-color has-link-color has-medium-font-size wp-elements-5c2bf3c2f42f90f8b9d7f159d1104946\">Mail: <a href=\"mailto:max@nuvenio.de\">max@nuvenio.de<\/a><br>Mobil: +49 151 725 428 71<br>LinkedIn: <a href=\"https:\/\/www.linkedin.com\/in\/m21e\/\">linkedin.com\/in\/m21e<\/a><\/p>\n<\/div>\n\n\n\n<div id=\"wp-block-themeisle-blocks-advanced-column-2caffe48\" class=\"wp-block-themeisle-blocks-advanced-column\"><\/div>\n<\/div><\/div>\n\n\n\n<div id=\"wp-block-themeisle-blocks-advanced-columns-9da7bd5a\" class=\"wp-block-themeisle-blocks-advanced-columns has-3-columns has-desktop-equal-layout has-tablet-equal-layout has-mobile-collapsedRows-layout has-vertical-unset\"><div class=\"wp-block-themeisle-blocks-advanced-columns-overlay\"><\/div><div class=\"innerblocks-wrap\">\n<div id=\"wp-block-themeisle-blocks-advanced-column-d88bfaa1\" class=\"wp-block-themeisle-blocks-advanced-column\"><\/div>\n\n\n\n<div id=\"wp-block-themeisle-blocks-advanced-column-28557fac\" class=\"wp-block-themeisle-blocks-advanced-column\">\n<div style=\"position: relative; height:80dvh; overflow:auto;\"> \n  <iframe \n    src=\"https:\/\/app.formbricks.com\/s\/cm989t19s0e5xqv01vidyk5a4\" \n    frameborder=\"0\" style=\"position: absolute; left:0; top:0; width:100%; height:100%; border:0;\">\n  <\/iframe>\n<\/div>\n<\/div>\n\n\n\n<div id=\"wp-block-themeisle-blocks-advanced-column-cdb6a3d8\" class=\"wp-block-themeisle-blocks-advanced-column\"><\/div>\n<\/div><\/div>\n<\/div><\/div>","protected":false},"excerpt":{"rendered":"<p>Hier lesen Sie in K\u00fcrze unsere Success Story zur Dokumenten-Automatisierung. Um die Zeit bis dahin zu \u00fcberbr\u00fccken, empfehlen wir Ihnen einen Blick in das Interview unseres Partners Documill (Dokumenten-Generierung, Automatisierung und Workflow-Management) zu werfen. Unser Gesch\u00e4ftsf\u00fchrer Maximilian Wingberm\u00fchle hat hier interessante Einblicke in das Projektgesch\u00e4ft, unseren Teamgedanken und nat\u00fcrlich zu Dokumenten-Generierung geteilt:Zum Artikel (Englisch): https:\/\/documill.com\/blog\/nuvenio-ensures-quality-by-building-team-spirit\/<\/p>","protected":false},"author":1,"featured_media":0,"parent":0,"menu_order":0,"comment_status":"closed","ping_status":"closed","template":"","meta":{"_acf_changed":false,"neve_meta_sidebar":"","neve_meta_container":"","neve_meta_enable_content_width":"","neve_meta_content_width":0,"neve_meta_title_alignment":"","neve_meta_author_avatar":"","neve_post_elements_order":"","neve_meta_disable_header":"","neve_meta_disable_footer":"","neve_meta_disable_title":"","neve_meta_reading_time":"","_themeisle_gutenberg_block_has_review":false,"footnotes":""},"class_list":["post-1084","page","type-page","status-publish","hentry"],"acf":{"sf_recordid":""},"yoast_head":"<!-- This site is optimized with the Yoast SEO plugin v27.4 - https:\/\/yoast.com\/product\/yoast-seo-wordpress\/ -->\n<title>Success Story: Dokumenten-Automatisierung 2.0 - nuvenio<\/title>\n<meta name=\"robots\" content=\"index, follow, max-snippet:-1, max-image-preview:large, max-video-preview:-1\" \/>\n<link rel=\"canonical\" href=\"https:\/\/nuvenio.de\/en\/success-story-dokumenten-automatisierung-2-0\/\" \/>\n<meta property=\"og:locale\" content=\"en_US\" \/>\n<meta property=\"og:type\" content=\"article\" \/>\n<meta property=\"og:title\" content=\"Success Story: Dokumenten-Automatisierung 2.0 - nuvenio\" \/>\n<meta property=\"og:description\" content=\"Hier lesen Sie in K\u00fcrze unsere Success Story zur Dokumenten-Automatisierung. Um die Zeit bis dahin zu \u00fcberbr\u00fccken, empfehlen wir Ihnen einen Blick in das Interview unseres Partners Documill (Dokumenten-Generierung, Automatisierung und Workflow-Management) zu werfen. Unser Gesch\u00e4ftsf\u00fchrer Maximilian Wingberm\u00fchle hat hier interessante Einblicke in das Projektgesch\u00e4ft, unseren Teamgedanken und nat\u00fcrlich zu Dokumenten-Generierung geteilt:Zum Artikel (Englisch): https:\/\/documill.com\/blog\/nuvenio-ensures-quality-by-building-team-spirit\/\" \/>\n<meta property=\"og:url\" content=\"https:\/\/nuvenio.de\/en\/success-story-dokumenten-automatisierung-2-0\/\" \/>\n<meta property=\"og:site_name\" content=\"nuvenio\" \/>\n<meta property=\"article:modified_time\" content=\"2024-11-07T15:43:31+00:00\" \/>\n<meta name=\"twitter:card\" content=\"summary_large_image\" \/>\n<meta name=\"twitter:label1\" content=\"Est. reading time\" \/>\n\t<meta name=\"twitter:data1\" content=\"1 minute\" \/>\n<script type=\"application\/ld+json\" class=\"yoast-schema-graph\">{\"@context\":\"https:\\\/\\\/schema.org\",\"@graph\":[{\"@type\":\"WebPage\",\"@id\":\"https:\\\/\\\/nuvenio.de\\\/success-story-dokumenten-automatisierung-2-0\\\/\",\"url\":\"https:\\\/\\\/nuvenio.de\\\/success-story-dokumenten-automatisierung-2-0\\\/\",\"name\":\"Success Story: Dokumenten-Automatisierung 2.0 - nuvenio\",\"isPartOf\":{\"@id\":\"https:\\\/\\\/nuvenio.de\\\/#website\"},\"datePublished\":\"2024-11-07T15:30:46+00:00\",\"dateModified\":\"2024-11-07T15:43:31+00:00\",\"breadcrumb\":{\"@id\":\"https:\\\/\\\/nuvenio.de\\\/success-story-dokumenten-automatisierung-2-0\\\/#breadcrumb\"},\"inLanguage\":\"en-US\",\"potentialAction\":[{\"@type\":\"ReadAction\",\"target\":[\"https:\\\/\\\/nuvenio.de\\\/success-story-dokumenten-automatisierung-2-0\\\/\"]}]},{\"@type\":\"BreadcrumbList\",\"@id\":\"https:\\\/\\\/nuvenio.de\\\/success-story-dokumenten-automatisierung-2-0\\\/#breadcrumb\",\"itemListElement\":[{\"@type\":\"ListItem\",\"position\":1,\"name\":\"Startseite\",\"item\":\"https:\\\/\\\/nuvenio.de\\\/\"},{\"@type\":\"ListItem\",\"position\":2,\"name\":\"Success Story: Dokumenten-Automatisierung 2.0\"}]},{\"@type\":\"WebSite\",\"@id\":\"https:\\\/\\\/nuvenio.de\\\/#website\",\"url\":\"https:\\\/\\\/nuvenio.de\\\/\",\"name\":\"nuvenio\",\"description\":\"Salesforce Consulting\",\"publisher\":{\"@id\":\"https:\\\/\\\/nuvenio.de\\\/#organization\"},\"potentialAction\":[{\"@type\":\"SearchAction\",\"target\":{\"@type\":\"EntryPoint\",\"urlTemplate\":\"https:\\\/\\\/nuvenio.de\\\/?s={search_term_string}\"},\"query-input\":{\"@type\":\"PropertyValueSpecification\",\"valueRequired\":true,\"valueName\":\"search_term_string\"}}],\"inLanguage\":\"en-US\"},{\"@type\":\"Organization\",\"@id\":\"https:\\\/\\\/nuvenio.de\\\/#organization\",\"name\":\"nuvenio\",\"url\":\"https:\\\/\\\/nuvenio.de\\\/\",\"logo\":{\"@type\":\"ImageObject\",\"inLanguage\":\"en-US\",\"@id\":\"https:\\\/\\\/nuvenio.de\\\/#\\\/schema\\\/logo\\\/image\\\/\",\"url\":\"https:\\/\\/nuvenio.de\\/wp-content\\/uploads\\/2024\\/01\\/nunx-logo-02-e1706099563728.png\",\"contentUrl\":\"https:\\/\\/nuvenio.de\\/wp-content\\/uploads\\/2024\\/01\\/nunx-logo-02-e1706099563728.png\",\"width\":4000,\"height\":3459,\"caption\":\"nuvenio\"},\"image\":{\"@id\":\"https:\\\/\\\/nuvenio.de\\\/#\\\/schema\\\/logo\\\/image\\\/\"},\"sameAs\":[\"https:\\\/\\\/www.linkedin.com\\\/company\\\/nuvenio\\\/\"]}]}<\/script>\n<!-- \/ Yoast SEO plugin. -->","yoast_head_json":{"title":"Success Story: Dokumenten-Automatisierung 2.0 - nuvenio","robots":{"index":"index","follow":"follow","max-snippet":"max-snippet:-1","max-image-preview":"max-image-preview:large","max-video-preview":"max-video-preview:-1"},"canonical":"https:\/\/nuvenio.de\/en\/success-story-dokumenten-automatisierung-2-0\/","og_locale":"en_US","og_type":"article","og_title":"Success Story: Dokumenten-Automatisierung 2.0 - nuvenio","og_description":"Hier lesen Sie in K\u00fcrze unsere Success Story zur Dokumenten-Automatisierung. Um die Zeit bis dahin zu \u00fcberbr\u00fccken, empfehlen wir Ihnen einen Blick in das Interview unseres Partners Documill (Dokumenten-Generierung, Automatisierung und Workflow-Management) zu werfen. Unser Gesch\u00e4ftsf\u00fchrer Maximilian Wingberm\u00fchle hat hier interessante Einblicke in das Projektgesch\u00e4ft, unseren Teamgedanken und nat\u00fcrlich zu Dokumenten-Generierung geteilt:Zum Artikel (Englisch): https:\/\/documill.com\/blog\/nuvenio-ensures-quality-by-building-team-spirit\/","og_url":"https:\/\/nuvenio.de\/en\/success-story-dokumenten-automatisierung-2-0\/","og_site_name":"nuvenio","article_modified_time":"2024-11-07T15:43:31+00:00","twitter_card":"summary_large_image","twitter_misc":{"Est. reading time":"1 minute"},"schema":{"@context":"https:\/\/schema.org","@graph":[{"@type":"WebPage","@id":"https:\/\/nuvenio.de\/success-story-dokumenten-automatisierung-2-0\/","url":"https:\/\/nuvenio.de\/success-story-dokumenten-automatisierung-2-0\/","name":"Success Story: Dokumenten-Automatisierung 2.0 - nuvenio","isPartOf":{"@id":"https:\/\/nuvenio.de\/#website"},"datePublished":"2024-11-07T15:30:46+00:00","dateModified":"2024-11-07T15:43:31+00:00","breadcrumb":{"@id":"https:\/\/nuvenio.de\/success-story-dokumenten-automatisierung-2-0\/#breadcrumb"},"inLanguage":"en-US","potentialAction":[{"@type":"ReadAction","target":["https:\/\/nuvenio.de\/success-story-dokumenten-automatisierung-2-0\/"]}]},{"@type":"BreadcrumbList","@id":"https:\/\/nuvenio.de\/success-story-dokumenten-automatisierung-2-0\/#breadcrumb","itemListElement":[{"@type":"ListItem","position":1,"name":"Startseite","item":"https:\/\/nuvenio.de\/"},{"@type":"ListItem","position":2,"name":"Success Story: Dokumenten-Automatisierung 2.0"}]},{"@type":"WebSite","@id":"https:\/\/nuvenio.de\/#website","url":"https:\/\/nuvenio.de\/","name":"nuvenio","description":"Salesforce Consulting","publisher":{"@id":"https:\/\/nuvenio.de\/#organization"},"potentialAction":[{"@type":"SearchAction","target":{"@type":"EntryPoint","urlTemplate":"https:\/\/nuvenio.de\/?s={search_term_string}"},"query-input":{"@type":"PropertyValueSpecification","valueRequired":true,"valueName":"search_term_string"}}],"inLanguage":"en-US"},{"@type":"Organization","@id":"https:\/\/nuvenio.de\/#organization","name":"nuvenio","url":"https:\/\/nuvenio.de\/","logo":{"@type":"ImageObject","inLanguage":"en-US","@id":"https:\/\/nuvenio.de\/#\/schema\/logo\/image\/","url":"https:\/\/ml69d2jesubm.i.optimole.com\/w:auto\/h:auto\/q:mauto\/ig:avif\/https:\/\/nuvenio.de\/wp-content\/uploads\/2024\/01\/nunx-logo-02-e1706099563728.png","contentUrl":"https:\/\/ml69d2jesubm.i.optimole.com\/w:auto\/h:auto\/q:mauto\/ig:avif\/https:\/\/nuvenio.de\/wp-content\/uploads\/2024\/01\/nunx-logo-02-e1706099563728.png","width":4000,"height":3459,"caption":"nuvenio"},"image":{"@id":"https:\/\/nuvenio.de\/#\/schema\/logo\/image\/"},"sameAs":["https:\/\/www.linkedin.com\/company\/nuvenio\/"]}]}},"jetpack_sharing_enabled":true,"_links":{"self":[{"href":"https:\/\/nuvenio.de\/en\/wp-json\/wp\/v2\/pages\/1084","targetHints":{"allow":["GET"]}}],"collection":[{"href":"https:\/\/nuvenio.de\/en\/wp-json\/wp\/v2\/pages"}],"about":[{"href":"https:\/\/nuvenio.de\/en\/wp-json\/wp\/v2\/types\/page"}],"author":[{"embeddable":true,"href":"https:\/\/nuvenio.de\/en\/wp-json\/wp\/v2\/users\/1"}],"replies":[{"embeddable":true,"href":"https:\/\/nuvenio.de\/en\/wp-json\/wp\/v2\/comments?post=1084"}],"version-history":[{"count":3,"href":"https:\/\/nuvenio.de\/en\/wp-json\/wp\/v2\/pages\/1084\/revisions"}],"predecessor-version":[{"id":1088,"href":"https:\/\/nuvenio.de\/en\/wp-json\/wp\/v2\/pages\/1084\/revisions\/1088"}],"wp:attachment":[{"href":"https:\/\/nuvenio.de\/en\/wp-json\/wp\/v2\/media?parent=1084"}],"curies":[{"name":"wp","href":"https:\/\/api.w.org\/{rel}","templated":true}]}}